{"id":1386,"date":"2025-08-08T13:07:52","date_gmt":"2025-08-08T13:07:52","guid":{"rendered":"https:\/\/arponambiental.com.ar\/?post_type=product&#038;p=1386"},"modified":"2025-11-12T23:42:13","modified_gmt":"2025-11-12T23:42:13","slug":"urea-granulada-x-50-kg","status":"publish","type":"product","link":"https:\/\/arpon.com.ar\/ambiental\/productos\/espacios-verdes\/urea-granulada-x-50-kg\/","title":{"rendered":"FERTILIZANTE UREA GRANULADA X 50 KG."},"content":{"rendered":"<p>Fertilizante nitrogenado de alta concentraci\u00f3n, ideal para cultivos extensivos y pasturas. La urea granulada es una de las fuentes m\u00e1s utilizadas de nitr\u00f3geno en la agricultura por su r\u00e1pida disponibilidad y eficiencia.<\/p>\n<p>Composici\u00f3n: Nitr\u00f3geno total (N): 46%<br \/>\nPresentaci\u00f3n: Bolsa de 50 kg<br \/>\nAplicaci\u00f3n: Directa al suelo o disuelta en fertirriego<br \/>\nUso agr\u00edcola profesional<br \/>\nMarca: YPF Agro<br \/>\nIndustria Argentina<\/p>\n","protected":false},"excerpt":{"rendered":"<p>Fertilizante nitrogenado granulado con 46% de Nitr\u00f3geno. Alta eficiencia para cultivos extensivos. Presentaci\u00f3n en bolsa de 50 kg.<\/p>\n","protected":false},"featured_media":1387,"template":"","meta":{"_joinchat":[]},"product_brand":[],"product_cat":[165,31],"product_tag":[],"rubro":[],"problematica":[],"class_list":{"0":"post-1386","1":"product","2":"type-product","3":"status-publish","4":"has-post-thumbnail","6":"product_cat-abonos-fertilizantes","7":"product_cat-espacios-verdes","9":"first","10":"instock","11":"shipping-taxable","12":"product-type-simple"},"yoast_head":"<!-- This site is optimized with the Yoast SEO plugin v26.3 - https:\/\/yoast.com\/wordpress\/plugins\/seo\/ -->\n<title>FERTILIZANTE UREA GRANULADA X 50 KG. - Arpon Divisi\u00f3n Ambiental<\/title>\n<meta name=\"robots\" content=\"index, follow, max-snippet:-1, max-image-preview:large, max-video-preview:-1\" \/>\n<link rel=\"canonical\" href=\"https:\/\/arpon.com.ar\/ambiental\/productos\/espacios-verdes\/urea-granulada-x-50-kg\/\" \/>\n<meta property=\"og:locale\" content=\"es_ES\" \/>\n<meta property=\"og:type\" content=\"article\" \/>\n<meta property=\"og:title\" content=\"FERTILIZANTE UREA GRANULADA X 50 KG. - Arpon Divisi\u00f3n Ambiental\" \/>\n<meta property=\"og:description\" content=\"Fertilizante nitrogenado granulado con 46% de Nitr\u00f3geno. Alta eficiencia para cultivos extensivos. Presentaci\u00f3n en bolsa de 50 kg.\" \/>\n<meta property=\"og:url\" content=\"https:\/\/arpon.com.ar\/ambiental\/productos\/espacios-verdes\/urea-granulada-x-50-kg\/\" \/>\n<meta property=\"og:site_name\" content=\"Arpon Divisi\u00f3n Ambiental\" \/>\n<meta property=\"article:modified_time\" content=\"2025-11-12T23:42:13+00:00\" \/>\n<meta property=\"og:image\" content=\"https:\/\/arpon.com.ar\/ambiental\/wp-content\/uploads\/2025\/08\/WhatsApp-Image-2025-08-07-at-12.17.28-1.jpeg\" \/>\n\t<meta property=\"og:image:width\" content=\"1040\" \/>\n\t<meta property=\"og:image:height\" content=\"1600\" \/>\n\t<meta property=\"og:image:type\" content=\"image\/jpeg\" \/>\n<meta name=\"twitter:card\" content=\"summary_large_image\" \/>\n<script type=\"application\/ld+json\" class=\"yoast-schema-graph\">{\"@context\":\"https:\/\/schema.org\",\"@graph\":[{\"@type\":\"WebPage\",\"@id\":\"https:\/\/arpon.com.ar\/ambiental\/productos\/espacios-verdes\/urea-granulada-x-50-kg\/\",\"url\":\"https:\/\/arpon.com.ar\/ambiental\/productos\/espacios-verdes\/urea-granulada-x-50-kg\/\",\"name\":\"FERTILIZANTE UREA GRANULADA X 50 KG. - Arpon Divisi\u00f3n Ambiental\",\"isPartOf\":{\"@id\":\"https:\/\/arponambiental.com.ar\/#website\"},\"primaryImageOfPage\":{\"@id\":\"https:\/\/arpon.com.ar\/ambiental\/productos\/espacios-verdes\/urea-granulada-x-50-kg\/#primaryimage\"},\"image\":{\"@id\":\"https:\/\/arpon.com.ar\/ambiental\/productos\/espacios-verdes\/urea-granulada-x-50-kg\/#primaryimage\"},\"thumbnailUrl\":\"https:\/\/arpon.com.ar\/ambiental\/wp-content\/uploads\/2025\/08\/WhatsApp-Image-2025-08-07-at-12.17.28-1.jpeg\",\"datePublished\":\"2025-08-08T13:07:52+00:00\",\"dateModified\":\"2025-11-12T23:42:13+00:00\",\"breadcrumb\":{\"@id\":\"https:\/\/arpon.com.ar\/ambiental\/productos\/espacios-verdes\/urea-granulada-x-50-kg\/#breadcrumb\"},\"inLanguage\":\"es\",\"potentialAction\":[{\"@type\":\"ReadAction\",\"target\":[\"https:\/\/arpon.com.ar\/ambiental\/productos\/espacios-verdes\/urea-granulada-x-50-kg\/\"]}]},{\"@type\":\"ImageObject\",\"inLanguage\":\"es\",\"@id\":\"https:\/\/arpon.com.ar\/ambiental\/productos\/espacios-verdes\/urea-granulada-x-50-kg\/#primaryimage\",\"url\":\"https:\/\/arpon.com.ar\/ambiental\/wp-content\/uploads\/2025\/08\/WhatsApp-Image-2025-08-07-at-12.17.28-1.jpeg\",\"contentUrl\":\"https:\/\/arpon.com.ar\/ambiental\/wp-content\/uploads\/2025\/08\/WhatsApp-Image-2025-08-07-at-12.17.28-1.jpeg\",\"width\":1040,\"height\":1600},{\"@type\":\"BreadcrumbList\",\"@id\":\"https:\/\/arpon.com.ar\/ambiental\/productos\/espacios-verdes\/urea-granulada-x-50-kg\/#breadcrumb\",\"itemListElement\":[{\"@type\":\"ListItem\",\"position\":1,\"name\":\"Portada\",\"item\":\"https:\/\/arpon.com.ar\/ambiental\/\"},{\"@type\":\"ListItem\",\"position\":2,\"name\":\"Productos\",\"item\":\"https:\/\/arpon.com.ar\/ambiental\/productos\/\"},{\"@type\":\"ListItem\",\"position\":3,\"name\":\"FERTILIZANTE UREA GRANULADA X 50 KG.\"}]},{\"@type\":\"WebSite\",\"@id\":\"https:\/\/arponambiental.com.ar\/#website\",\"url\":\"https:\/\/arponambiental.com.ar\/\",\"name\":\"Arpon Divisi\u00f3n Ambiental\",\"description\":\"\",\"publisher\":{\"@id\":\"https:\/\/arponambiental.com.ar\/#organization\"},\"potentialAction\":[{\"@type\":\"SearchAction\",\"target\":{\"@type\":\"EntryPoint\",\"urlTemplate\":\"https:\/\/arponambiental.com.ar\/?s={search_term_string}\"},\"query-input\":{\"@type\":\"PropertyValueSpecification\",\"valueRequired\":true,\"valueName\":\"search_term_string\"}}],\"inLanguage\":\"es\"},{\"@type\":\"Organization\",\"@id\":\"https:\/\/arponambiental.com.ar\/#organization\",\"name\":\"Arpon Divisi\u00f3n Ambiental\",\"url\":\"https:\/\/arponambiental.com.ar\/\",\"logo\":{\"@type\":\"ImageObject\",\"inLanguage\":\"es\",\"@id\":\"https:\/\/arponambiental.com.ar\/#\/schema\/logo\/image\/\",\"url\":\"https:\/\/arponambiental.com.ar\/wp-content\/uploads\/2019\/08\/arpon-ambiental3.png\",\"contentUrl\":\"https:\/\/arponambiental.com.ar\/wp-content\/uploads\/2019\/08\/arpon-ambiental3.png\",\"width\":798,\"height\":332,\"caption\":\"Arpon Divisi\u00f3n Ambiental\"},\"image\":{\"@id\":\"https:\/\/arponambiental.com.ar\/#\/schema\/logo\/image\/\"}}]}<\/script>\n<!-- \/ Yoast SEO plugin. -->","yoast_head_json":{"title":"FERTILIZANTE UREA GRANULADA X 50 KG. - Arpon Divisi\u00f3n Ambiental","robots":{"index":"index","follow":"follow","max-snippet":"max-snippet:-1","max-image-preview":"max-image-preview:large","max-video-preview":"max-video-preview:-1"},"canonical":"https:\/\/arpon.com.ar\/ambiental\/productos\/espacios-verdes\/urea-granulada-x-50-kg\/","og_locale":"es_ES","og_type":"article","og_title":"FERTILIZANTE UREA GRANULADA X 50 KG. - Arpon Divisi\u00f3n Ambiental","og_description":"Fertilizante nitrogenado granulado con 46% de Nitr\u00f3geno. Alta eficiencia para cultivos extensivos. Presentaci\u00f3n en bolsa de 50 kg.","og_url":"https:\/\/arpon.com.ar\/ambiental\/productos\/espacios-verdes\/urea-granulada-x-50-kg\/","og_site_name":"Arpon Divisi\u00f3n Ambiental","article_modified_time":"2025-11-12T23:42:13+00:00","og_image":[{"width":1040,"height":1600,"url":"https:\/\/arpon.com.ar\/ambiental\/wp-content\/uploads\/2025\/08\/WhatsApp-Image-2025-08-07-at-12.17.28-1.jpeg","type":"image\/jpeg"}],"twitter_card":"summary_large_image","schema":{"@context":"https:\/\/schema.org","@graph":[{"@type":"WebPage","@id":"https:\/\/arpon.com.ar\/ambiental\/productos\/espacios-verdes\/urea-granulada-x-50-kg\/","url":"https:\/\/arpon.com.ar\/ambiental\/productos\/espacios-verdes\/urea-granulada-x-50-kg\/","name":"FERTILIZANTE UREA GRANULADA X 50 KG. - Arpon Divisi\u00f3n Ambiental","isPartOf":{"@id":"https:\/\/arponambiental.com.ar\/#website"},"primaryImageOfPage":{"@id":"https:\/\/arpon.com.ar\/ambiental\/productos\/espacios-verdes\/urea-granulada-x-50-kg\/#primaryimage"},"image":{"@id":"https:\/\/arpon.com.ar\/ambiental\/productos\/espacios-verdes\/urea-granulada-x-50-kg\/#primaryimage"},"thumbnailUrl":"https:\/\/arpon.com.ar\/ambiental\/wp-content\/uploads\/2025\/08\/WhatsApp-Image-2025-08-07-at-12.17.28-1.jpeg","datePublished":"2025-08-08T13:07:52+00:00","dateModified":"2025-11-12T23:42:13+00:00","breadcrumb":{"@id":"https:\/\/arpon.com.ar\/ambiental\/productos\/espacios-verdes\/urea-granulada-x-50-kg\/#breadcrumb"},"inLanguage":"es","potentialAction":[{"@type":"ReadAction","target":["https:\/\/arpon.com.ar\/ambiental\/productos\/espacios-verdes\/urea-granulada-x-50-kg\/"]}]},{"@type":"ImageObject","inLanguage":"es","@id":"https:\/\/arpon.com.ar\/ambiental\/productos\/espacios-verdes\/urea-granulada-x-50-kg\/#primaryimage","url":"https:\/\/arpon.com.ar\/ambiental\/wp-content\/uploads\/2025\/08\/WhatsApp-Image-2025-08-07-at-12.17.28-1.jpeg","contentUrl":"https:\/\/arpon.com.ar\/ambiental\/wp-content\/uploads\/2025\/08\/WhatsApp-Image-2025-08-07-at-12.17.28-1.jpeg","width":1040,"height":1600},{"@type":"BreadcrumbList","@id":"https:\/\/arpon.com.ar\/ambiental\/productos\/espacios-verdes\/urea-granulada-x-50-kg\/#breadcrumb","itemListElement":[{"@type":"ListItem","position":1,"name":"Portada","item":"https:\/\/arpon.com.ar\/ambiental\/"},{"@type":"ListItem","position":2,"name":"Productos","item":"https:\/\/arpon.com.ar\/ambiental\/productos\/"},{"@type":"ListItem","position":3,"name":"FERTILIZANTE UREA GRANULADA X 50 KG."}]},{"@type":"WebSite","@id":"https:\/\/arponambiental.com.ar\/#website","url":"https:\/\/arponambiental.com.ar\/","name":"Arpon Divisi\u00f3n Ambiental","description":"","publisher":{"@id":"https:\/\/arponambiental.com.ar\/#organization"},"potentialAction":[{"@type":"SearchAction","target":{"@type":"EntryPoint","urlTemplate":"https:\/\/arponambiental.com.ar\/?s={search_term_string}"},"query-input":{"@type":"PropertyValueSpecification","valueRequired":true,"valueName":"search_term_string"}}],"inLanguage":"es"},{"@type":"Organization","@id":"https:\/\/arponambiental.com.ar\/#organization","name":"Arpon Divisi\u00f3n Ambiental","url":"https:\/\/arponambiental.com.ar\/","logo":{"@type":"ImageObject","inLanguage":"es","@id":"https:\/\/arponambiental.com.ar\/#\/schema\/logo\/image\/","url":"https:\/\/arponambiental.com.ar\/wp-content\/uploads\/2019\/08\/arpon-ambiental3.png","contentUrl":"https:\/\/arponambiental.com.ar\/wp-content\/uploads\/2019\/08\/arpon-ambiental3.png","width":798,"height":332,"caption":"Arpon Divisi\u00f3n Ambiental"},"image":{"@id":"https:\/\/arponambiental.com.ar\/#\/schema\/logo\/image\/"}}]}},"_links":{"self":[{"href":"https:\/\/arpon.com.ar\/ambiental\/wp-json\/wp\/v2\/product\/1386","targetHints":{"allow":["GET"]}}],"collection":[{"href":"https:\/\/arpon.com.ar\/ambiental\/wp-json\/wp\/v2\/product"}],"about":[{"href":"https:\/\/arpon.com.ar\/ambiental\/wp-json\/wp\/v2\/types\/product"}],"wp:featuredmedia":[{"embeddable":true,"href":"https:\/\/arpon.com.ar\/ambiental\/wp-json\/wp\/v2\/media\/1387"}],"wp:attachment":[{"href":"https:\/\/arpon.com.ar\/ambiental\/wp-json\/wp\/v2\/media?parent=1386"}],"wp:term":[{"taxonomy":"product_brand","embeddable":true,"href":"https:\/\/arpon.com.ar\/ambiental\/wp-json\/wp\/v2\/product_brand?post=1386"},{"taxonomy":"product_cat","embeddable":true,"href":"https:\/\/arpon.com.ar\/ambiental\/wp-json\/wp\/v2\/product_cat?post=1386"},{"taxonomy":"product_tag","embeddable":true,"href":"https:\/\/arpon.com.ar\/ambiental\/wp-json\/wp\/v2\/product_tag?post=1386"},{"taxonomy":"rubro","embeddable":true,"href":"https:\/\/arpon.com.ar\/ambiental\/wp-json\/wp\/v2\/rubro?post=1386"},{"taxonomy":"problematica","embeddable":true,"href":"https:\/\/arpon.com.ar\/ambiental\/wp-json\/wp\/v2\/problematica?post=1386"}],"curies":[{"name":"wp","href":"https:\/\/api.w.org\/{rel}","templated":true}]}}