{"id":1669,"date":"2025-12-30T20:48:41","date_gmt":"2025-12-30T20:48:41","guid":{"rendered":"https:\/\/arpon.com.ar\/ambiental\/?post_type=product&#038;p=1669"},"modified":"2025-12-30T20:49:54","modified_gmt":"2025-12-30T20:49:54","slug":"tocon-concentrado-emulsionable-x-lt","status":"publish","type":"product","link":"https:\/\/arpon.com.ar\/ambiental\/productos\/espacios-verdes\/tocon-concentrado-emulsionable-x-lt\/","title":{"rendered":"TOCON CONCENTRADO EMULSIONABLE X LT."},"content":{"rendered":"<h3 data-start=\"837\" data-end=\"882\">TOCON\u00ae \u2013 Herbicida Selectivo Sist\u00e9mico<\/h3>\n<p data-start=\"884\" data-end=\"1111\"><strong data-start=\"884\" data-end=\"894\">TOCON\u00ae<\/strong> es un herbicida selectivo post-emergente de acci\u00f3n sist\u00e9mica, formulado como <strong data-start=\"972\" data-end=\"1000\">concentrado soluble (SL)<\/strong>, desarrollado para el control eficaz de <strong data-start=\"1041\" data-end=\"1066\">malezas de hoja ancha<\/strong> en \u00e1reas donde se desea conservar gram\u00edneas.<\/p>\n<p data-start=\"1113\" data-end=\"1326\">Su principio activo, <strong data-start=\"1134\" data-end=\"1150\">Aminopyralid<\/strong>, act\u00faa como una <strong data-start=\"1167\" data-end=\"1187\">auxina sint\u00e9tica<\/strong>, generando un crecimiento desordenado que provoca deformaciones, interrupci\u00f3n del desarrollo y muerte progresiva de las malezas sensibles.<\/p>\n<h3 data-start=\"2263\" data-end=\"2300\">Dosis y diluci\u00f3n (orientativa)<\/h3>\n<p data-start=\"2302\" data-end=\"2335\">\u26a0\ufe0f <strong data-start=\"2305\" data-end=\"2335\">Leer marbete antes de usar<\/strong><\/p>\n<p data-start=\"2337\" data-end=\"2407\">Las dosis dependen del tipo de maleza, tama\u00f1o y volumen de aplicaci\u00f3n.<\/p>\n<ul data-start=\"2409\" data-end=\"2519\">\n<li data-start=\"2409\" data-end=\"2454\">\n<p data-start=\"2411\" data-end=\"2454\"><strong data-start=\"2411\" data-end=\"2437\">Volumen de aplicaci\u00f3n:<\/strong><\/p>\n<\/li>\n<li data-start=\"2455\" data-end=\"2519\">\n<p data-start=\"2457\" data-end=\"2519\">Para equipos manuales o mochilas: Capacidad de 10 litros , agregar 100cm3 de Tocon (dosis equivalente al 1 %)<\/p>\n<\/li>\n<\/ul>\n<p data-start=\"2521\" data-end=\"2616\"><strong data-start=\"2524\" data-end=\"2586\">Arp\u00f3n Ambiental brinda asesoramiento t\u00e9cnico personalizado<\/strong> para cada tipo de aplicaci\u00f3n.<\/p>\n<h2 data-start=\"1613\" data-end=\"1641\">\u00c1mbitos de aplicaci\u00f3n<\/h2>\n<ul data-start=\"1643\" data-end=\"1796\">\n<li data-start=\"1643\" data-end=\"1670\">\n<p data-start=\"1645\" data-end=\"1670\">Espacios verdes urbanos<\/p>\n<\/li>\n<li data-start=\"1671\" data-end=\"1691\">\n<p data-start=\"1673\" data-end=\"1691\">Parques y plazas<\/p>\n<\/li>\n<li data-start=\"1692\" data-end=\"1715\">\n<p data-start=\"1694\" data-end=\"1715\">Banquinas y caminos<\/p>\n<\/li>\n<li data-start=\"1716\" data-end=\"1737\">\n<p data-start=\"1718\" data-end=\"1737\">Campos deportivos<\/p>\n<\/li>\n<li data-start=\"1738\" data-end=\"1750\">\n<p data-start=\"1740\" data-end=\"1750\">Pasturas<\/p>\n<\/li>\n<li data-start=\"1751\" data-end=\"1772\">\n<p data-start=\"1753\" data-end=\"1772\">\u00c1reas recreativas<\/p>\n<\/li>\n<li data-start=\"1773\" data-end=\"1796\">\n<p data-start=\"1775\" data-end=\"1796\">Lotes no cultivados<\/p>\n<\/li>\n<\/ul>\n<p data-start=\"1798\" data-end=\"1897\">Ideal para <strong data-start=\"1809\" data-end=\"1896\">municipios, consorcios, empresas de mantenimiento ambiental y control de vegetaci\u00f3n<\/strong>.<\/p>\n<p data-start=\"1798\" data-end=\"1897\">\n","protected":false},"excerpt":{"rendered":"<p>Herbicida selectivo sist\u00e9mico formulado como concentrado soluble (SL). Indicado para el control post-emergente de malezas de hoja ancha herb\u00e1ceas y le\u00f1osas, sin afectar gram\u00edneas. Uso profesional en espacios verdes, pasturas y \u00e1reas urbanas.<\/p>\n<h3 data-start=\"1333\" data-end=\"1359\">nformaci\u00f3n t\u00e9cnica<\/h3>\n<ul data-start=\"1361\" data-end=\"1600\">\n<li data-start=\"1361\" data-end=\"1401\">\n<p data-start=\"1363\" data-end=\"1401\"><strong data-start=\"1363\" data-end=\"1386\">Ingrediente activo:<\/strong> Aminopyralid<\/p>\n<\/li>\n<li data-start=\"1402\" data-end=\"1447\">\n<p data-start=\"1404\" data-end=\"1447\"><strong data-start=\"1404\" data-end=\"1420\">Formulaci\u00f3n:<\/strong> Concentrado soluble (SL)<\/p>\n<\/li>\n<li data-start=\"1448\" data-end=\"1492\">\n<p data-start=\"1450\" data-end=\"1492\"><strong data-start=\"1450\" data-end=\"1469\">Modo de acci\u00f3n:<\/strong> Sist\u00e9mico \u2013 Hormonal<\/p>\n<\/li>\n<li data-start=\"1493\" data-end=\"1519\">\n<p data-start=\"1495\" data-end=\"1519\"><strong data-start=\"1495\" data-end=\"1510\">Aplicaci\u00f3n:<\/strong> Foliar<\/p>\n<\/li>\n<li data-start=\"1520\" data-end=\"1561\">\n<p data-start=\"1522\" data-end=\"1561\"><strong data-start=\"1522\" data-end=\"1539\">Selectividad:<\/strong> No afecta gram\u00edneas<\/p>\n<\/li>\n<li data-start=\"1562\" data-end=\"1600\">\n<p data-start=\"1564\" data-end=\"1600\"><strong data-start=\"1564\" data-end=\"1577\">Registro:<\/strong> SENASA (seg\u00fan marbete)<\/p>\n<\/li>\n<\/ul>\n","protected":false},"featured_media":1670,"template":"","meta":{"_joinchat":[]},"product_brand":[],"product_cat":[31],"product_tag":[],"rubro":[],"problematica":[110],"class_list":{"0":"post-1669","1":"product","2":"type-product","3":"status-publish","4":"has-post-thumbnail","6":"product_cat-espacios-verdes","7":"problematica-control-de-malezas-en-parques","9":"first","10":"instock","11":"shipping-taxable","12":"product-type-simple"},"yoast_head":"<!-- This site is optimized with the Yoast SEO plugin v26.3 - https:\/\/yoast.com\/wordpress\/plugins\/seo\/ -->\n<title>TOCON CONCENTRADO EMULSIONABLE X LT. - Arpon Divisi\u00f3n Ambiental<\/title>\n<meta name=\"robots\" content=\"index, follow, max-snippet:-1, max-image-preview:large, max-video-preview:-1\" \/>\n<link rel=\"canonical\" href=\"https:\/\/arpon.com.ar\/ambiental\/productos\/espacios-verdes\/tocon-concentrado-emulsionable-x-lt\/\" \/>\n<meta property=\"og:locale\" content=\"es_ES\" \/>\n<meta property=\"og:type\" content=\"article\" \/>\n<meta property=\"og:title\" content=\"TOCON CONCENTRADO EMULSIONABLE X LT. - Arpon Divisi\u00f3n Ambiental\" \/>\n<meta property=\"og:description\" content=\"Herbicida selectivo sist\u00e9mico formulado como concentrado soluble (SL). Indicado para el control post-emergente de malezas de hoja ancha herb\u00e1ceas y le\u00f1osas, sin afectar gram\u00edneas. Uso profesional en espacios verdes, pasturas y \u00e1reas urbanas. nformaci\u00f3n t\u00e9cnica    Ingrediente activo: Aminopyralid    Formulaci\u00f3n: Concentrado soluble (SL)    Modo de acci\u00f3n: Sist\u00e9mico \u2013 Hormonal    Aplicaci\u00f3n: Foliar    Selectividad: No afecta gram\u00edneas    Registro: SENASA (seg\u00fan marbete)\" \/>\n<meta property=\"og:url\" content=\"https:\/\/arpon.com.ar\/ambiental\/productos\/espacios-verdes\/tocon-concentrado-emulsionable-x-lt\/\" \/>\n<meta property=\"og:site_name\" content=\"Arpon Divisi\u00f3n Ambiental\" \/>\n<meta property=\"article:modified_time\" content=\"2025-12-30T20:49:54+00:00\" \/>\n<meta property=\"og:image\" content=\"https:\/\/arpon.com.ar\/ambiental\/wp-content\/uploads\/2025\/12\/WhatsApp-Image-2025-12-30-at-17.38.22.jpeg\" \/>\n\t<meta property=\"og:image:width\" content=\"960\" \/>\n\t<meta property=\"og:image:height\" content=\"1600\" \/>\n\t<meta property=\"og:image:type\" content=\"image\/jpeg\" \/>\n<meta name=\"twitter:card\" content=\"summary_large_image\" \/>\n<meta name=\"twitter:label1\" content=\"Tiempo de lectura\" \/>\n\t<meta name=\"twitter:data1\" content=\"1 minuto\" \/>\n<script type=\"application\/ld+json\" class=\"yoast-schema-graph\">{\"@context\":\"https:\/\/schema.org\",\"@graph\":[{\"@type\":\"WebPage\",\"@id\":\"https:\/\/arpon.com.ar\/ambiental\/productos\/espacios-verdes\/tocon-concentrado-emulsionable-x-lt\/\",\"url\":\"https:\/\/arpon.com.ar\/ambiental\/productos\/espacios-verdes\/tocon-concentrado-emulsionable-x-lt\/\",\"name\":\"TOCON CONCENTRADO EMULSIONABLE X LT. - Arpon Divisi\u00f3n Ambiental\",\"isPartOf\":{\"@id\":\"https:\/\/arponambiental.com.ar\/#website\"},\"primaryImageOfPage\":{\"@id\":\"https:\/\/arpon.com.ar\/ambiental\/productos\/espacios-verdes\/tocon-concentrado-emulsionable-x-lt\/#primaryimage\"},\"image\":{\"@id\":\"https:\/\/arpon.com.ar\/ambiental\/productos\/espacios-verdes\/tocon-concentrado-emulsionable-x-lt\/#primaryimage\"},\"thumbnailUrl\":\"https:\/\/arpon.com.ar\/ambiental\/wp-content\/uploads\/2025\/12\/WhatsApp-Image-2025-12-30-at-17.38.22.jpeg\",\"datePublished\":\"2025-12-30T20:48:41+00:00\",\"dateModified\":\"2025-12-30T20:49:54+00:00\",\"breadcrumb\":{\"@id\":\"https:\/\/arpon.com.ar\/ambiental\/productos\/espacios-verdes\/tocon-concentrado-emulsionable-x-lt\/#breadcrumb\"},\"inLanguage\":\"es\",\"potentialAction\":[{\"@type\":\"ReadAction\",\"target\":[\"https:\/\/arpon.com.ar\/ambiental\/productos\/espacios-verdes\/tocon-concentrado-emulsionable-x-lt\/\"]}]},{\"@type\":\"ImageObject\",\"inLanguage\":\"es\",\"@id\":\"https:\/\/arpon.com.ar\/ambiental\/productos\/espacios-verdes\/tocon-concentrado-emulsionable-x-lt\/#primaryimage\",\"url\":\"https:\/\/arpon.com.ar\/ambiental\/wp-content\/uploads\/2025\/12\/WhatsApp-Image-2025-12-30-at-17.38.22.jpeg\",\"contentUrl\":\"https:\/\/arpon.com.ar\/ambiental\/wp-content\/uploads\/2025\/12\/WhatsApp-Image-2025-12-30-at-17.38.22.jpeg\",\"width\":960,\"height\":1600},{\"@type\":\"BreadcrumbList\",\"@id\":\"https:\/\/arpon.com.ar\/ambiental\/productos\/espacios-verdes\/tocon-concentrado-emulsionable-x-lt\/#breadcrumb\",\"itemListElement\":[{\"@type\":\"ListItem\",\"position\":1,\"name\":\"Portada\",\"item\":\"https:\/\/arpon.com.ar\/ambiental\/\"},{\"@type\":\"ListItem\",\"position\":2,\"name\":\"Productos\",\"item\":\"https:\/\/arpon.com.ar\/ambiental\/productos\/\"},{\"@type\":\"ListItem\",\"position\":3,\"name\":\"TOCON CONCENTRADO EMULSIONABLE X LT.\"}]},{\"@type\":\"WebSite\",\"@id\":\"https:\/\/arponambiental.com.ar\/#website\",\"url\":\"https:\/\/arponambiental.com.ar\/\",\"name\":\"Arpon Divisi\u00f3n Ambiental\",\"description\":\"\",\"publisher\":{\"@id\":\"https:\/\/arponambiental.com.ar\/#organization\"},\"potentialAction\":[{\"@type\":\"SearchAction\",\"target\":{\"@type\":\"EntryPoint\",\"urlTemplate\":\"https:\/\/arponambiental.com.ar\/?s={search_term_string}\"},\"query-input\":{\"@type\":\"PropertyValueSpecification\",\"valueRequired\":true,\"valueName\":\"search_term_string\"}}],\"inLanguage\":\"es\"},{\"@type\":\"Organization\",\"@id\":\"https:\/\/arponambiental.com.ar\/#organization\",\"name\":\"Arpon Divisi\u00f3n Ambiental\",\"url\":\"https:\/\/arponambiental.com.ar\/\",\"logo\":{\"@type\":\"ImageObject\",\"inLanguage\":\"es\",\"@id\":\"https:\/\/arponambiental.com.ar\/#\/schema\/logo\/image\/\",\"url\":\"https:\/\/arponambiental.com.ar\/wp-content\/uploads\/2019\/08\/arpon-ambiental3.png\",\"contentUrl\":\"https:\/\/arponambiental.com.ar\/wp-content\/uploads\/2019\/08\/arpon-ambiental3.png\",\"width\":798,\"height\":332,\"caption\":\"Arpon Divisi\u00f3n Ambiental\"},\"image\":{\"@id\":\"https:\/\/arponambiental.com.ar\/#\/schema\/logo\/image\/\"}}]}<\/script>\n<!-- \/ Yoast SEO plugin. -->","yoast_head_json":{"title":"TOCON CONCENTRADO EMULSIONABLE X LT. - Arpon Divisi\u00f3n Ambiental","robots":{"index":"index","follow":"follow","max-snippet":"max-snippet:-1","max-image-preview":"max-image-preview:large","max-video-preview":"max-video-preview:-1"},"canonical":"https:\/\/arpon.com.ar\/ambiental\/productos\/espacios-verdes\/tocon-concentrado-emulsionable-x-lt\/","og_locale":"es_ES","og_type":"article","og_title":"TOCON CONCENTRADO EMULSIONABLE X LT. - Arpon Divisi\u00f3n Ambiental","og_description":"Herbicida selectivo sist\u00e9mico formulado como concentrado soluble (SL). Indicado para el control post-emergente de malezas de hoja ancha herb\u00e1ceas y le\u00f1osas, sin afectar gram\u00edneas. Uso profesional en espacios verdes, pasturas y \u00e1reas urbanas. nformaci\u00f3n t\u00e9cnica    Ingrediente activo: Aminopyralid    Formulaci\u00f3n: Concentrado soluble (SL)    Modo de acci\u00f3n: Sist\u00e9mico \u2013 Hormonal    Aplicaci\u00f3n: Foliar    Selectividad: No afecta gram\u00edneas    Registro: SENASA (seg\u00fan marbete)","og_url":"https:\/\/arpon.com.ar\/ambiental\/productos\/espacios-verdes\/tocon-concentrado-emulsionable-x-lt\/","og_site_name":"Arpon Divisi\u00f3n Ambiental","article_modified_time":"2025-12-30T20:49:54+00:00","og_image":[{"width":960,"height":1600,"url":"https:\/\/arpon.com.ar\/ambiental\/wp-content\/uploads\/2025\/12\/WhatsApp-Image-2025-12-30-at-17.38.22.jpeg","type":"image\/jpeg"}],"twitter_card":"summary_large_image","twitter_misc":{"Tiempo de lectura":"1 minuto"},"schema":{"@context":"https:\/\/schema.org","@graph":[{"@type":"WebPage","@id":"https:\/\/arpon.com.ar\/ambiental\/productos\/espacios-verdes\/tocon-concentrado-emulsionable-x-lt\/","url":"https:\/\/arpon.com.ar\/ambiental\/productos\/espacios-verdes\/tocon-concentrado-emulsionable-x-lt\/","name":"TOCON CONCENTRADO EMULSIONABLE X LT. - Arpon Divisi\u00f3n Ambiental","isPartOf":{"@id":"https:\/\/arponambiental.com.ar\/#website"},"primaryImageOfPage":{"@id":"https:\/\/arpon.com.ar\/ambiental\/productos\/espacios-verdes\/tocon-concentrado-emulsionable-x-lt\/#primaryimage"},"image":{"@id":"https:\/\/arpon.com.ar\/ambiental\/productos\/espacios-verdes\/tocon-concentrado-emulsionable-x-lt\/#primaryimage"},"thumbnailUrl":"https:\/\/arpon.com.ar\/ambiental\/wp-content\/uploads\/2025\/12\/WhatsApp-Image-2025-12-30-at-17.38.22.jpeg","datePublished":"2025-12-30T20:48:41+00:00","dateModified":"2025-12-30T20:49:54+00:00","breadcrumb":{"@id":"https:\/\/arpon.com.ar\/ambiental\/productos\/espacios-verdes\/tocon-concentrado-emulsionable-x-lt\/#breadcrumb"},"inLanguage":"es","potentialAction":[{"@type":"ReadAction","target":["https:\/\/arpon.com.ar\/ambiental\/productos\/espacios-verdes\/tocon-concentrado-emulsionable-x-lt\/"]}]},{"@type":"ImageObject","inLanguage":"es","@id":"https:\/\/arpon.com.ar\/ambiental\/productos\/espacios-verdes\/tocon-concentrado-emulsionable-x-lt\/#primaryimage","url":"https:\/\/arpon.com.ar\/ambiental\/wp-content\/uploads\/2025\/12\/WhatsApp-Image-2025-12-30-at-17.38.22.jpeg","contentUrl":"https:\/\/arpon.com.ar\/ambiental\/wp-content\/uploads\/2025\/12\/WhatsApp-Image-2025-12-30-at-17.38.22.jpeg","width":960,"height":1600},{"@type":"BreadcrumbList","@id":"https:\/\/arpon.com.ar\/ambiental\/productos\/espacios-verdes\/tocon-concentrado-emulsionable-x-lt\/#breadcrumb","itemListElement":[{"@type":"ListItem","position":1,"name":"Portada","item":"https:\/\/arpon.com.ar\/ambiental\/"},{"@type":"ListItem","position":2,"name":"Productos","item":"https:\/\/arpon.com.ar\/ambiental\/productos\/"},{"@type":"ListItem","position":3,"name":"TOCON CONCENTRADO EMULSIONABLE X LT."}]},{"@type":"WebSite","@id":"https:\/\/arponambiental.com.ar\/#website","url":"https:\/\/arponambiental.com.ar\/","name":"Arpon Divisi\u00f3n Ambiental","description":"","publisher":{"@id":"https:\/\/arponambiental.com.ar\/#organization"},"potentialAction":[{"@type":"SearchAction","target":{"@type":"EntryPoint","urlTemplate":"https:\/\/arponambiental.com.ar\/?s={search_term_string}"},"query-input":{"@type":"PropertyValueSpecification","valueRequired":true,"valueName":"search_term_string"}}],"inLanguage":"es"},{"@type":"Organization","@id":"https:\/\/arponambiental.com.ar\/#organization","name":"Arpon Divisi\u00f3n Ambiental","url":"https:\/\/arponambiental.com.ar\/","logo":{"@type":"ImageObject","inLanguage":"es","@id":"https:\/\/arponambiental.com.ar\/#\/schema\/logo\/image\/","url":"https:\/\/arponambiental.com.ar\/wp-content\/uploads\/2019\/08\/arpon-ambiental3.png","contentUrl":"https:\/\/arponambiental.com.ar\/wp-content\/uploads\/2019\/08\/arpon-ambiental3.png","width":798,"height":332,"caption":"Arpon Divisi\u00f3n Ambiental"},"image":{"@id":"https:\/\/arponambiental.com.ar\/#\/schema\/logo\/image\/"}}]}},"_links":{"self":[{"href":"https:\/\/arpon.com.ar\/ambiental\/wp-json\/wp\/v2\/product\/1669","targetHints":{"allow":["GET"]}}],"collection":[{"href":"https:\/\/arpon.com.ar\/ambiental\/wp-json\/wp\/v2\/product"}],"about":[{"href":"https:\/\/arpon.com.ar\/ambiental\/wp-json\/wp\/v2\/types\/product"}],"wp:featuredmedia":[{"embeddable":true,"href":"https:\/\/arpon.com.ar\/ambiental\/wp-json\/wp\/v2\/media\/1670"}],"wp:attachment":[{"href":"https:\/\/arpon.com.ar\/ambiental\/wp-json\/wp\/v2\/media?parent=1669"}],"wp:term":[{"taxonomy":"product_brand","embeddable":true,"href":"https:\/\/arpon.com.ar\/ambiental\/wp-json\/wp\/v2\/product_brand?post=1669"},{"taxonomy":"product_cat","embeddable":true,"href":"https:\/\/arpon.com.ar\/ambiental\/wp-json\/wp\/v2\/product_cat?post=1669"},{"taxonomy":"product_tag","embeddable":true,"href":"https:\/\/arpon.com.ar\/ambiental\/wp-json\/wp\/v2\/product_tag?post=1669"},{"taxonomy":"rubro","embeddable":true,"href":"https:\/\/arpon.com.ar\/ambiental\/wp-json\/wp\/v2\/rubro?post=1669"},{"taxonomy":"problematica","embeddable":true,"href":"https:\/\/arpon.com.ar\/ambiental\/wp-json\/wp\/v2\/problematica?post=1669"}],"curies":[{"name":"wp","href":"https:\/\/api.w.org\/{rel}","templated":true}]}}