{"id":1766,"date":"2026-04-17T19:20:48","date_gmt":"2026-04-17T19:20:48","guid":{"rendered":"https:\/\/arpon.com.ar\/ambiental\/?post_type=product&#038;p=1766"},"modified":"2026-04-17T19:20:48","modified_gmt":"2026-04-17T19:20:48","slug":"demoledor-insecticida-concentrado-beta-cipermetrina-lufenurom-x-lt-control-profesional","status":"publish","type":"product","link":"https:\/\/arpon.com.ar\/ambiental\/productos\/insecticidas\/insecticidas-liquidos\/demoledor-insecticida-concentrado-beta-cipermetrina-lufenurom-x-lt-control-profesional\/","title":{"rendered":"DEMOLEDOR INSECTICIDA CONCENTRADO BETA &#8211; CIPERMETRINA + LUFENUROM X LT.  CONTROL PROFESIONAL"},"content":{"rendered":"<p data-start=\"923\" data-end=\"1244\">El <strong data-start=\"926\" data-end=\"974\">Demoledor Insecticida Suspensi\u00f3n Concentrada<\/strong> es una soluci\u00f3n profesional de alta eficacia dise\u00f1ada para el control intensivo de plagas. Su f\u00f3rmula combina <strong data-start=\"1085\" data-end=\"1106\">beta-cipermetrina<\/strong>, que proporciona un r\u00e1pido efecto de volteo, con <strong data-start=\"1156\" data-end=\"1169\">lufenuron<\/strong>, un regulador de crecimiento que interrumpe el desarrollo de los insectos.<\/p>\n<p data-start=\"1246\" data-end=\"1387\">Esta doble acci\u00f3n permite no solo eliminar insectos adultos sino tambi\u00e9n evitar su reproducci\u00f3n, logrando un control m\u00e1s duradero y efectivo.<\/p>\n<p data-start=\"1389\" data-end=\"1538\">Es ideal para tratamientos en ambientes exigentes donde se requiere una soluci\u00f3n potente y de acci\u00f3n prolongada, tanto en interiores como exteriores.<\/p>\n<hr data-start=\"1540\" data-end=\"1543\" \/>\n<h2 data-section-id=\"y70214\" data-start=\"1545\" data-end=\"1566\">\u2705 BENEFICIOS CLAVE<\/h2>\n<ul data-start=\"1568\" data-end=\"1794\">\n<li data-section-id=\"1e6px70\" data-start=\"1568\" data-end=\"1611\">Acci\u00f3n inmediata sobre insectos adultos<\/li>\n<li data-section-id=\"1ujs8kh\" data-start=\"1612\" data-end=\"1654\">Interrumpe el ciclo reproductivo (IGR)<\/li>\n<li data-section-id=\"masdai\" data-start=\"1655\" data-end=\"1685\">Efecto residual prolongado<\/li>\n<li data-section-id=\"1jucl1e\" data-start=\"1686\" data-end=\"1728\">Alta eficacia en infestaciones severas<\/li>\n<li data-section-id=\"1gy8fc2\" data-start=\"1729\" data-end=\"1758\">Uso profesional intensivo<\/li>\n<li data-section-id=\"fhyoce\" data-start=\"1759\" data-end=\"1794\">Apto para m\u00faltiples superficies<\/li>\n<\/ul>\n<hr data-start=\"1796\" data-end=\"1799\" \/>\n<h2 data-section-id=\"pzxm1k\" data-start=\"1801\" data-end=\"1831\">\u2699\ufe0f CARACTER\u00cdSTICAS T\u00c9CNICAS<\/h2>\n<ul data-start=\"1833\" data-end=\"2087\">\n<li data-section-id=\"o66t1t\" data-start=\"1833\" data-end=\"1877\">Tipo: Insecticida suspensi\u00f3n concentrada<\/li>\n<li data-section-id=\"zch8qa\" data-start=\"1878\" data-end=\"1903\">Presentaci\u00f3n: 1 litro<\/li>\n<li data-section-id=\"s888um\" data-start=\"1904\" data-end=\"1957\">Principios activos: Beta-cipermetrina + Lufenuron<\/li>\n<li data-section-id=\"vl9k9z\" data-start=\"1958\" data-end=\"2014\">Acci\u00f3n: Volteo + residual + regulador de crecimiento<\/li>\n<li data-section-id=\"7clfsz\" data-start=\"2015\" data-end=\"2035\">Uso: Profesional<\/li>\n<li data-section-id=\"zp30ue\" data-start=\"2036\" data-end=\"2087\">Aplicaci\u00f3n: Diluci\u00f3n en agua para pulverizaci\u00f3n<\/li>\n<\/ul>\n<hr data-start=\"2089\" data-end=\"2092\" \/>\n<h2 data-section-id=\"sscb7s\" data-start=\"2094\" data-end=\"2117\"> MODO DE USO (SEO)<\/h2>\n<ol data-start=\"2119\" data-end=\"2374\">\n<li data-section-id=\"hwjnu9\" data-start=\"2119\" data-end=\"2185\">Diluir el producto en agua seg\u00fan indicaciones del fabricante.<\/li>\n<li data-section-id=\"1a3g27\" data-start=\"2186\" data-end=\"2263\">Aplicar mediante pulverizaci\u00f3n en superficies, grietas y zonas cr\u00edticas.<\/li>\n<li data-section-id=\"vp4tct\" data-start=\"2264\" data-end=\"2319\">Repetir el tratamiento seg\u00fan nivel de infestaci\u00f3n.<\/li>\n<li data-section-id=\"nnopxz\" data-start=\"2320\" data-end=\"2374\">Evitar contacto directo con personas y alimentos.<\/li>\n<\/ol>\n<hr data-start=\"2376\" data-end=\"2379\" \/>\n<h2 data-section-id=\"16rjorz\" data-start=\"2381\" data-end=\"2402\">\u26a0\ufe0f RECOMENDACIONES<\/h2>\n<ul data-start=\"2404\" data-end=\"2615\">\n<li data-section-id=\"1dqp40n\" data-start=\"2404\" data-end=\"2445\">Uso exclusivo por personal capacitado<\/li>\n<li data-section-id=\"1q88sq2\" data-start=\"2446\" data-end=\"2496\">Mantener fuera del alcance de ni\u00f1os y mascotas<\/li>\n<li data-section-id=\"96k8lb\" data-start=\"2497\" data-end=\"2542\">Utilizar elementos de protecci\u00f3n personal<\/li>\n<li data-section-id=\"etiors\" data-start=\"2543\" data-end=\"2586\">No aplicar sobre alimentos o utensilios<\/li>\n<li data-section-id=\"1mfyvia\" data-start=\"2587\" data-end=\"2615\">Respetar dosis indicadas<\/li>\n<\/ul>\n<hr data-start=\"2617\" data-end=\"2620\" \/>\n<h2 data-section-id=\"1enlnte\" data-start=\"2622\" data-end=\"2648\"> APLICACIONES IDEALES<\/h2>\n<ul data-start=\"2650\" data-end=\"2804\">\n<li data-section-id=\"1l74uhc\" data-start=\"2650\" data-end=\"2675\">Control de cucarachas<\/li>\n<li data-section-id=\"1lzo13e\" data-start=\"2676\" data-end=\"2699\">Control de hormigas<\/li>\n<li data-section-id=\"10qyn1h\" data-start=\"2700\" data-end=\"2722\">Moscas y mosquitos<\/li>\n<li data-section-id=\"1ebqv4c\" data-start=\"2723\" data-end=\"2747\">Dep\u00f3sitos y galpones<\/li>\n<li data-section-id=\"twhvft\" data-start=\"2748\" data-end=\"2774\">Industrias y comercios<\/li>\n<li data-section-id=\"1puud9i\" data-start=\"2775\" data-end=\"2804\">Tratamientos perimetrales<\/li>\n<\/ul>\n","protected":false},"excerpt":{"rendered":"<p>Insecticida concentrado de uso profesional con doble acci\u00f3n: volteo inmediato y control del ciclo de vida de los insectos.<\/p>\n<p>Insecticida Demoledor suspensi\u00f3n concentrada con beta-cipermetrina y lufenuron. Control profesional de insectos rastreros y voladores con acci\u00f3n prolongada.<\/p>\n<p data-start=\"3317\" data-end=\"3424\">Este producto se posiciona como <strong data-start=\"3349\" data-end=\"3382\">soluci\u00f3n profesional avanzada<\/strong>, diferenci\u00e1ndose de insecticidas comunes:<\/p>\n<ul data-start=\"3426\" data-end=\"3662\">\n<li data-section-id=\"1kgc14p\" data-start=\"3426\" data-end=\"3488\">Combina <strong data-start=\"3436\" data-end=\"3486\">efecto inmediato + control del ciclo biol\u00f3gico.<\/strong><\/li>\n<li data-section-id=\"xtcw2\" data-start=\"3489\" data-end=\"3545\">Reduce reinfestaciones (clave en clientes exigentes)<\/li>\n<li data-section-id=\"yri5cd\" data-start=\"3546\" data-end=\"3605\">Ideal para servicios profesionales o usuarios avanzados.<\/li>\n<li data-section-id=\"1y5rqef\" data-start=\"3606\" data-end=\"3662\">M\u00e1s eficiente a largo plazo que insecticidas b\u00e1sicos.<\/li>\n<\/ul>\n","protected":false},"featured_media":1767,"template":"","meta":{"_joinchat":[]},"product_brand":[],"product_cat":[27],"product_tag":[],"rubro":[],"problematica":[168,106,107,109,111,112],"class_list":{"0":"post-1766","1":"product","2":"type-product","3":"status-publish","4":"has-post-thumbnail","6":"product_cat-insecticidas-liquidos","7":"problematica-control-de-cucarachas","8":"problematica-control-de-hormigas","9":"problematica-control-de-insectos-en-industrias","10":"problematica-control-de-insectos-en-interiores","11":"problematica-control-de-moscas","12":"problematica-control-de-mosquitos","14":"first","15":"instock","16":"shipping-taxable","17":"product-type-simple"},"yoast_head":"<!-- This site is optimized with the Yoast SEO plugin v26.3 - https:\/\/yoast.com\/wordpress\/plugins\/seo\/ -->\n<title>DEMOLEDOR INSECTICIDA CONCENTRADO BETA - CIPERMETRINA + LUFENUROM X LT. CONTROL PROFESIONAL - Arpon Divisi\u00f3n Ambiental<\/title>\n<meta name=\"robots\" content=\"index, follow, max-snippet:-1, max-image-preview:large, max-video-preview:-1\" \/>\n<link rel=\"canonical\" href=\"https:\/\/arpon.com.ar\/ambiental\/productos\/insecticidas\/insecticidas-liquidos\/demoledor-insecticida-concentrado-beta-cipermetrina-lufenurom-x-lt-control-profesional\/\" \/>\n<meta property=\"og:locale\" content=\"es_ES\" \/>\n<meta property=\"og:type\" content=\"article\" \/>\n<meta property=\"og:title\" content=\"DEMOLEDOR INSECTICIDA CONCENTRADO BETA - CIPERMETRINA + LUFENUROM X LT. CONTROL PROFESIONAL - Arpon Divisi\u00f3n Ambiental\" \/>\n<meta property=\"og:description\" content=\"Insecticida concentrado de uso profesional con doble acci\u00f3n: volteo inmediato y control del ciclo de vida de los insectos.  Insecticida Demoledor suspensi\u00f3n concentrada con beta-cipermetrina y lufenuron. Control profesional de insectos rastreros y voladores con acci\u00f3n prolongada. Este producto se posiciona como soluci\u00f3n profesional avanzada, diferenci\u00e1ndose de insecticidas comunes:    Combina efecto inmediato + control del ciclo biol\u00f3gico.  Reduce reinfestaciones (clave en clientes exigentes)  Ideal para servicios profesionales o usuarios avanzados.  M\u00e1s eficiente a largo plazo que insecticidas b\u00e1sicos.\" \/>\n<meta property=\"og:url\" content=\"https:\/\/arpon.com.ar\/ambiental\/productos\/insecticidas\/insecticidas-liquidos\/demoledor-insecticida-concentrado-beta-cipermetrina-lufenurom-x-lt-control-profesional\/\" \/>\n<meta property=\"og:site_name\" content=\"Arpon Divisi\u00f3n Ambiental\" \/>\n<meta property=\"og:image\" content=\"https:\/\/arpon.com.ar\/ambiental\/wp-content\/uploads\/2026\/04\/insecticida-demoledor-beta-cipermetrina-lufenuron-control-profesional-plagas.jpeg\" \/>\n\t<meta property=\"og:image:width\" content=\"928\" \/>\n\t<meta property=\"og:image:height\" content=\"1600\" \/>\n\t<meta property=\"og:image:type\" content=\"image\/jpeg\" \/>\n<meta name=\"twitter:card\" content=\"summary_large_image\" \/>\n<meta name=\"twitter:label1\" content=\"Tiempo de lectura\" \/>\n\t<meta name=\"twitter:data1\" content=\"2 minutos\" \/>\n<script type=\"application\/ld+json\" class=\"yoast-schema-graph\">{\"@context\":\"https:\/\/schema.org\",\"@graph\":[{\"@type\":\"WebPage\",\"@id\":\"https:\/\/arpon.com.ar\/ambiental\/productos\/insecticidas\/insecticidas-liquidos\/demoledor-insecticida-concentrado-beta-cipermetrina-lufenurom-x-lt-control-profesional\/\",\"url\":\"https:\/\/arpon.com.ar\/ambiental\/productos\/insecticidas\/insecticidas-liquidos\/demoledor-insecticida-concentrado-beta-cipermetrina-lufenurom-x-lt-control-profesional\/\",\"name\":\"DEMOLEDOR INSECTICIDA CONCENTRADO BETA - CIPERMETRINA + LUFENUROM X LT. CONTROL PROFESIONAL - Arpon Divisi\u00f3n Ambiental\",\"isPartOf\":{\"@id\":\"https:\/\/arponambiental.com.ar\/#website\"},\"primaryImageOfPage\":{\"@id\":\"https:\/\/arpon.com.ar\/ambiental\/productos\/insecticidas\/insecticidas-liquidos\/demoledor-insecticida-concentrado-beta-cipermetrina-lufenurom-x-lt-control-profesional\/#primaryimage\"},\"image\":{\"@id\":\"https:\/\/arpon.com.ar\/ambiental\/productos\/insecticidas\/insecticidas-liquidos\/demoledor-insecticida-concentrado-beta-cipermetrina-lufenurom-x-lt-control-profesional\/#primaryimage\"},\"thumbnailUrl\":\"https:\/\/arpon.com.ar\/ambiental\/wp-content\/uploads\/2026\/04\/insecticida-demoledor-beta-cipermetrina-lufenuron-control-profesional-plagas.jpeg\",\"datePublished\":\"2026-04-17T19:20:48+00:00\",\"breadcrumb\":{\"@id\":\"https:\/\/arpon.com.ar\/ambiental\/productos\/insecticidas\/insecticidas-liquidos\/demoledor-insecticida-concentrado-beta-cipermetrina-lufenurom-x-lt-control-profesional\/#breadcrumb\"},\"inLanguage\":\"es\",\"potentialAction\":[{\"@type\":\"ReadAction\",\"target\":[\"https:\/\/arpon.com.ar\/ambiental\/productos\/insecticidas\/insecticidas-liquidos\/demoledor-insecticida-concentrado-beta-cipermetrina-lufenurom-x-lt-control-profesional\/\"]}]},{\"@type\":\"ImageObject\",\"inLanguage\":\"es\",\"@id\":\"https:\/\/arpon.com.ar\/ambiental\/productos\/insecticidas\/insecticidas-liquidos\/demoledor-insecticida-concentrado-beta-cipermetrina-lufenurom-x-lt-control-profesional\/#primaryimage\",\"url\":\"https:\/\/arpon.com.ar\/ambiental\/wp-content\/uploads\/2026\/04\/insecticida-demoledor-beta-cipermetrina-lufenuron-control-profesional-plagas.jpeg\",\"contentUrl\":\"https:\/\/arpon.com.ar\/ambiental\/wp-content\/uploads\/2026\/04\/insecticida-demoledor-beta-cipermetrina-lufenuron-control-profesional-plagas.jpeg\",\"width\":928,\"height\":1600},{\"@type\":\"BreadcrumbList\",\"@id\":\"https:\/\/arpon.com.ar\/ambiental\/productos\/insecticidas\/insecticidas-liquidos\/demoledor-insecticida-concentrado-beta-cipermetrina-lufenurom-x-lt-control-profesional\/#breadcrumb\",\"itemListElement\":[{\"@type\":\"ListItem\",\"position\":1,\"name\":\"Portada\",\"item\":\"https:\/\/arpon.com.ar\/ambiental\/\"},{\"@type\":\"ListItem\",\"position\":2,\"name\":\"Productos\",\"item\":\"https:\/\/arpon.com.ar\/ambiental\/productos\/\"},{\"@type\":\"ListItem\",\"position\":3,\"name\":\"DEMOLEDOR INSECTICIDA CONCENTRADO BETA &#8211; CIPERMETRINA + LUFENUROM X LT. CONTROL PROFESIONAL\"}]},{\"@type\":\"WebSite\",\"@id\":\"https:\/\/arponambiental.com.ar\/#website\",\"url\":\"https:\/\/arponambiental.com.ar\/\",\"name\":\"Arpon Divisi\u00f3n Ambiental\",\"description\":\"\",\"publisher\":{\"@id\":\"https:\/\/arponambiental.com.ar\/#organization\"},\"potentialAction\":[{\"@type\":\"SearchAction\",\"target\":{\"@type\":\"EntryPoint\",\"urlTemplate\":\"https:\/\/arponambiental.com.ar\/?s={search_term_string}\"},\"query-input\":{\"@type\":\"PropertyValueSpecification\",\"valueRequired\":true,\"valueName\":\"search_term_string\"}}],\"inLanguage\":\"es\"},{\"@type\":\"Organization\",\"@id\":\"https:\/\/arponambiental.com.ar\/#organization\",\"name\":\"Arpon Divisi\u00f3n Ambiental\",\"url\":\"https:\/\/arponambiental.com.ar\/\",\"logo\":{\"@type\":\"ImageObject\",\"inLanguage\":\"es\",\"@id\":\"https:\/\/arponambiental.com.ar\/#\/schema\/logo\/image\/\",\"url\":\"https:\/\/arponambiental.com.ar\/wp-content\/uploads\/2019\/08\/arpon-ambiental3.png\",\"contentUrl\":\"https:\/\/arponambiental.com.ar\/wp-content\/uploads\/2019\/08\/arpon-ambiental3.png\",\"width\":798,\"height\":332,\"caption\":\"Arpon Divisi\u00f3n Ambiental\"},\"image\":{\"@id\":\"https:\/\/arponambiental.com.ar\/#\/schema\/logo\/image\/\"}}]}<\/script>\n<!-- \/ Yoast SEO plugin. -->","yoast_head_json":{"title":"DEMOLEDOR INSECTICIDA CONCENTRADO BETA - CIPERMETRINA + LUFENUROM X LT. CONTROL PROFESIONAL - Arpon Divisi\u00f3n Ambiental","robots":{"index":"index","follow":"follow","max-snippet":"max-snippet:-1","max-image-preview":"max-image-preview:large","max-video-preview":"max-video-preview:-1"},"canonical":"https:\/\/arpon.com.ar\/ambiental\/productos\/insecticidas\/insecticidas-liquidos\/demoledor-insecticida-concentrado-beta-cipermetrina-lufenurom-x-lt-control-profesional\/","og_locale":"es_ES","og_type":"article","og_title":"DEMOLEDOR INSECTICIDA CONCENTRADO BETA - CIPERMETRINA + LUFENUROM X LT. CONTROL PROFESIONAL - Arpon Divisi\u00f3n Ambiental","og_description":"Insecticida concentrado de uso profesional con doble acci\u00f3n: volteo inmediato y control del ciclo de vida de los insectos.  Insecticida Demoledor suspensi\u00f3n concentrada con beta-cipermetrina y lufenuron. Control profesional de insectos rastreros y voladores con acci\u00f3n prolongada. Este producto se posiciona como soluci\u00f3n profesional avanzada, diferenci\u00e1ndose de insecticidas comunes:    Combina efecto inmediato + control del ciclo biol\u00f3gico.  Reduce reinfestaciones (clave en clientes exigentes)  Ideal para servicios profesionales o usuarios avanzados.  M\u00e1s eficiente a largo plazo que insecticidas b\u00e1sicos.","og_url":"https:\/\/arpon.com.ar\/ambiental\/productos\/insecticidas\/insecticidas-liquidos\/demoledor-insecticida-concentrado-beta-cipermetrina-lufenurom-x-lt-control-profesional\/","og_site_name":"Arpon Divisi\u00f3n Ambiental","og_image":[{"width":928,"height":1600,"url":"https:\/\/arpon.com.ar\/ambiental\/wp-content\/uploads\/2026\/04\/insecticida-demoledor-beta-cipermetrina-lufenuron-control-profesional-plagas.jpeg","type":"image\/jpeg"}],"twitter_card":"summary_large_image","twitter_misc":{"Tiempo de lectura":"2 minutos"},"schema":{"@context":"https:\/\/schema.org","@graph":[{"@type":"WebPage","@id":"https:\/\/arpon.com.ar\/ambiental\/productos\/insecticidas\/insecticidas-liquidos\/demoledor-insecticida-concentrado-beta-cipermetrina-lufenurom-x-lt-control-profesional\/","url":"https:\/\/arpon.com.ar\/ambiental\/productos\/insecticidas\/insecticidas-liquidos\/demoledor-insecticida-concentrado-beta-cipermetrina-lufenurom-x-lt-control-profesional\/","name":"DEMOLEDOR INSECTICIDA CONCENTRADO BETA - CIPERMETRINA + LUFENUROM X LT. CONTROL PROFESIONAL - Arpon Divisi\u00f3n Ambiental","isPartOf":{"@id":"https:\/\/arponambiental.com.ar\/#website"},"primaryImageOfPage":{"@id":"https:\/\/arpon.com.ar\/ambiental\/productos\/insecticidas\/insecticidas-liquidos\/demoledor-insecticida-concentrado-beta-cipermetrina-lufenurom-x-lt-control-profesional\/#primaryimage"},"image":{"@id":"https:\/\/arpon.com.ar\/ambiental\/productos\/insecticidas\/insecticidas-liquidos\/demoledor-insecticida-concentrado-beta-cipermetrina-lufenurom-x-lt-control-profesional\/#primaryimage"},"thumbnailUrl":"https:\/\/arpon.com.ar\/ambiental\/wp-content\/uploads\/2026\/04\/insecticida-demoledor-beta-cipermetrina-lufenuron-control-profesional-plagas.jpeg","datePublished":"2026-04-17T19:20:48+00:00","breadcrumb":{"@id":"https:\/\/arpon.com.ar\/ambiental\/productos\/insecticidas\/insecticidas-liquidos\/demoledor-insecticida-concentrado-beta-cipermetrina-lufenurom-x-lt-control-profesional\/#breadcrumb"},"inLanguage":"es","potentialAction":[{"@type":"ReadAction","target":["https:\/\/arpon.com.ar\/ambiental\/productos\/insecticidas\/insecticidas-liquidos\/demoledor-insecticida-concentrado-beta-cipermetrina-lufenurom-x-lt-control-profesional\/"]}]},{"@type":"ImageObject","inLanguage":"es","@id":"https:\/\/arpon.com.ar\/ambiental\/productos\/insecticidas\/insecticidas-liquidos\/demoledor-insecticida-concentrado-beta-cipermetrina-lufenurom-x-lt-control-profesional\/#primaryimage","url":"https:\/\/arpon.com.ar\/ambiental\/wp-content\/uploads\/2026\/04\/insecticida-demoledor-beta-cipermetrina-lufenuron-control-profesional-plagas.jpeg","contentUrl":"https:\/\/arpon.com.ar\/ambiental\/wp-content\/uploads\/2026\/04\/insecticida-demoledor-beta-cipermetrina-lufenuron-control-profesional-plagas.jpeg","width":928,"height":1600},{"@type":"BreadcrumbList","@id":"https:\/\/arpon.com.ar\/ambiental\/productos\/insecticidas\/insecticidas-liquidos\/demoledor-insecticida-concentrado-beta-cipermetrina-lufenurom-x-lt-control-profesional\/#breadcrumb","itemListElement":[{"@type":"ListItem","position":1,"name":"Portada","item":"https:\/\/arpon.com.ar\/ambiental\/"},{"@type":"ListItem","position":2,"name":"Productos","item":"https:\/\/arpon.com.ar\/ambiental\/productos\/"},{"@type":"ListItem","position":3,"name":"DEMOLEDOR INSECTICIDA CONCENTRADO BETA &#8211; CIPERMETRINA + LUFENUROM X LT. CONTROL PROFESIONAL"}]},{"@type":"WebSite","@id":"https:\/\/arponambiental.com.ar\/#website","url":"https:\/\/arponambiental.com.ar\/","name":"Arpon Divisi\u00f3n Ambiental","description":"","publisher":{"@id":"https:\/\/arponambiental.com.ar\/#organization"},"potentialAction":[{"@type":"SearchAction","target":{"@type":"EntryPoint","urlTemplate":"https:\/\/arponambiental.com.ar\/?s={search_term_string}"},"query-input":{"@type":"PropertyValueSpecification","valueRequired":true,"valueName":"search_term_string"}}],"inLanguage":"es"},{"@type":"Organization","@id":"https:\/\/arponambiental.com.ar\/#organization","name":"Arpon Divisi\u00f3n Ambiental","url":"https:\/\/arponambiental.com.ar\/","logo":{"@type":"ImageObject","inLanguage":"es","@id":"https:\/\/arponambiental.com.ar\/#\/schema\/logo\/image\/","url":"https:\/\/arponambiental.com.ar\/wp-content\/uploads\/2019\/08\/arpon-ambiental3.png","contentUrl":"https:\/\/arponambiental.com.ar\/wp-content\/uploads\/2019\/08\/arpon-ambiental3.png","width":798,"height":332,"caption":"Arpon Divisi\u00f3n Ambiental"},"image":{"@id":"https:\/\/arponambiental.com.ar\/#\/schema\/logo\/image\/"}}]}},"_links":{"self":[{"href":"https:\/\/arpon.com.ar\/ambiental\/wp-json\/wp\/v2\/product\/1766","targetHints":{"allow":["GET"]}}],"collection":[{"href":"https:\/\/arpon.com.ar\/ambiental\/wp-json\/wp\/v2\/product"}],"about":[{"href":"https:\/\/arpon.com.ar\/ambiental\/wp-json\/wp\/v2\/types\/product"}],"wp:featuredmedia":[{"embeddable":true,"href":"https:\/\/arpon.com.ar\/ambiental\/wp-json\/wp\/v2\/media\/1767"}],"wp:attachment":[{"href":"https:\/\/arpon.com.ar\/ambiental\/wp-json\/wp\/v2\/media?parent=1766"}],"wp:term":[{"taxonomy":"product_brand","embeddable":true,"href":"https:\/\/arpon.com.ar\/ambiental\/wp-json\/wp\/v2\/product_brand?post=1766"},{"taxonomy":"product_cat","embeddable":true,"href":"https:\/\/arpon.com.ar\/ambiental\/wp-json\/wp\/v2\/product_cat?post=1766"},{"taxonomy":"product_tag","embeddable":true,"href":"https:\/\/arpon.com.ar\/ambiental\/wp-json\/wp\/v2\/product_tag?post=1766"},{"taxonomy":"rubro","embeddable":true,"href":"https:\/\/arpon.com.ar\/ambiental\/wp-json\/wp\/v2\/rubro?post=1766"},{"taxonomy":"problematica","embeddable":true,"href":"https:\/\/arpon.com.ar\/ambiental\/wp-json\/wp\/v2\/problematica?post=1766"}],"curies":[{"name":"wp","href":"https:\/\/api.w.org\/{rel}","templated":true}]}}