{"id":582,"date":"2021-08-11T18:47:16","date_gmt":"2021-08-11T18:47:16","guid":{"rendered":"http:\/\/arpon.com.ar\/ambiental\/?post_type=product&#038;p=582"},"modified":"2025-08-07T20:24:27","modified_gmt":"2025-08-07T20:24:27","slug":"maxforce-gel-forte-x-30-gr","status":"publish","type":"product","link":"https:\/\/arpon.com.ar\/ambiental\/productos\/insecticidas\/insecticidas-geles\/maxforce-gel-forte-x-30-gr\/","title":{"rendered":"MAXFORCE GEL FORTE X 30 GR."},"content":{"rendered":"<p>El fipronil es un insecticida que act\u00faa por contacto e ingesti\u00f3n sobre el sistema nervioso central, bloqueando el canal GABA (\u00e1cido gama amino but\u00edrico) de regulaci\u00f3n del cloro.<\/p>\n<p>Es la tercera generaci\u00f3n de geles\u00a0 que combina el exclusivo principio activo fipronil de Bayer; con la formulaci\u00f3n Gel m\u00e1s avanzada para el control de cucarachas.<\/p>\n<p>Tiene una acci\u00f3n muy r\u00e1pida que reduce inmediatamente la poblaci\u00f3n de cucarachas.\u00a0Los resultados se pueden apreciar 24\/48 horas, despu\u00e9s de aplicado con la presencia de cucarachas muertas.<\/p>\n<p>Debido a su gran estabilidad\u00a0mantiene su efectividad por aproximadamente 90 d\u00edas.\u00a0Despu\u00e9s de su aplicaci\u00f3n la gota de gel es estable; no se endurece y conserva su atracci\u00f3n y humedad.<\/p>\n<p>Aprovecha los patrones de comportamiento de las cucarachas para controlar tanto ninfas como a adultos.<br \/>\nDespu\u00e9s de la ingesti\u00f3n del Gel las cucarachas regresan a sus refugios donde defecan, esas fecas\u00a0 son comidas por las ninfas (coprofagia) que tambi\u00e9n van a morir.<br \/>\nLos cad\u00e1veres de las cucarachas muertas por la acci\u00f3n del gel son comidas por las otras\u00a0(necrofagia) que luego \u00a0van a morir.tambi\u00e9n.<\/p>\n","protected":false},"excerpt":{"rendered":"<div class=\"field field--name-node-title field--type-ds field--label-hidden field--item\">\n<h2><span style=\"font-size: 16px;\">Es la tercera generaci\u00f3n de geles\u00a0 que combina el exclusivo principio activo fipronil de Bayer; con la formulaci\u00f3n Gel m\u00e1s avanzada para el control de cucarachas.<\/span><\/h2>\n<\/div>\n","protected":false},"featured_media":1371,"template":"","meta":{"_joinchat":[]},"product_brand":[],"product_cat":[29],"product_tag":[],"rubro":[],"problematica":[],"class_list":{"0":"post-582","1":"product","2":"type-product","3":"status-publish","4":"has-post-thumbnail","6":"product_cat-insecticidas-geles","8":"first","9":"instock","10":"shipping-taxable","11":"product-type-simple"},"yoast_head":"<!-- This site is optimized with the Yoast SEO plugin v26.3 - https:\/\/yoast.com\/wordpress\/plugins\/seo\/ -->\n<title>MAXFORCE GEL FORTE X 30 GR. - Arpon Divisi\u00f3n Ambiental<\/title>\n<meta name=\"robots\" content=\"index, follow, max-snippet:-1, max-image-preview:large, max-video-preview:-1\" \/>\n<link rel=\"canonical\" href=\"https:\/\/arpon.com.ar\/ambiental\/productos\/insecticidas\/insecticidas-geles\/maxforce-gel-forte-x-30-gr\/\" \/>\n<meta property=\"og:locale\" content=\"es_ES\" \/>\n<meta property=\"og:type\" content=\"article\" \/>\n<meta property=\"og:title\" content=\"MAXFORCE GEL FORTE X 30 GR. - Arpon Divisi\u00f3n Ambiental\" \/>\n<meta property=\"og:description\" content=\"Es la tercera generaci\u00f3n de geles\u00a0 que combina el exclusivo principio activo fipronil de Bayer; con la formulaci\u00f3n Gel m\u00e1s avanzada para el control de cucarachas.\" \/>\n<meta property=\"og:url\" content=\"https:\/\/arpon.com.ar\/ambiental\/productos\/insecticidas\/insecticidas-geles\/maxforce-gel-forte-x-30-gr\/\" \/>\n<meta property=\"og:site_name\" content=\"Arpon Divisi\u00f3n Ambiental\" \/>\n<meta property=\"article:modified_time\" content=\"2025-08-07T20:24:27+00:00\" \/>\n<meta property=\"og:image\" content=\"https:\/\/arpon.com.ar\/ambiental\/wp-content\/uploads\/2022\/01\/WhatsApp-Image-2025-08-07-at-11.58.36.jpeg\" \/>\n\t<meta property=\"og:image:width\" content=\"943\" \/>\n\t<meta property=\"og:image:height\" content=\"1599\" \/>\n\t<meta property=\"og:image:type\" content=\"image\/jpeg\" \/>\n<meta name=\"twitter:card\" content=\"summary_large_image\" \/>\n<meta name=\"twitter:label1\" content=\"Tiempo de lectura\" \/>\n\t<meta name=\"twitter:data1\" content=\"1 minuto\" \/>\n<script type=\"application\/ld+json\" class=\"yoast-schema-graph\">{\"@context\":\"https:\/\/schema.org\",\"@graph\":[{\"@type\":\"WebPage\",\"@id\":\"https:\/\/arpon.com.ar\/ambiental\/productos\/insecticidas\/insecticidas-geles\/maxforce-gel-forte-x-30-gr\/\",\"url\":\"https:\/\/arpon.com.ar\/ambiental\/productos\/insecticidas\/insecticidas-geles\/maxforce-gel-forte-x-30-gr\/\",\"name\":\"MAXFORCE GEL FORTE X 30 GR. - Arpon Divisi\u00f3n Ambiental\",\"isPartOf\":{\"@id\":\"https:\/\/arponambiental.com.ar\/#website\"},\"primaryImageOfPage\":{\"@id\":\"https:\/\/arpon.com.ar\/ambiental\/productos\/insecticidas\/insecticidas-geles\/maxforce-gel-forte-x-30-gr\/#primaryimage\"},\"image\":{\"@id\":\"https:\/\/arpon.com.ar\/ambiental\/productos\/insecticidas\/insecticidas-geles\/maxforce-gel-forte-x-30-gr\/#primaryimage\"},\"thumbnailUrl\":\"https:\/\/arpon.com.ar\/ambiental\/wp-content\/uploads\/2022\/01\/WhatsApp-Image-2025-08-07-at-11.58.36.jpeg\",\"datePublished\":\"2021-08-11T18:47:16+00:00\",\"dateModified\":\"2025-08-07T20:24:27+00:00\",\"breadcrumb\":{\"@id\":\"https:\/\/arpon.com.ar\/ambiental\/productos\/insecticidas\/insecticidas-geles\/maxforce-gel-forte-x-30-gr\/#breadcrumb\"},\"inLanguage\":\"es\",\"potentialAction\":[{\"@type\":\"ReadAction\",\"target\":[\"https:\/\/arpon.com.ar\/ambiental\/productos\/insecticidas\/insecticidas-geles\/maxforce-gel-forte-x-30-gr\/\"]}]},{\"@type\":\"ImageObject\",\"inLanguage\":\"es\",\"@id\":\"https:\/\/arpon.com.ar\/ambiental\/productos\/insecticidas\/insecticidas-geles\/maxforce-gel-forte-x-30-gr\/#primaryimage\",\"url\":\"https:\/\/arpon.com.ar\/ambiental\/wp-content\/uploads\/2022\/01\/WhatsApp-Image-2025-08-07-at-11.58.36.jpeg\",\"contentUrl\":\"https:\/\/arpon.com.ar\/ambiental\/wp-content\/uploads\/2022\/01\/WhatsApp-Image-2025-08-07-at-11.58.36.jpeg\",\"width\":943,\"height\":1599},{\"@type\":\"BreadcrumbList\",\"@id\":\"https:\/\/arpon.com.ar\/ambiental\/productos\/insecticidas\/insecticidas-geles\/maxforce-gel-forte-x-30-gr\/#breadcrumb\",\"itemListElement\":[{\"@type\":\"ListItem\",\"position\":1,\"name\":\"Portada\",\"item\":\"https:\/\/arpon.com.ar\/ambiental\/\"},{\"@type\":\"ListItem\",\"position\":2,\"name\":\"Productos\",\"item\":\"https:\/\/arpon.com.ar\/ambiental\/productos\/\"},{\"@type\":\"ListItem\",\"position\":3,\"name\":\"MAXFORCE GEL FORTE X 30 GR.\"}]},{\"@type\":\"WebSite\",\"@id\":\"https:\/\/arponambiental.com.ar\/#website\",\"url\":\"https:\/\/arponambiental.com.ar\/\",\"name\":\"Arpon Divisi\u00f3n Ambiental\",\"description\":\"\",\"publisher\":{\"@id\":\"https:\/\/arponambiental.com.ar\/#organization\"},\"potentialAction\":[{\"@type\":\"SearchAction\",\"target\":{\"@type\":\"EntryPoint\",\"urlTemplate\":\"https:\/\/arponambiental.com.ar\/?s={search_term_string}\"},\"query-input\":{\"@type\":\"PropertyValueSpecification\",\"valueRequired\":true,\"valueName\":\"search_term_string\"}}],\"inLanguage\":\"es\"},{\"@type\":\"Organization\",\"@id\":\"https:\/\/arponambiental.com.ar\/#organization\",\"name\":\"Arpon Divisi\u00f3n Ambiental\",\"url\":\"https:\/\/arponambiental.com.ar\/\",\"logo\":{\"@type\":\"ImageObject\",\"inLanguage\":\"es\",\"@id\":\"https:\/\/arponambiental.com.ar\/#\/schema\/logo\/image\/\",\"url\":\"https:\/\/arponambiental.com.ar\/wp-content\/uploads\/2019\/08\/arpon-ambiental3.png\",\"contentUrl\":\"https:\/\/arponambiental.com.ar\/wp-content\/uploads\/2019\/08\/arpon-ambiental3.png\",\"width\":798,\"height\":332,\"caption\":\"Arpon Divisi\u00f3n Ambiental\"},\"image\":{\"@id\":\"https:\/\/arponambiental.com.ar\/#\/schema\/logo\/image\/\"}}]}<\/script>\n<!-- \/ Yoast SEO plugin. -->","yoast_head_json":{"title":"MAXFORCE GEL FORTE X 30 GR. - Arpon Divisi\u00f3n Ambiental","robots":{"index":"index","follow":"follow","max-snippet":"max-snippet:-1","max-image-preview":"max-image-preview:large","max-video-preview":"max-video-preview:-1"},"canonical":"https:\/\/arpon.com.ar\/ambiental\/productos\/insecticidas\/insecticidas-geles\/maxforce-gel-forte-x-30-gr\/","og_locale":"es_ES","og_type":"article","og_title":"MAXFORCE GEL FORTE X 30 GR. - Arpon Divisi\u00f3n Ambiental","og_description":"Es la tercera generaci\u00f3n de geles\u00a0 que combina el exclusivo principio activo fipronil de Bayer; con la formulaci\u00f3n Gel m\u00e1s avanzada para el control de cucarachas.","og_url":"https:\/\/arpon.com.ar\/ambiental\/productos\/insecticidas\/insecticidas-geles\/maxforce-gel-forte-x-30-gr\/","og_site_name":"Arpon Divisi\u00f3n Ambiental","article_modified_time":"2025-08-07T20:24:27+00:00","og_image":[{"width":943,"height":1599,"url":"https:\/\/arpon.com.ar\/ambiental\/wp-content\/uploads\/2022\/01\/WhatsApp-Image-2025-08-07-at-11.58.36.jpeg","type":"image\/jpeg"}],"twitter_card":"summary_large_image","twitter_misc":{"Tiempo de lectura":"1 minuto"},"schema":{"@context":"https:\/\/schema.org","@graph":[{"@type":"WebPage","@id":"https:\/\/arpon.com.ar\/ambiental\/productos\/insecticidas\/insecticidas-geles\/maxforce-gel-forte-x-30-gr\/","url":"https:\/\/arpon.com.ar\/ambiental\/productos\/insecticidas\/insecticidas-geles\/maxforce-gel-forte-x-30-gr\/","name":"MAXFORCE GEL FORTE X 30 GR. - Arpon Divisi\u00f3n Ambiental","isPartOf":{"@id":"https:\/\/arponambiental.com.ar\/#website"},"primaryImageOfPage":{"@id":"https:\/\/arpon.com.ar\/ambiental\/productos\/insecticidas\/insecticidas-geles\/maxforce-gel-forte-x-30-gr\/#primaryimage"},"image":{"@id":"https:\/\/arpon.com.ar\/ambiental\/productos\/insecticidas\/insecticidas-geles\/maxforce-gel-forte-x-30-gr\/#primaryimage"},"thumbnailUrl":"https:\/\/arpon.com.ar\/ambiental\/wp-content\/uploads\/2022\/01\/WhatsApp-Image-2025-08-07-at-11.58.36.jpeg","datePublished":"2021-08-11T18:47:16+00:00","dateModified":"2025-08-07T20:24:27+00:00","breadcrumb":{"@id":"https:\/\/arpon.com.ar\/ambiental\/productos\/insecticidas\/insecticidas-geles\/maxforce-gel-forte-x-30-gr\/#breadcrumb"},"inLanguage":"es","potentialAction":[{"@type":"ReadAction","target":["https:\/\/arpon.com.ar\/ambiental\/productos\/insecticidas\/insecticidas-geles\/maxforce-gel-forte-x-30-gr\/"]}]},{"@type":"ImageObject","inLanguage":"es","@id":"https:\/\/arpon.com.ar\/ambiental\/productos\/insecticidas\/insecticidas-geles\/maxforce-gel-forte-x-30-gr\/#primaryimage","url":"https:\/\/arpon.com.ar\/ambiental\/wp-content\/uploads\/2022\/01\/WhatsApp-Image-2025-08-07-at-11.58.36.jpeg","contentUrl":"https:\/\/arpon.com.ar\/ambiental\/wp-content\/uploads\/2022\/01\/WhatsApp-Image-2025-08-07-at-11.58.36.jpeg","width":943,"height":1599},{"@type":"BreadcrumbList","@id":"https:\/\/arpon.com.ar\/ambiental\/productos\/insecticidas\/insecticidas-geles\/maxforce-gel-forte-x-30-gr\/#breadcrumb","itemListElement":[{"@type":"ListItem","position":1,"name":"Portada","item":"https:\/\/arpon.com.ar\/ambiental\/"},{"@type":"ListItem","position":2,"name":"Productos","item":"https:\/\/arpon.com.ar\/ambiental\/productos\/"},{"@type":"ListItem","position":3,"name":"MAXFORCE GEL FORTE X 30 GR."}]},{"@type":"WebSite","@id":"https:\/\/arponambiental.com.ar\/#website","url":"https:\/\/arponambiental.com.ar\/","name":"Arpon Divisi\u00f3n Ambiental","description":"","publisher":{"@id":"https:\/\/arponambiental.com.ar\/#organization"},"potentialAction":[{"@type":"SearchAction","target":{"@type":"EntryPoint","urlTemplate":"https:\/\/arponambiental.com.ar\/?s={search_term_string}"},"query-input":{"@type":"PropertyValueSpecification","valueRequired":true,"valueName":"search_term_string"}}],"inLanguage":"es"},{"@type":"Organization","@id":"https:\/\/arponambiental.com.ar\/#organization","name":"Arpon Divisi\u00f3n Ambiental","url":"https:\/\/arponambiental.com.ar\/","logo":{"@type":"ImageObject","inLanguage":"es","@id":"https:\/\/arponambiental.com.ar\/#\/schema\/logo\/image\/","url":"https:\/\/arponambiental.com.ar\/wp-content\/uploads\/2019\/08\/arpon-ambiental3.png","contentUrl":"https:\/\/arponambiental.com.ar\/wp-content\/uploads\/2019\/08\/arpon-ambiental3.png","width":798,"height":332,"caption":"Arpon Divisi\u00f3n Ambiental"},"image":{"@id":"https:\/\/arponambiental.com.ar\/#\/schema\/logo\/image\/"}}]}},"_links":{"self":[{"href":"https:\/\/arpon.com.ar\/ambiental\/wp-json\/wp\/v2\/product\/582","targetHints":{"allow":["GET"]}}],"collection":[{"href":"https:\/\/arpon.com.ar\/ambiental\/wp-json\/wp\/v2\/product"}],"about":[{"href":"https:\/\/arpon.com.ar\/ambiental\/wp-json\/wp\/v2\/types\/product"}],"wp:featuredmedia":[{"embeddable":true,"href":"https:\/\/arpon.com.ar\/ambiental\/wp-json\/wp\/v2\/media\/1371"}],"wp:attachment":[{"href":"https:\/\/arpon.com.ar\/ambiental\/wp-json\/wp\/v2\/media?parent=582"}],"wp:term":[{"taxonomy":"product_brand","embeddable":true,"href":"https:\/\/arpon.com.ar\/ambiental\/wp-json\/wp\/v2\/product_brand?post=582"},{"taxonomy":"product_cat","embeddable":true,"href":"https:\/\/arpon.com.ar\/ambiental\/wp-json\/wp\/v2\/product_cat?post=582"},{"taxonomy":"product_tag","embeddable":true,"href":"https:\/\/arpon.com.ar\/ambiental\/wp-json\/wp\/v2\/product_tag?post=582"},{"taxonomy":"rubro","embeddable":true,"href":"https:\/\/arpon.com.ar\/ambiental\/wp-json\/wp\/v2\/rubro?post=582"},{"taxonomy":"problematica","embeddable":true,"href":"https:\/\/arpon.com.ar\/ambiental\/wp-json\/wp\/v2\/problematica?post=582"}],"curies":[{"name":"wp","href":"https:\/\/api.w.org\/{rel}","templated":true}]}}