{"id":711,"date":"2021-08-23T20:31:33","date_gmt":"2021-08-23T20:31:33","guid":{"rendered":"http:\/\/arpon.com.ar\/ambiental\/?post_type=product&#038;p=711"},"modified":"2025-08-08T13:25:40","modified_gmt":"2025-08-08T13:25:40","slug":"tacazo-insecticida-residual-x-lt","status":"publish","type":"product","link":"https:\/\/arpon.com.ar\/ambiental\/productos\/insecticidas\/insecticidas-liquidos\/tacazo-insecticida-residual-x-lt\/","title":{"rendered":"TACAZO INSECTICIDA RESIDUAL X LT."},"content":{"rendered":"<p>Tacazo\u00ae es un insecticida de doble acci\u00f3n para el control de plagas en todos los estadios del insecto.<br \/>\nTacazo\u00ae combina la acci\u00f3n r\u00e1pida de un piretroide con la efciencia de un insecticida regulador de crecimiento.<br \/>\nTacazo\u00ae es un insecticida ideal para obtener un control residual y efciente de plagas por un tiempo m\u00e1s prolongado inclusive contra especies resistentes a insecticidas.<\/p>\n<p><strong>Dosis:<\/strong><br \/>\nPlaga Dosis Cucarachas, hormigas 5 ml\/l<br \/>\nMoscas, mosquitos y garrapatas 10 ml\/l<br \/>\nPulgas, escorpiones, ara\u00f1as cascarudos de la cama y chinches de la cama 20ml\/l<\/p>\n<p><strong>Preparaci\u00f3n de la soluci\u00f3n:<\/strong><br \/>\nPara preparar una soluci\u00f3n con Tacazo\u00ae (l\u00edquido en suspensi\u00f3n concentrada), realizar primero una diluci\u00f3n previa. Para eso, mezclar el insecticida con un poco de agua en un recipiente y revolver hasta obtener una mezcla homog\u00e9nea. Se aconseja, tambi\u00e9n, colocar agua limpia en el dep\u00f3sito del pulverizador para agregarla enseguida a la diluci\u00f3n previa. Evitar que la soluci\u00f3n permanezca en reposo; para ello mover con frecuencia el pulverizador mientras lo utiliza.<\/p>\n","protected":false},"excerpt":{"rendered":"<h4>Es un insecticida desarrollado por BASF que combina la acci\u00f3n qu\u00edmica de dos potentes ingredientes activos insecticidas.<\/h4>\n<h4>Soluci\u00f3n para problem\u00e1ticas de plagas insectos y ar\u00e1cnidos, tanto desde su prolongada acci\u00f3n residual como desde la lucha contra la resistencia de los insectos que era algo muy solicitado por las empresas de control de plagas.<\/h4>\n<h4>Pa\u00edses donde tambi\u00e9n Tacazo \u00ae se encuentra registrado como Tenopa \u00ae<\/h4>\n<h4>Es el primer insecticida 3 en 1 del mercado: Volteo, Residualidad y Control de todos los estadios del insecto.<\/h4>\n<h4>Amplio espectro de Control.<\/h4>\n<h4>Formulaci\u00f3n suspencion Concentrada.<\/h4>\n<h4>Sin olo ni solventes.<\/h4>\n<h4><\/h4>\n<p>&nbsp;<\/p>\n","protected":false},"featured_media":1357,"template":"","meta":{"_joinchat":[]},"product_brand":[],"product_cat":[31,27],"product_tag":[],"rubro":[],"problematica":[106,107,109,108,111,112],"class_list":{"0":"post-711","1":"product","2":"type-product","3":"status-publish","4":"has-post-thumbnail","6":"product_cat-espacios-verdes","7":"product_cat-insecticidas-liquidos","8":"problematica-control-de-hormigas","9":"problematica-control-de-insectos-en-industrias","10":"problematica-control-de-insectos-en-interiores","11":"problematica-control-de-insectos-en-jardines","12":"problematica-control-de-moscas","13":"problematica-control-de-mosquitos","15":"first","16":"instock","17":"shipping-taxable","18":"product-type-simple"},"yoast_head":"<!-- This site is optimized with the Yoast SEO plugin v26.3 - https:\/\/yoast.com\/wordpress\/plugins\/seo\/ -->\n<title>TACAZO INSECTICIDA RESIDUAL X LT. - Arpon Divisi\u00f3n Ambiental<\/title>\n<meta name=\"robots\" content=\"index, follow, max-snippet:-1, max-image-preview:large, max-video-preview:-1\" \/>\n<link rel=\"canonical\" href=\"https:\/\/arpon.com.ar\/ambiental\/productos\/insecticidas\/insecticidas-liquidos\/tacazo-insecticida-residual-x-lt\/\" \/>\n<meta property=\"og:locale\" content=\"es_ES\" \/>\n<meta property=\"og:type\" content=\"article\" \/>\n<meta property=\"og:title\" content=\"TACAZO INSECTICIDA RESIDUAL X LT. - Arpon Divisi\u00f3n Ambiental\" \/>\n<meta property=\"og:description\" content=\"Es un insecticida desarrollado por BASF que combina la acci\u00f3n qu\u00edmica de dos potentes ingredientes activos insecticidas. Soluci\u00f3n para problem\u00e1ticas de plagas insectos y ar\u00e1cnidos, tanto desde su prolongada acci\u00f3n residual como desde la lucha contra la resistencia de los insectos que era algo muy solicitado por las empresas de control de plagas. Pa\u00edses donde tambi\u00e9n Tacazo \u00ae se encuentra registrado como Tenopa \u00ae Es el primer insecticida 3 en 1 del mercado: Volteo, Residualidad y Control de todos los estadios del insecto. Amplio espectro de Control. Formulaci\u00f3n suspencion Concentrada. Sin olo ni solventes.  &nbsp;\" \/>\n<meta property=\"og:url\" content=\"https:\/\/arpon.com.ar\/ambiental\/productos\/insecticidas\/insecticidas-liquidos\/tacazo-insecticida-residual-x-lt\/\" \/>\n<meta property=\"og:site_name\" content=\"Arpon Divisi\u00f3n Ambiental\" \/>\n<meta property=\"article:modified_time\" content=\"2025-08-08T13:25:40+00:00\" \/>\n<meta property=\"og:image\" content=\"https:\/\/arpon.com.ar\/ambiental\/wp-content\/uploads\/2021\/08\/WhatsApp-Image-2025-08-05-at-16.37.07.jpeg\" \/>\n\t<meta property=\"og:image:width\" content=\"1121\" \/>\n\t<meta property=\"og:image:height\" content=\"1600\" \/>\n\t<meta property=\"og:image:type\" content=\"image\/jpeg\" \/>\n<meta name=\"twitter:card\" content=\"summary_large_image\" \/>\n<meta name=\"twitter:label1\" content=\"Tiempo de lectura\" \/>\n\t<meta name=\"twitter:data1\" content=\"1 minuto\" \/>\n<script type=\"application\/ld+json\" class=\"yoast-schema-graph\">{\"@context\":\"https:\/\/schema.org\",\"@graph\":[{\"@type\":\"WebPage\",\"@id\":\"https:\/\/arpon.com.ar\/ambiental\/productos\/insecticidas\/insecticidas-liquidos\/tacazo-insecticida-residual-x-lt\/\",\"url\":\"https:\/\/arpon.com.ar\/ambiental\/productos\/insecticidas\/insecticidas-liquidos\/tacazo-insecticida-residual-x-lt\/\",\"name\":\"TACAZO INSECTICIDA RESIDUAL X LT. - Arpon Divisi\u00f3n Ambiental\",\"isPartOf\":{\"@id\":\"https:\/\/arponambiental.com.ar\/#website\"},\"primaryImageOfPage\":{\"@id\":\"https:\/\/arpon.com.ar\/ambiental\/productos\/insecticidas\/insecticidas-liquidos\/tacazo-insecticida-residual-x-lt\/#primaryimage\"},\"image\":{\"@id\":\"https:\/\/arpon.com.ar\/ambiental\/productos\/insecticidas\/insecticidas-liquidos\/tacazo-insecticida-residual-x-lt\/#primaryimage\"},\"thumbnailUrl\":\"https:\/\/arpon.com.ar\/ambiental\/wp-content\/uploads\/2021\/08\/WhatsApp-Image-2025-08-05-at-16.37.07.jpeg\",\"datePublished\":\"2021-08-23T20:31:33+00:00\",\"dateModified\":\"2025-08-08T13:25:40+00:00\",\"breadcrumb\":{\"@id\":\"https:\/\/arpon.com.ar\/ambiental\/productos\/insecticidas\/insecticidas-liquidos\/tacazo-insecticida-residual-x-lt\/#breadcrumb\"},\"inLanguage\":\"es\",\"potentialAction\":[{\"@type\":\"ReadAction\",\"target\":[\"https:\/\/arpon.com.ar\/ambiental\/productos\/insecticidas\/insecticidas-liquidos\/tacazo-insecticida-residual-x-lt\/\"]}]},{\"@type\":\"ImageObject\",\"inLanguage\":\"es\",\"@id\":\"https:\/\/arpon.com.ar\/ambiental\/productos\/insecticidas\/insecticidas-liquidos\/tacazo-insecticida-residual-x-lt\/#primaryimage\",\"url\":\"https:\/\/arpon.com.ar\/ambiental\/wp-content\/uploads\/2021\/08\/WhatsApp-Image-2025-08-05-at-16.37.07.jpeg\",\"contentUrl\":\"https:\/\/arpon.com.ar\/ambiental\/wp-content\/uploads\/2021\/08\/WhatsApp-Image-2025-08-05-at-16.37.07.jpeg\",\"width\":1121,\"height\":1600},{\"@type\":\"BreadcrumbList\",\"@id\":\"https:\/\/arpon.com.ar\/ambiental\/productos\/insecticidas\/insecticidas-liquidos\/tacazo-insecticida-residual-x-lt\/#breadcrumb\",\"itemListElement\":[{\"@type\":\"ListItem\",\"position\":1,\"name\":\"Portada\",\"item\":\"https:\/\/arpon.com.ar\/ambiental\/\"},{\"@type\":\"ListItem\",\"position\":2,\"name\":\"Productos\",\"item\":\"https:\/\/arpon.com.ar\/ambiental\/productos\/\"},{\"@type\":\"ListItem\",\"position\":3,\"name\":\"TACAZO INSECTICIDA RESIDUAL X LT.\"}]},{\"@type\":\"WebSite\",\"@id\":\"https:\/\/arponambiental.com.ar\/#website\",\"url\":\"https:\/\/arponambiental.com.ar\/\",\"name\":\"Arpon Divisi\u00f3n Ambiental\",\"description\":\"\",\"publisher\":{\"@id\":\"https:\/\/arponambiental.com.ar\/#organization\"},\"potentialAction\":[{\"@type\":\"SearchAction\",\"target\":{\"@type\":\"EntryPoint\",\"urlTemplate\":\"https:\/\/arponambiental.com.ar\/?s={search_term_string}\"},\"query-input\":{\"@type\":\"PropertyValueSpecification\",\"valueRequired\":true,\"valueName\":\"search_term_string\"}}],\"inLanguage\":\"es\"},{\"@type\":\"Organization\",\"@id\":\"https:\/\/arponambiental.com.ar\/#organization\",\"name\":\"Arpon Divisi\u00f3n Ambiental\",\"url\":\"https:\/\/arponambiental.com.ar\/\",\"logo\":{\"@type\":\"ImageObject\",\"inLanguage\":\"es\",\"@id\":\"https:\/\/arponambiental.com.ar\/#\/schema\/logo\/image\/\",\"url\":\"https:\/\/arponambiental.com.ar\/wp-content\/uploads\/2019\/08\/arpon-ambiental3.png\",\"contentUrl\":\"https:\/\/arponambiental.com.ar\/wp-content\/uploads\/2019\/08\/arpon-ambiental3.png\",\"width\":798,\"height\":332,\"caption\":\"Arpon Divisi\u00f3n Ambiental\"},\"image\":{\"@id\":\"https:\/\/arponambiental.com.ar\/#\/schema\/logo\/image\/\"}}]}<\/script>\n<!-- \/ Yoast SEO plugin. -->","yoast_head_json":{"title":"TACAZO INSECTICIDA RESIDUAL X LT. - Arpon Divisi\u00f3n Ambiental","robots":{"index":"index","follow":"follow","max-snippet":"max-snippet:-1","max-image-preview":"max-image-preview:large","max-video-preview":"max-video-preview:-1"},"canonical":"https:\/\/arpon.com.ar\/ambiental\/productos\/insecticidas\/insecticidas-liquidos\/tacazo-insecticida-residual-x-lt\/","og_locale":"es_ES","og_type":"article","og_title":"TACAZO INSECTICIDA RESIDUAL X LT. - Arpon Divisi\u00f3n Ambiental","og_description":"Es un insecticida desarrollado por BASF que combina la acci\u00f3n qu\u00edmica de dos potentes ingredientes activos insecticidas. Soluci\u00f3n para problem\u00e1ticas de plagas insectos y ar\u00e1cnidos, tanto desde su prolongada acci\u00f3n residual como desde la lucha contra la resistencia de los insectos que era algo muy solicitado por las empresas de control de plagas. Pa\u00edses donde tambi\u00e9n Tacazo \u00ae se encuentra registrado como Tenopa \u00ae Es el primer insecticida 3 en 1 del mercado: Volteo, Residualidad y Control de todos los estadios del insecto. Amplio espectro de Control. Formulaci\u00f3n suspencion Concentrada. Sin olo ni solventes.  &nbsp;","og_url":"https:\/\/arpon.com.ar\/ambiental\/productos\/insecticidas\/insecticidas-liquidos\/tacazo-insecticida-residual-x-lt\/","og_site_name":"Arpon Divisi\u00f3n Ambiental","article_modified_time":"2025-08-08T13:25:40+00:00","og_image":[{"width":1121,"height":1600,"url":"https:\/\/arpon.com.ar\/ambiental\/wp-content\/uploads\/2021\/08\/WhatsApp-Image-2025-08-05-at-16.37.07.jpeg","type":"image\/jpeg"}],"twitter_card":"summary_large_image","twitter_misc":{"Tiempo de lectura":"1 minuto"},"schema":{"@context":"https:\/\/schema.org","@graph":[{"@type":"WebPage","@id":"https:\/\/arpon.com.ar\/ambiental\/productos\/insecticidas\/insecticidas-liquidos\/tacazo-insecticida-residual-x-lt\/","url":"https:\/\/arpon.com.ar\/ambiental\/productos\/insecticidas\/insecticidas-liquidos\/tacazo-insecticida-residual-x-lt\/","name":"TACAZO INSECTICIDA RESIDUAL X LT. - Arpon Divisi\u00f3n Ambiental","isPartOf":{"@id":"https:\/\/arponambiental.com.ar\/#website"},"primaryImageOfPage":{"@id":"https:\/\/arpon.com.ar\/ambiental\/productos\/insecticidas\/insecticidas-liquidos\/tacazo-insecticida-residual-x-lt\/#primaryimage"},"image":{"@id":"https:\/\/arpon.com.ar\/ambiental\/productos\/insecticidas\/insecticidas-liquidos\/tacazo-insecticida-residual-x-lt\/#primaryimage"},"thumbnailUrl":"https:\/\/arpon.com.ar\/ambiental\/wp-content\/uploads\/2021\/08\/WhatsApp-Image-2025-08-05-at-16.37.07.jpeg","datePublished":"2021-08-23T20:31:33+00:00","dateModified":"2025-08-08T13:25:40+00:00","breadcrumb":{"@id":"https:\/\/arpon.com.ar\/ambiental\/productos\/insecticidas\/insecticidas-liquidos\/tacazo-insecticida-residual-x-lt\/#breadcrumb"},"inLanguage":"es","potentialAction":[{"@type":"ReadAction","target":["https:\/\/arpon.com.ar\/ambiental\/productos\/insecticidas\/insecticidas-liquidos\/tacazo-insecticida-residual-x-lt\/"]}]},{"@type":"ImageObject","inLanguage":"es","@id":"https:\/\/arpon.com.ar\/ambiental\/productos\/insecticidas\/insecticidas-liquidos\/tacazo-insecticida-residual-x-lt\/#primaryimage","url":"https:\/\/arpon.com.ar\/ambiental\/wp-content\/uploads\/2021\/08\/WhatsApp-Image-2025-08-05-at-16.37.07.jpeg","contentUrl":"https:\/\/arpon.com.ar\/ambiental\/wp-content\/uploads\/2021\/08\/WhatsApp-Image-2025-08-05-at-16.37.07.jpeg","width":1121,"height":1600},{"@type":"BreadcrumbList","@id":"https:\/\/arpon.com.ar\/ambiental\/productos\/insecticidas\/insecticidas-liquidos\/tacazo-insecticida-residual-x-lt\/#breadcrumb","itemListElement":[{"@type":"ListItem","position":1,"name":"Portada","item":"https:\/\/arpon.com.ar\/ambiental\/"},{"@type":"ListItem","position":2,"name":"Productos","item":"https:\/\/arpon.com.ar\/ambiental\/productos\/"},{"@type":"ListItem","position":3,"name":"TACAZO INSECTICIDA RESIDUAL X LT."}]},{"@type":"WebSite","@id":"https:\/\/arponambiental.com.ar\/#website","url":"https:\/\/arponambiental.com.ar\/","name":"Arpon Divisi\u00f3n Ambiental","description":"","publisher":{"@id":"https:\/\/arponambiental.com.ar\/#organization"},"potentialAction":[{"@type":"SearchAction","target":{"@type":"EntryPoint","urlTemplate":"https:\/\/arponambiental.com.ar\/?s={search_term_string}"},"query-input":{"@type":"PropertyValueSpecification","valueRequired":true,"valueName":"search_term_string"}}],"inLanguage":"es"},{"@type":"Organization","@id":"https:\/\/arponambiental.com.ar\/#organization","name":"Arpon Divisi\u00f3n Ambiental","url":"https:\/\/arponambiental.com.ar\/","logo":{"@type":"ImageObject","inLanguage":"es","@id":"https:\/\/arponambiental.com.ar\/#\/schema\/logo\/image\/","url":"https:\/\/arponambiental.com.ar\/wp-content\/uploads\/2019\/08\/arpon-ambiental3.png","contentUrl":"https:\/\/arponambiental.com.ar\/wp-content\/uploads\/2019\/08\/arpon-ambiental3.png","width":798,"height":332,"caption":"Arpon Divisi\u00f3n Ambiental"},"image":{"@id":"https:\/\/arponambiental.com.ar\/#\/schema\/logo\/image\/"}}]}},"_links":{"self":[{"href":"https:\/\/arpon.com.ar\/ambiental\/wp-json\/wp\/v2\/product\/711","targetHints":{"allow":["GET"]}}],"collection":[{"href":"https:\/\/arpon.com.ar\/ambiental\/wp-json\/wp\/v2\/product"}],"about":[{"href":"https:\/\/arpon.com.ar\/ambiental\/wp-json\/wp\/v2\/types\/product"}],"wp:featuredmedia":[{"embeddable":true,"href":"https:\/\/arpon.com.ar\/ambiental\/wp-json\/wp\/v2\/media\/1357"}],"wp:attachment":[{"href":"https:\/\/arpon.com.ar\/ambiental\/wp-json\/wp\/v2\/media?parent=711"}],"wp:term":[{"taxonomy":"product_brand","embeddable":true,"href":"https:\/\/arpon.com.ar\/ambiental\/wp-json\/wp\/v2\/product_brand?post=711"},{"taxonomy":"product_cat","embeddable":true,"href":"https:\/\/arpon.com.ar\/ambiental\/wp-json\/wp\/v2\/product_cat?post=711"},{"taxonomy":"product_tag","embeddable":true,"href":"https:\/\/arpon.com.ar\/ambiental\/wp-json\/wp\/v2\/product_tag?post=711"},{"taxonomy":"rubro","embeddable":true,"href":"https:\/\/arpon.com.ar\/ambiental\/wp-json\/wp\/v2\/rubro?post=711"},{"taxonomy":"problematica","embeddable":true,"href":"https:\/\/arpon.com.ar\/ambiental\/wp-json\/wp\/v2\/problematica?post=711"}],"curies":[{"name":"wp","href":"https:\/\/api.w.org\/{rel}","templated":true}]}}