{"id":760,"date":"2022-02-03T22:05:56","date_gmt":"2022-02-03T22:05:56","guid":{"rendered":"http:\/\/arpon.com.ar\/ambiental\/?post_type=product&#038;p=760"},"modified":"2026-04-14T20:35:23","modified_gmt":"2026-04-14T20:35:23","slug":"glacoxan-d-forte-x-litro","status":"publish","type":"product","link":"https:\/\/arpon.com.ar\/ambiental\/productos\/insecticidas\/insecticidas-liquidos\/glacoxan-d-forte-x-litro\/","title":{"rendered":"GLACOXAN D-FORTE X LITRO"},"content":{"rendered":"<h2 class=\"yikes-custom-woo-tab-title yikes-custom-woo-tab-title-recomendaciones-de-uso\">Recomendaciones de uso<\/h2>\n<p>\u2013 Pueden utilizarse equipos motorizados o manuales. Vali\u00e9ndose de un vaso graduado colocar con una peque\u00f1a cantidad de agua la dosis indicada de\u00a0<b>Glacoxan D-FORTE<\/b>\u00a0Posteriormente agitar la emulsi\u00f3n para homogenizarla y completar a volumen final con agua.<\/p>\n<p>\u2013 Ag\u00edtese antes de usar.<\/p>\n<p>\u2013 Prepare s\u00f3lo la cantidad que necesite para su uso inmediato, no guarde el producto diluido de un d\u00eda para el otro.<\/p>\n<p>\u2013 Pulverizar los sitios frecuentados por las plagas, en donde se posan, transitan, refugian, reproducen y en los sitios por donde puedan acceder a los edificios, locales o instalaciones.<\/p>\n<p>\u2013 Tratamientos residuales de superficies.<\/p>\n<hr \/>\n<p><strong>INSECTOS RASTREROS<\/strong><\/p>\n<p>\u2013 Como Cucarachas, hormigas, insectos de la madera, \u00e1caros, piojillos, chinches, pulgas, garrapatas, bicho bolita, escorpiones y ara\u00f1as: 75 cc cada 5 litros de agua para rociar 100m2.<\/p>\n<hr \/>\n<p><strong>INSECTOS VOLADORES<\/strong><\/p>\n<p>\u2013 Como Mosquitos, moscas, t\u00e1banos, polillas y avispas: 50 cc cada 5 litros de agua. para rociar 100m2.<\/p>\n<p>\u2013 Rociar paredes, techos, pisos, con un pulverizado fino del producto dilu\u00eddo en agua hasta cubrir las superficies.<\/p>\n<p>\u2013 Utilizar la dosis mayor en los casos de superficies porosas o absorbentes y en infestaciones altas.<\/p>\n<p><strong>GENERALIDADES DEL PRODUCTO<\/strong><\/p>\n<p>Es apto para ser usado tanto en dep\u00f3sitos, f\u00e1bricas, industrias alimenticias, granjas, caba\u00f1as, como en espacios verdes.<\/p>\n","protected":false},"excerpt":{"rendered":"<p>Es un insecticida que act\u00faa sobre insectos rastreros como Cucarachas, hormigas, insectos de la madera, \u00e1caros, piojillos, chinches, pulgas, garrapatas, bicho bolita e insectos voladores como Mosquitos moscas, t\u00e1banos, polillas y avispas. Controla tambi\u00e9n plagas dif\u00edciles como escorpiones y ara\u00f1as.<\/p>\n<table class=\"woocommerce-product-attributes shop_attributes\">\n<tbody>\n<tr class=\"woocommerce-product-attributes-item woocommerce-product-attributes-item--attribute_clasificaci%c3%b3n\">\n<th class=\"woocommerce-product-attributes-item__label\">Clasificaci\u00f3n<\/th>\n<td class=\"woocommerce-product-attributes-item__value\">Insecticida<\/td>\n<\/tr>\n<tr class=\"woocommerce-product-attributes-item woocommerce-product-attributes-item--attribute_formulaci%c3%b3n\">\n<th class=\"woocommerce-product-attributes-item__label\">Formulaci\u00f3n<\/th>\n<td class=\"woocommerce-product-attributes-item__value\">Concentrado Emulsionable<\/td>\n<\/tr>\n<tr class=\"woocommerce-product-attributes-item woocommerce-product-attributes-item--attribute_principio-activo\">\n<th class=\"woocommerce-product-attributes-item__label\">Principio activo<\/th>\n<td class=\"woocommerce-product-attributes-item__value\">Diclorvos 0.5 g., Propoxur 1 g., Cipermetrina 7g., Tetrametrina 0.32 g.,Butoxido de piperonilo 5 g., Solvente y Emulsionantes c.s.p. 100ml.<\/td>\n<\/tr>\n<\/tbody>\n<\/table>\n","protected":false},"featured_media":1753,"template":"","meta":{"_joinchat":[]},"product_brand":[],"product_cat":[27],"product_tag":[],"rubro":[],"problematica":[],"class_list":{"0":"post-760","1":"product","2":"type-product","3":"status-publish","4":"has-post-thumbnail","6":"product_cat-insecticidas-liquidos","8":"first","9":"instock","10":"shipping-taxable","11":"product-type-simple"},"yoast_head":"<!-- This site is optimized with the Yoast SEO plugin v26.3 - https:\/\/yoast.com\/wordpress\/plugins\/seo\/ -->\n<title>GLACOXAN D-FORTE X LITRO - Arpon Divisi\u00f3n Ambiental<\/title>\n<meta name=\"robots\" content=\"index, follow, max-snippet:-1, max-image-preview:large, max-video-preview:-1\" \/>\n<link rel=\"canonical\" href=\"https:\/\/arpon.com.ar\/ambiental\/productos\/insecticidas\/insecticidas-liquidos\/glacoxan-d-forte-x-litro\/\" \/>\n<meta property=\"og:locale\" content=\"es_ES\" \/>\n<meta property=\"og:type\" content=\"article\" \/>\n<meta property=\"og:title\" content=\"GLACOXAN D-FORTE X LITRO - Arpon Divisi\u00f3n Ambiental\" \/>\n<meta property=\"og:description\" content=\"Es un insecticida que act\u00faa sobre insectos rastreros como Cucarachas, hormigas, insectos de la madera, \u00e1caros, piojillos, chinches, pulgas, garrapatas, bicho bolita e insectos voladores como Mosquitos moscas, t\u00e1banos, polillas y avispas. Controla tambi\u00e9n plagas dif\u00edciles como escorpiones y ara\u00f1as.    Clasificaci\u00f3n Insecticida   Formulaci\u00f3n Concentrado Emulsionable   Principio activo Diclorvos 0.5 g., Propoxur 1 g., Cipermetrina 7g., Tetrametrina 0.32 g.,Butoxido de piperonilo 5 g., Solvente y Emulsionantes c.s.p. 100ml.\" \/>\n<meta property=\"og:url\" content=\"https:\/\/arpon.com.ar\/ambiental\/productos\/insecticidas\/insecticidas-liquidos\/glacoxan-d-forte-x-litro\/\" \/>\n<meta property=\"og:site_name\" content=\"Arpon Divisi\u00f3n Ambiental\" \/>\n<meta property=\"article:modified_time\" content=\"2026-04-14T20:35:23+00:00\" \/>\n<meta property=\"og:image\" content=\"https:\/\/arpon.com.ar\/ambiental\/wp-content\/uploads\/2022\/02\/WhatsApp-Image-2026-04-14-at-16.02.20.jpeg\" \/>\n\t<meta property=\"og:image:width\" content=\"1010\" \/>\n\t<meta property=\"og:image:height\" content=\"1562\" \/>\n\t<meta property=\"og:image:type\" content=\"image\/jpeg\" \/>\n<meta name=\"twitter:card\" content=\"summary_large_image\" \/>\n<meta name=\"twitter:label1\" content=\"Tiempo de lectura\" \/>\n\t<meta name=\"twitter:data1\" content=\"2 minutos\" \/>\n<script type=\"application\/ld+json\" class=\"yoast-schema-graph\">{\"@context\":\"https:\/\/schema.org\",\"@graph\":[{\"@type\":\"WebPage\",\"@id\":\"https:\/\/arpon.com.ar\/ambiental\/productos\/insecticidas\/insecticidas-liquidos\/glacoxan-d-forte-x-litro\/\",\"url\":\"https:\/\/arpon.com.ar\/ambiental\/productos\/insecticidas\/insecticidas-liquidos\/glacoxan-d-forte-x-litro\/\",\"name\":\"GLACOXAN D-FORTE X LITRO - Arpon Divisi\u00f3n Ambiental\",\"isPartOf\":{\"@id\":\"https:\/\/arponambiental.com.ar\/#website\"},\"primaryImageOfPage\":{\"@id\":\"https:\/\/arpon.com.ar\/ambiental\/productos\/insecticidas\/insecticidas-liquidos\/glacoxan-d-forte-x-litro\/#primaryimage\"},\"image\":{\"@id\":\"https:\/\/arpon.com.ar\/ambiental\/productos\/insecticidas\/insecticidas-liquidos\/glacoxan-d-forte-x-litro\/#primaryimage\"},\"thumbnailUrl\":\"https:\/\/arpon.com.ar\/ambiental\/wp-content\/uploads\/2022\/02\/WhatsApp-Image-2026-04-14-at-16.02.20.jpeg\",\"datePublished\":\"2022-02-03T22:05:56+00:00\",\"dateModified\":\"2026-04-14T20:35:23+00:00\",\"breadcrumb\":{\"@id\":\"https:\/\/arpon.com.ar\/ambiental\/productos\/insecticidas\/insecticidas-liquidos\/glacoxan-d-forte-x-litro\/#breadcrumb\"},\"inLanguage\":\"es\",\"potentialAction\":[{\"@type\":\"ReadAction\",\"target\":[\"https:\/\/arpon.com.ar\/ambiental\/productos\/insecticidas\/insecticidas-liquidos\/glacoxan-d-forte-x-litro\/\"]}]},{\"@type\":\"ImageObject\",\"inLanguage\":\"es\",\"@id\":\"https:\/\/arpon.com.ar\/ambiental\/productos\/insecticidas\/insecticidas-liquidos\/glacoxan-d-forte-x-litro\/#primaryimage\",\"url\":\"https:\/\/arpon.com.ar\/ambiental\/wp-content\/uploads\/2022\/02\/WhatsApp-Image-2026-04-14-at-16.02.20.jpeg\",\"contentUrl\":\"https:\/\/arpon.com.ar\/ambiental\/wp-content\/uploads\/2022\/02\/WhatsApp-Image-2026-04-14-at-16.02.20.jpeg\",\"width\":1010,\"height\":1562},{\"@type\":\"BreadcrumbList\",\"@id\":\"https:\/\/arpon.com.ar\/ambiental\/productos\/insecticidas\/insecticidas-liquidos\/glacoxan-d-forte-x-litro\/#breadcrumb\",\"itemListElement\":[{\"@type\":\"ListItem\",\"position\":1,\"name\":\"Portada\",\"item\":\"https:\/\/arpon.com.ar\/ambiental\/\"},{\"@type\":\"ListItem\",\"position\":2,\"name\":\"Productos\",\"item\":\"https:\/\/arpon.com.ar\/ambiental\/productos\/\"},{\"@type\":\"ListItem\",\"position\":3,\"name\":\"GLACOXAN D-FORTE X LITRO\"}]},{\"@type\":\"WebSite\",\"@id\":\"https:\/\/arponambiental.com.ar\/#website\",\"url\":\"https:\/\/arponambiental.com.ar\/\",\"name\":\"Arpon Divisi\u00f3n Ambiental\",\"description\":\"\",\"publisher\":{\"@id\":\"https:\/\/arponambiental.com.ar\/#organization\"},\"potentialAction\":[{\"@type\":\"SearchAction\",\"target\":{\"@type\":\"EntryPoint\",\"urlTemplate\":\"https:\/\/arponambiental.com.ar\/?s={search_term_string}\"},\"query-input\":{\"@type\":\"PropertyValueSpecification\",\"valueRequired\":true,\"valueName\":\"search_term_string\"}}],\"inLanguage\":\"es\"},{\"@type\":\"Organization\",\"@id\":\"https:\/\/arponambiental.com.ar\/#organization\",\"name\":\"Arpon Divisi\u00f3n Ambiental\",\"url\":\"https:\/\/arponambiental.com.ar\/\",\"logo\":{\"@type\":\"ImageObject\",\"inLanguage\":\"es\",\"@id\":\"https:\/\/arponambiental.com.ar\/#\/schema\/logo\/image\/\",\"url\":\"https:\/\/arponambiental.com.ar\/wp-content\/uploads\/2019\/08\/arpon-ambiental3.png\",\"contentUrl\":\"https:\/\/arponambiental.com.ar\/wp-content\/uploads\/2019\/08\/arpon-ambiental3.png\",\"width\":798,\"height\":332,\"caption\":\"Arpon Divisi\u00f3n Ambiental\"},\"image\":{\"@id\":\"https:\/\/arponambiental.com.ar\/#\/schema\/logo\/image\/\"}}]}<\/script>\n<!-- \/ Yoast SEO plugin. -->","yoast_head_json":{"title":"GLACOXAN D-FORTE X LITRO - Arpon Divisi\u00f3n Ambiental","robots":{"index":"index","follow":"follow","max-snippet":"max-snippet:-1","max-image-preview":"max-image-preview:large","max-video-preview":"max-video-preview:-1"},"canonical":"https:\/\/arpon.com.ar\/ambiental\/productos\/insecticidas\/insecticidas-liquidos\/glacoxan-d-forte-x-litro\/","og_locale":"es_ES","og_type":"article","og_title":"GLACOXAN D-FORTE X LITRO - Arpon Divisi\u00f3n Ambiental","og_description":"Es un insecticida que act\u00faa sobre insectos rastreros como Cucarachas, hormigas, insectos de la madera, \u00e1caros, piojillos, chinches, pulgas, garrapatas, bicho bolita e insectos voladores como Mosquitos moscas, t\u00e1banos, polillas y avispas. Controla tambi\u00e9n plagas dif\u00edciles como escorpiones y ara\u00f1as.    Clasificaci\u00f3n Insecticida   Formulaci\u00f3n Concentrado Emulsionable   Principio activo Diclorvos 0.5 g., Propoxur 1 g., Cipermetrina 7g., Tetrametrina 0.32 g.,Butoxido de piperonilo 5 g., Solvente y Emulsionantes c.s.p. 100ml.","og_url":"https:\/\/arpon.com.ar\/ambiental\/productos\/insecticidas\/insecticidas-liquidos\/glacoxan-d-forte-x-litro\/","og_site_name":"Arpon Divisi\u00f3n Ambiental","article_modified_time":"2026-04-14T20:35:23+00:00","og_image":[{"width":1010,"height":1562,"url":"https:\/\/arpon.com.ar\/ambiental\/wp-content\/uploads\/2022\/02\/WhatsApp-Image-2026-04-14-at-16.02.20.jpeg","type":"image\/jpeg"}],"twitter_card":"summary_large_image","twitter_misc":{"Tiempo de lectura":"2 minutos"},"schema":{"@context":"https:\/\/schema.org","@graph":[{"@type":"WebPage","@id":"https:\/\/arpon.com.ar\/ambiental\/productos\/insecticidas\/insecticidas-liquidos\/glacoxan-d-forte-x-litro\/","url":"https:\/\/arpon.com.ar\/ambiental\/productos\/insecticidas\/insecticidas-liquidos\/glacoxan-d-forte-x-litro\/","name":"GLACOXAN D-FORTE X LITRO - Arpon Divisi\u00f3n Ambiental","isPartOf":{"@id":"https:\/\/arponambiental.com.ar\/#website"},"primaryImageOfPage":{"@id":"https:\/\/arpon.com.ar\/ambiental\/productos\/insecticidas\/insecticidas-liquidos\/glacoxan-d-forte-x-litro\/#primaryimage"},"image":{"@id":"https:\/\/arpon.com.ar\/ambiental\/productos\/insecticidas\/insecticidas-liquidos\/glacoxan-d-forte-x-litro\/#primaryimage"},"thumbnailUrl":"https:\/\/arpon.com.ar\/ambiental\/wp-content\/uploads\/2022\/02\/WhatsApp-Image-2026-04-14-at-16.02.20.jpeg","datePublished":"2022-02-03T22:05:56+00:00","dateModified":"2026-04-14T20:35:23+00:00","breadcrumb":{"@id":"https:\/\/arpon.com.ar\/ambiental\/productos\/insecticidas\/insecticidas-liquidos\/glacoxan-d-forte-x-litro\/#breadcrumb"},"inLanguage":"es","potentialAction":[{"@type":"ReadAction","target":["https:\/\/arpon.com.ar\/ambiental\/productos\/insecticidas\/insecticidas-liquidos\/glacoxan-d-forte-x-litro\/"]}]},{"@type":"ImageObject","inLanguage":"es","@id":"https:\/\/arpon.com.ar\/ambiental\/productos\/insecticidas\/insecticidas-liquidos\/glacoxan-d-forte-x-litro\/#primaryimage","url":"https:\/\/arpon.com.ar\/ambiental\/wp-content\/uploads\/2022\/02\/WhatsApp-Image-2026-04-14-at-16.02.20.jpeg","contentUrl":"https:\/\/arpon.com.ar\/ambiental\/wp-content\/uploads\/2022\/02\/WhatsApp-Image-2026-04-14-at-16.02.20.jpeg","width":1010,"height":1562},{"@type":"BreadcrumbList","@id":"https:\/\/arpon.com.ar\/ambiental\/productos\/insecticidas\/insecticidas-liquidos\/glacoxan-d-forte-x-litro\/#breadcrumb","itemListElement":[{"@type":"ListItem","position":1,"name":"Portada","item":"https:\/\/arpon.com.ar\/ambiental\/"},{"@type":"ListItem","position":2,"name":"Productos","item":"https:\/\/arpon.com.ar\/ambiental\/productos\/"},{"@type":"ListItem","position":3,"name":"GLACOXAN D-FORTE X LITRO"}]},{"@type":"WebSite","@id":"https:\/\/arponambiental.com.ar\/#website","url":"https:\/\/arponambiental.com.ar\/","name":"Arpon Divisi\u00f3n Ambiental","description":"","publisher":{"@id":"https:\/\/arponambiental.com.ar\/#organization"},"potentialAction":[{"@type":"SearchAction","target":{"@type":"EntryPoint","urlTemplate":"https:\/\/arponambiental.com.ar\/?s={search_term_string}"},"query-input":{"@type":"PropertyValueSpecification","valueRequired":true,"valueName":"search_term_string"}}],"inLanguage":"es"},{"@type":"Organization","@id":"https:\/\/arponambiental.com.ar\/#organization","name":"Arpon Divisi\u00f3n Ambiental","url":"https:\/\/arponambiental.com.ar\/","logo":{"@type":"ImageObject","inLanguage":"es","@id":"https:\/\/arponambiental.com.ar\/#\/schema\/logo\/image\/","url":"https:\/\/arponambiental.com.ar\/wp-content\/uploads\/2019\/08\/arpon-ambiental3.png","contentUrl":"https:\/\/arponambiental.com.ar\/wp-content\/uploads\/2019\/08\/arpon-ambiental3.png","width":798,"height":332,"caption":"Arpon Divisi\u00f3n Ambiental"},"image":{"@id":"https:\/\/arponambiental.com.ar\/#\/schema\/logo\/image\/"}}]}},"_links":{"self":[{"href":"https:\/\/arpon.com.ar\/ambiental\/wp-json\/wp\/v2\/product\/760","targetHints":{"allow":["GET"]}}],"collection":[{"href":"https:\/\/arpon.com.ar\/ambiental\/wp-json\/wp\/v2\/product"}],"about":[{"href":"https:\/\/arpon.com.ar\/ambiental\/wp-json\/wp\/v2\/types\/product"}],"wp:featuredmedia":[{"embeddable":true,"href":"https:\/\/arpon.com.ar\/ambiental\/wp-json\/wp\/v2\/media\/1753"}],"wp:attachment":[{"href":"https:\/\/arpon.com.ar\/ambiental\/wp-json\/wp\/v2\/media?parent=760"}],"wp:term":[{"taxonomy":"product_brand","embeddable":true,"href":"https:\/\/arpon.com.ar\/ambiental\/wp-json\/wp\/v2\/product_brand?post=760"},{"taxonomy":"product_cat","embeddable":true,"href":"https:\/\/arpon.com.ar\/ambiental\/wp-json\/wp\/v2\/product_cat?post=760"},{"taxonomy":"product_tag","embeddable":true,"href":"https:\/\/arpon.com.ar\/ambiental\/wp-json\/wp\/v2\/product_tag?post=760"},{"taxonomy":"rubro","embeddable":true,"href":"https:\/\/arpon.com.ar\/ambiental\/wp-json\/wp\/v2\/rubro?post=760"},{"taxonomy":"problematica","embeddable":true,"href":"https:\/\/arpon.com.ar\/ambiental\/wp-json\/wp\/v2\/problematica?post=760"}],"curies":[{"name":"wp","href":"https:\/\/api.w.org\/{rel}","templated":true}]}}