{"id":800,"date":"2022-02-05T18:57:33","date_gmt":"2022-02-05T18:57:33","guid":{"rendered":"http:\/\/arpon.com.ar\/ambiental\/?post_type=product&#038;p=800"},"modified":"2022-05-02T13:10:16","modified_gmt":"2022-05-02T13:10:16","slug":"advion-cucarachicida-gel-syngenta-x-30-gr","status":"publish","type":"product","link":"https:\/\/arpon.com.ar\/ambiental\/productos\/insecticidas\/insecticidas-geles\/advion-cucarachicida-gel-syngenta-x-30-gr\/","title":{"rendered":"ADVION CUCARACHICIDA GEL SYNGENTA X 30 GR."},"content":{"rendered":"<p>ADVION Cucaracha Gel evoluciona el control de cucarachas por su tecnolog\u00eda patentada y \u00fanica, basada en alta atractividad y palatabilidad comprobadas, a\u00fan en cepas de cucarachas que presentan resistencia gen\u00e9tica de comportamiento, conocida como aversi\u00f3n al consumo de otros cebos cucarachicidas y en las que presentan resistencia fisisol\u00f3gica a algunos activos.<\/p>\n<p>ADVION\u00ae CUCARACHA GEL est\u00e1 dise\u00f1ado para controlar plagas de las especies de cucarachas tales como: Cucaracha alemana (Blattella germ\u00e1nica); Cucaracha americana (Periplaneta americana); Cucaracha oriental (Blatta orientalis) y otras especies como Cucaracha australiana (P. australasiae); Cucaracha marr\u00f3n (P. brunnea).<\/p>\n<p><strong>PRECAUCIONES DE USO<\/strong><br \/>\n\uf0b7 Se recomienda el uso de guantes para su manipulaci\u00f3n.<br \/>\n\uf0b7 Puede causar sensibilizaci\u00f3n al contacto con la piel.<br \/>\n\uf0b7 No aplicar ADVION CUCARACHA GEL en superficies recientemente tratadas con insecticidas<br \/>\nresiduales.<br \/>\n\uf0b7 No aplicar insecticidas residuales sobre superficies tratadas con ADVION CUCARACHA GEL.<br \/>\n\uf0b7 Inspeccionar las sitios aplicados con el gel peri\u00f3dicamente y re-aplicar gel fresco en caso necesario.<br \/>\n\uf0b7 No aplicar en superficies que est\u00e1n en contacto con alimentos.<br \/>\n\uf0b7 No permita que los alimentos entren en contacto con el gel.<br \/>\n\uf0b7 Evitar el contacto con la piel, ojos o ropa.<br \/>\n\uf0b7 Lavar minuciosamente con jab\u00f3n y agua despu\u00e9s de manipular el cebo.<br \/>\n\uf0b7 El contacto prolongado o repetido frecuentemente con la piel puede causar reacciones al\u00e9rgicas en<br \/>\nalgunos individuos.<br \/>\n\uf0b7 No aplicar directamente al agua o fuentes de agua.<br \/>\n\uf0b7 No aplicar en equipos el\u00e9ctricos (ej: hornos microondas, refrigerador, etc.)<br \/>\n\uf0b7 No comer, fumar o beber durante la manipulaci\u00f3n y\/o aplicaci\u00f3n del producto.<\/p>\n<p>&nbsp;<\/p>\n","protected":false},"excerpt":{"rendered":"<p>ADVION Cucaracha Gel es un atractivo cebo en gel dise\u00f1ado para el control de las principales especies de cucarachas. Este nuevo modo de acci\u00f3n entrega un control altamente eficiente, sin repelencia y en una formulaci\u00f3n de gran atractividad, siendo especialmente recomendado para \u00e1reas sensibles y de cuidado.<\/p>\n<p><strong>Composici\u00f3n:<\/strong><br \/>\nCada 100 g de producto contiene:<br \/>\nIndoxacarb (N\u00b0 CAS: 173584-44-6)\u2026\u2026\u2026\u2026\u2026\u2026 0,6 g<br \/>\nOtros ingredientes, csp \u2026\u2026\u2026\u2026\u2026\u2026\u2026\u2026\u2026.\u2026. 100 g<\/p>\n","protected":false},"featured_media":809,"template":"","meta":{"_joinchat":[]},"product_brand":[],"product_cat":[29],"product_tag":[],"rubro":[],"problematica":[],"class_list":{"0":"post-800","1":"product","2":"type-product","3":"status-publish","4":"has-post-thumbnail","6":"product_cat-insecticidas-geles","8":"first","9":"instock","10":"shipping-taxable","11":"product-type-simple"},"yoast_head":"<!-- This site is optimized with the Yoast SEO plugin v26.3 - https:\/\/yoast.com\/wordpress\/plugins\/seo\/ -->\n<title>ADVION CUCARACHICIDA GEL SYNGENTA X 30 GR. - Arpon Divisi\u00f3n Ambiental<\/title>\n<meta name=\"robots\" content=\"index, follow, max-snippet:-1, max-image-preview:large, max-video-preview:-1\" \/>\n<link rel=\"canonical\" href=\"https:\/\/arpon.com.ar\/ambiental\/productos\/insecticidas\/insecticidas-geles\/advion-cucarachicida-gel-syngenta-x-30-gr\/\" \/>\n<meta property=\"og:locale\" content=\"es_ES\" \/>\n<meta property=\"og:type\" content=\"article\" \/>\n<meta property=\"og:title\" content=\"ADVION CUCARACHICIDA GEL SYNGENTA X 30 GR. - Arpon Divisi\u00f3n Ambiental\" \/>\n<meta property=\"og:description\" content=\"ADVION Cucaracha Gel es un atractivo cebo en gel dise\u00f1ado para el control de las principales especies de cucarachas. Este nuevo modo de acci\u00f3n entrega un control altamente eficiente, sin repelencia y en una formulaci\u00f3n de gran atractividad, siendo especialmente recomendado para \u00e1reas sensibles y de cuidado.  Composici\u00f3n: Cada 100 g de producto contiene: Indoxacarb (N\u00b0 CAS: 173584-44-6)\u2026\u2026\u2026\u2026\u2026\u2026 0,6 g Otros ingredientes, csp \u2026\u2026\u2026\u2026\u2026\u2026\u2026\u2026\u2026.\u2026. 100 g\" \/>\n<meta property=\"og:url\" content=\"https:\/\/arpon.com.ar\/ambiental\/productos\/insecticidas\/insecticidas-geles\/advion-cucarachicida-gel-syngenta-x-30-gr\/\" \/>\n<meta property=\"og:site_name\" content=\"Arpon Divisi\u00f3n Ambiental\" \/>\n<meta property=\"article:modified_time\" content=\"2022-05-02T13:10:16+00:00\" \/>\n<meta property=\"og:image\" content=\"https:\/\/arpon.com.ar\/ambiental\/wp-content\/uploads\/2022\/02\/advion.jpg\" \/>\n\t<meta property=\"og:image:width\" content=\"230\" \/>\n\t<meta property=\"og:image:height\" content=\"219\" \/>\n\t<meta property=\"og:image:type\" content=\"image\/jpeg\" \/>\n<meta name=\"twitter:card\" content=\"summary_large_image\" \/>\n<meta name=\"twitter:label1\" content=\"Tiempo de lectura\" \/>\n\t<meta name=\"twitter:data1\" content=\"1 minuto\" \/>\n<script type=\"application\/ld+json\" class=\"yoast-schema-graph\">{\"@context\":\"https:\/\/schema.org\",\"@graph\":[{\"@type\":\"WebPage\",\"@id\":\"https:\/\/arpon.com.ar\/ambiental\/productos\/insecticidas\/insecticidas-geles\/advion-cucarachicida-gel-syngenta-x-30-gr\/\",\"url\":\"https:\/\/arpon.com.ar\/ambiental\/productos\/insecticidas\/insecticidas-geles\/advion-cucarachicida-gel-syngenta-x-30-gr\/\",\"name\":\"ADVION CUCARACHICIDA GEL SYNGENTA X 30 GR. - Arpon Divisi\u00f3n Ambiental\",\"isPartOf\":{\"@id\":\"https:\/\/arponambiental.com.ar\/#website\"},\"primaryImageOfPage\":{\"@id\":\"https:\/\/arpon.com.ar\/ambiental\/productos\/insecticidas\/insecticidas-geles\/advion-cucarachicida-gel-syngenta-x-30-gr\/#primaryimage\"},\"image\":{\"@id\":\"https:\/\/arpon.com.ar\/ambiental\/productos\/insecticidas\/insecticidas-geles\/advion-cucarachicida-gel-syngenta-x-30-gr\/#primaryimage\"},\"thumbnailUrl\":\"https:\/\/arpon.com.ar\/ambiental\/wp-content\/uploads\/2022\/02\/advion.jpg\",\"datePublished\":\"2022-02-05T18:57:33+00:00\",\"dateModified\":\"2022-05-02T13:10:16+00:00\",\"breadcrumb\":{\"@id\":\"https:\/\/arpon.com.ar\/ambiental\/productos\/insecticidas\/insecticidas-geles\/advion-cucarachicida-gel-syngenta-x-30-gr\/#breadcrumb\"},\"inLanguage\":\"es\",\"potentialAction\":[{\"@type\":\"ReadAction\",\"target\":[\"https:\/\/arpon.com.ar\/ambiental\/productos\/insecticidas\/insecticidas-geles\/advion-cucarachicida-gel-syngenta-x-30-gr\/\"]}]},{\"@type\":\"ImageObject\",\"inLanguage\":\"es\",\"@id\":\"https:\/\/arpon.com.ar\/ambiental\/productos\/insecticidas\/insecticidas-geles\/advion-cucarachicida-gel-syngenta-x-30-gr\/#primaryimage\",\"url\":\"https:\/\/arpon.com.ar\/ambiental\/wp-content\/uploads\/2022\/02\/advion.jpg\",\"contentUrl\":\"https:\/\/arpon.com.ar\/ambiental\/wp-content\/uploads\/2022\/02\/advion.jpg\",\"width\":230,\"height\":219},{\"@type\":\"BreadcrumbList\",\"@id\":\"https:\/\/arpon.com.ar\/ambiental\/productos\/insecticidas\/insecticidas-geles\/advion-cucarachicida-gel-syngenta-x-30-gr\/#breadcrumb\",\"itemListElement\":[{\"@type\":\"ListItem\",\"position\":1,\"name\":\"Portada\",\"item\":\"https:\/\/arpon.com.ar\/ambiental\/\"},{\"@type\":\"ListItem\",\"position\":2,\"name\":\"Productos\",\"item\":\"https:\/\/arpon.com.ar\/ambiental\/productos\/\"},{\"@type\":\"ListItem\",\"position\":3,\"name\":\"ADVION CUCARACHICIDA GEL SYNGENTA X 30 GR.\"}]},{\"@type\":\"WebSite\",\"@id\":\"https:\/\/arponambiental.com.ar\/#website\",\"url\":\"https:\/\/arponambiental.com.ar\/\",\"name\":\"Arpon Divisi\u00f3n Ambiental\",\"description\":\"\",\"publisher\":{\"@id\":\"https:\/\/arponambiental.com.ar\/#organization\"},\"potentialAction\":[{\"@type\":\"SearchAction\",\"target\":{\"@type\":\"EntryPoint\",\"urlTemplate\":\"https:\/\/arponambiental.com.ar\/?s={search_term_string}\"},\"query-input\":{\"@type\":\"PropertyValueSpecification\",\"valueRequired\":true,\"valueName\":\"search_term_string\"}}],\"inLanguage\":\"es\"},{\"@type\":\"Organization\",\"@id\":\"https:\/\/arponambiental.com.ar\/#organization\",\"name\":\"Arpon Divisi\u00f3n Ambiental\",\"url\":\"https:\/\/arponambiental.com.ar\/\",\"logo\":{\"@type\":\"ImageObject\",\"inLanguage\":\"es\",\"@id\":\"https:\/\/arponambiental.com.ar\/#\/schema\/logo\/image\/\",\"url\":\"https:\/\/arponambiental.com.ar\/wp-content\/uploads\/2019\/08\/arpon-ambiental3.png\",\"contentUrl\":\"https:\/\/arponambiental.com.ar\/wp-content\/uploads\/2019\/08\/arpon-ambiental3.png\",\"width\":798,\"height\":332,\"caption\":\"Arpon Divisi\u00f3n Ambiental\"},\"image\":{\"@id\":\"https:\/\/arponambiental.com.ar\/#\/schema\/logo\/image\/\"}}]}<\/script>\n<!-- \/ Yoast SEO plugin. -->","yoast_head_json":{"title":"ADVION CUCARACHICIDA GEL SYNGENTA X 30 GR. - Arpon Divisi\u00f3n Ambiental","robots":{"index":"index","follow":"follow","max-snippet":"max-snippet:-1","max-image-preview":"max-image-preview:large","max-video-preview":"max-video-preview:-1"},"canonical":"https:\/\/arpon.com.ar\/ambiental\/productos\/insecticidas\/insecticidas-geles\/advion-cucarachicida-gel-syngenta-x-30-gr\/","og_locale":"es_ES","og_type":"article","og_title":"ADVION CUCARACHICIDA GEL SYNGENTA X 30 GR. - Arpon Divisi\u00f3n Ambiental","og_description":"ADVION Cucaracha Gel es un atractivo cebo en gel dise\u00f1ado para el control de las principales especies de cucarachas. Este nuevo modo de acci\u00f3n entrega un control altamente eficiente, sin repelencia y en una formulaci\u00f3n de gran atractividad, siendo especialmente recomendado para \u00e1reas sensibles y de cuidado.  Composici\u00f3n: Cada 100 g de producto contiene: Indoxacarb (N\u00b0 CAS: 173584-44-6)\u2026\u2026\u2026\u2026\u2026\u2026 0,6 g Otros ingredientes, csp \u2026\u2026\u2026\u2026\u2026\u2026\u2026\u2026\u2026.\u2026. 100 g","og_url":"https:\/\/arpon.com.ar\/ambiental\/productos\/insecticidas\/insecticidas-geles\/advion-cucarachicida-gel-syngenta-x-30-gr\/","og_site_name":"Arpon Divisi\u00f3n Ambiental","article_modified_time":"2022-05-02T13:10:16+00:00","og_image":[{"width":230,"height":219,"url":"https:\/\/arpon.com.ar\/ambiental\/wp-content\/uploads\/2022\/02\/advion.jpg","type":"image\/jpeg"}],"twitter_card":"summary_large_image","twitter_misc":{"Tiempo de lectura":"1 minuto"},"schema":{"@context":"https:\/\/schema.org","@graph":[{"@type":"WebPage","@id":"https:\/\/arpon.com.ar\/ambiental\/productos\/insecticidas\/insecticidas-geles\/advion-cucarachicida-gel-syngenta-x-30-gr\/","url":"https:\/\/arpon.com.ar\/ambiental\/productos\/insecticidas\/insecticidas-geles\/advion-cucarachicida-gel-syngenta-x-30-gr\/","name":"ADVION CUCARACHICIDA GEL SYNGENTA X 30 GR. - Arpon Divisi\u00f3n Ambiental","isPartOf":{"@id":"https:\/\/arponambiental.com.ar\/#website"},"primaryImageOfPage":{"@id":"https:\/\/arpon.com.ar\/ambiental\/productos\/insecticidas\/insecticidas-geles\/advion-cucarachicida-gel-syngenta-x-30-gr\/#primaryimage"},"image":{"@id":"https:\/\/arpon.com.ar\/ambiental\/productos\/insecticidas\/insecticidas-geles\/advion-cucarachicida-gel-syngenta-x-30-gr\/#primaryimage"},"thumbnailUrl":"https:\/\/arpon.com.ar\/ambiental\/wp-content\/uploads\/2022\/02\/advion.jpg","datePublished":"2022-02-05T18:57:33+00:00","dateModified":"2022-05-02T13:10:16+00:00","breadcrumb":{"@id":"https:\/\/arpon.com.ar\/ambiental\/productos\/insecticidas\/insecticidas-geles\/advion-cucarachicida-gel-syngenta-x-30-gr\/#breadcrumb"},"inLanguage":"es","potentialAction":[{"@type":"ReadAction","target":["https:\/\/arpon.com.ar\/ambiental\/productos\/insecticidas\/insecticidas-geles\/advion-cucarachicida-gel-syngenta-x-30-gr\/"]}]},{"@type":"ImageObject","inLanguage":"es","@id":"https:\/\/arpon.com.ar\/ambiental\/productos\/insecticidas\/insecticidas-geles\/advion-cucarachicida-gel-syngenta-x-30-gr\/#primaryimage","url":"https:\/\/arpon.com.ar\/ambiental\/wp-content\/uploads\/2022\/02\/advion.jpg","contentUrl":"https:\/\/arpon.com.ar\/ambiental\/wp-content\/uploads\/2022\/02\/advion.jpg","width":230,"height":219},{"@type":"BreadcrumbList","@id":"https:\/\/arpon.com.ar\/ambiental\/productos\/insecticidas\/insecticidas-geles\/advion-cucarachicida-gel-syngenta-x-30-gr\/#breadcrumb","itemListElement":[{"@type":"ListItem","position":1,"name":"Portada","item":"https:\/\/arpon.com.ar\/ambiental\/"},{"@type":"ListItem","position":2,"name":"Productos","item":"https:\/\/arpon.com.ar\/ambiental\/productos\/"},{"@type":"ListItem","position":3,"name":"ADVION CUCARACHICIDA GEL SYNGENTA X 30 GR."}]},{"@type":"WebSite","@id":"https:\/\/arponambiental.com.ar\/#website","url":"https:\/\/arponambiental.com.ar\/","name":"Arpon Divisi\u00f3n Ambiental","description":"","publisher":{"@id":"https:\/\/arponambiental.com.ar\/#organization"},"potentialAction":[{"@type":"SearchAction","target":{"@type":"EntryPoint","urlTemplate":"https:\/\/arponambiental.com.ar\/?s={search_term_string}"},"query-input":{"@type":"PropertyValueSpecification","valueRequired":true,"valueName":"search_term_string"}}],"inLanguage":"es"},{"@type":"Organization","@id":"https:\/\/arponambiental.com.ar\/#organization","name":"Arpon Divisi\u00f3n Ambiental","url":"https:\/\/arponambiental.com.ar\/","logo":{"@type":"ImageObject","inLanguage":"es","@id":"https:\/\/arponambiental.com.ar\/#\/schema\/logo\/image\/","url":"https:\/\/arponambiental.com.ar\/wp-content\/uploads\/2019\/08\/arpon-ambiental3.png","contentUrl":"https:\/\/arponambiental.com.ar\/wp-content\/uploads\/2019\/08\/arpon-ambiental3.png","width":798,"height":332,"caption":"Arpon Divisi\u00f3n Ambiental"},"image":{"@id":"https:\/\/arponambiental.com.ar\/#\/schema\/logo\/image\/"}}]}},"_links":{"self":[{"href":"https:\/\/arpon.com.ar\/ambiental\/wp-json\/wp\/v2\/product\/800","targetHints":{"allow":["GET"]}}],"collection":[{"href":"https:\/\/arpon.com.ar\/ambiental\/wp-json\/wp\/v2\/product"}],"about":[{"href":"https:\/\/arpon.com.ar\/ambiental\/wp-json\/wp\/v2\/types\/product"}],"wp:featuredmedia":[{"embeddable":true,"href":"https:\/\/arpon.com.ar\/ambiental\/wp-json\/wp\/v2\/media\/809"}],"wp:attachment":[{"href":"https:\/\/arpon.com.ar\/ambiental\/wp-json\/wp\/v2\/media?parent=800"}],"wp:term":[{"taxonomy":"product_brand","embeddable":true,"href":"https:\/\/arpon.com.ar\/ambiental\/wp-json\/wp\/v2\/product_brand?post=800"},{"taxonomy":"product_cat","embeddable":true,"href":"https:\/\/arpon.com.ar\/ambiental\/wp-json\/wp\/v2\/product_cat?post=800"},{"taxonomy":"product_tag","embeddable":true,"href":"https:\/\/arpon.com.ar\/ambiental\/wp-json\/wp\/v2\/product_tag?post=800"},{"taxonomy":"rubro","embeddable":true,"href":"https:\/\/arpon.com.ar\/ambiental\/wp-json\/wp\/v2\/rubro?post=800"},{"taxonomy":"problematica","embeddable":true,"href":"https:\/\/arpon.com.ar\/ambiental\/wp-json\/wp\/v2\/problematica?post=800"}],"curies":[{"name":"wp","href":"https:\/\/api.w.org\/{rel}","templated":true}]}}