{"id":802,"date":"2022-02-05T18:09:57","date_gmt":"2022-02-05T18:09:57","guid":{"rendered":"http:\/\/arpon.com.ar\/ambiental\/?post_type=product&#038;p=802"},"modified":"2022-10-20T12:58:22","modified_gmt":"2022-10-20T12:58:22","slug":"cebo-cucarachicida-finn-gel-binka-x-30-gramos","status":"publish","type":"product","link":"https:\/\/arpon.com.ar\/ambiental\/productos\/insecticidas\/insecticidas-geles\/cebo-cucarachicida-finn-gel-binka-x-30-gramos\/","title":{"rendered":"FINN GEL CEBO CUCARACHICIDA  X 30 GS."},"content":{"rendered":"<p>Finn Gel cebo cucarachicida\u00a0tiene una duraci\u00f3n de hasta tres meses en el ambiente tratado, lo que garantiza un\u00a0control\u00a0total\u00a0de la plaga\u00a0y evita futuras reinfestaciones. Finn Gel es un complemento imprescindible en cualquier tratamiento de\u00a0fumigaci\u00f3n o control de plagas\u00a0de los diferentes tipos de cucarachas que suelen invadir viviendas y comercios.\u00a0\u00a0Gel finland\u00e9sse presenta en una pr\u00e1ctica jeringa aplicadora que garantiza econom\u00eda de uso y seguridad en la aplicaci\u00f3n. Especies de cucarachas que controla Finn Gel: \u00a0\u00a0-Blattella Germ\u00e1nica (Cucaracha americana)\u00a0-Blatta Orientalis (Cucaracha negra)\u00a0-Periplaneta Americana (Cucaracha de jard\u00edn).<\/p>\n<div><strong>RENDIMIENTO<\/strong><\/div>\n<div>La Hidrametilnona permite controlar cucarachas sensibles y cepas de cucarachas resistentes a los insecticidas convencionales y\/u otros geles del mercado.<\/div>\n<div><\/div>\n<div><strong>\u00a0<\/strong><\/div>\n<div><strong>SEGURIDAD<\/strong><\/div>\n<div>Est\u00e1 comprobado que, gracias a su formulaci\u00f3n desarrollada con altos est\u00e1ndares de seguridad, un humano o animal deber\u00eda ingerir el contenido de varias jeringas para que el producto pueda provocar alg\u00fan tipo de intoxicaci\u00f3n en ellos.<\/div>\n<div><\/div>\n<div><strong>APLICACI\u00d3N<\/strong><\/div>\n<div><strong>Especies peque\u00f1as:<\/strong>\u00a01 o 2 gotas de 3 mm \/ m2 seg\u00fan infestaci\u00f3n baja\/alta.<\/div>\n<div><strong>Especies grandes:<\/strong>\u00a02 o 4 gotas de 3 mm \/m2 seg\u00fan infestaci\u00f3n baja\/alta.<\/div>\n","protected":false},"excerpt":{"rendered":"<p><strong>Finn Gel cucarachicida<\/strong>\u00a0es un cebo espec\u00edfico para el\u00a0<strong>control de cucarachas<\/strong> formulado en base a Hidrametilnona. Este ingrediente mata lentamente a los insectos de toda la colonia utilizando los h\u00e1bitos alimenticios para el contagio del producto.<\/p>\n<section id=\"content2-bt\" class=\"content2 cid-sz7pCINuGb\">\n<div class=\"container\">\n<div class=\"row justify-content-center\">\n<div class=\"col-12 col-md-12\">\n<p class=\"mbr-text mbr-fonts-style display-1\"><strong>FINN GEL<\/strong>\u00ae<br \/>\nCucarachicida en gel con poderoso atractante detectable a metros de distancia.<\/p>\n<\/div>\n<\/div>\n<\/div>\n<\/section>\n<section id=\"content3-bs\" class=\"content3 cid-sz7pACtnVI\">\n<div class=\"container\">\n<div class=\"row justify-content-center\">\n<div class=\"col-12 col-md-12\">\n<hr class=\"line\" \/>\n<p class=\"mbr-text align-center mbr-fonts-style my-4 display-7\"><strong>FORMULACI\u00d3N<br \/>\n<\/strong>Cada 100 grs contiene Hidramethilnona, 2,15 g.<\/p>\n<\/div>\n<\/div>\n<\/div>\n<\/section>\n","protected":false},"featured_media":806,"template":"","meta":{"_joinchat":[]},"product_brand":[],"product_cat":[29],"product_tag":[],"rubro":[],"problematica":[],"class_list":{"0":"post-802","1":"product","2":"type-product","3":"status-publish","4":"has-post-thumbnail","6":"product_cat-insecticidas-geles","8":"first","9":"instock","10":"shipping-taxable","11":"product-type-simple"},"yoast_head":"<!-- This site is optimized with the Yoast SEO plugin v26.3 - https:\/\/yoast.com\/wordpress\/plugins\/seo\/ -->\n<title>FINN GEL CEBO CUCARACHICIDA X 30 GS. - Arpon Divisi\u00f3n Ambiental<\/title>\n<meta name=\"robots\" content=\"index, follow, max-snippet:-1, max-image-preview:large, max-video-preview:-1\" \/>\n<link rel=\"canonical\" href=\"https:\/\/arpon.com.ar\/ambiental\/productos\/insecticidas\/insecticidas-geles\/cebo-cucarachicida-finn-gel-binka-x-30-gramos\/\" \/>\n<meta property=\"og:locale\" content=\"es_ES\" \/>\n<meta property=\"og:type\" content=\"article\" \/>\n<meta property=\"og:title\" content=\"FINN GEL CEBO CUCARACHICIDA X 30 GS. - Arpon Divisi\u00f3n Ambiental\" \/>\n<meta property=\"og:description\" content=\"Finn Gel cucarachicida\u00a0es un cebo espec\u00edfico para el\u00a0control de cucarachas formulado en base a Hidrametilnona. Este ingrediente mata lentamente a los insectos de toda la colonia utilizando los h\u00e1bitos alimenticios para el contagio del producto.      FINN GEL\u00ae Cucarachicida en gel con poderoso atractante detectable a metros de distancia.           FORMULACI\u00d3N Cada 100 grs contiene Hidramethilnona, 2,15 g.\" \/>\n<meta property=\"og:url\" content=\"https:\/\/arpon.com.ar\/ambiental\/productos\/insecticidas\/insecticidas-geles\/cebo-cucarachicida-finn-gel-binka-x-30-gramos\/\" \/>\n<meta property=\"og:site_name\" content=\"Arpon Divisi\u00f3n Ambiental\" \/>\n<meta property=\"article:modified_time\" content=\"2022-10-20T12:58:22+00:00\" \/>\n<meta property=\"og:image\" content=\"https:\/\/arpon.com.ar\/ambiental\/wp-content\/uploads\/2022\/02\/finn-gel2021-2.jpeg\" \/>\n\t<meta property=\"og:image:width\" content=\"749\" \/>\n\t<meta property=\"og:image:height\" content=\"529\" \/>\n\t<meta property=\"og:image:type\" content=\"image\/jpeg\" \/>\n<meta name=\"twitter:card\" content=\"summary_large_image\" \/>\n<meta name=\"twitter:label1\" content=\"Tiempo de lectura\" \/>\n\t<meta name=\"twitter:data1\" content=\"1 minuto\" \/>\n<script type=\"application\/ld+json\" class=\"yoast-schema-graph\">{\"@context\":\"https:\/\/schema.org\",\"@graph\":[{\"@type\":\"WebPage\",\"@id\":\"https:\/\/arpon.com.ar\/ambiental\/productos\/insecticidas\/insecticidas-geles\/cebo-cucarachicida-finn-gel-binka-x-30-gramos\/\",\"url\":\"https:\/\/arpon.com.ar\/ambiental\/productos\/insecticidas\/insecticidas-geles\/cebo-cucarachicida-finn-gel-binka-x-30-gramos\/\",\"name\":\"FINN GEL CEBO CUCARACHICIDA X 30 GS. - Arpon Divisi\u00f3n Ambiental\",\"isPartOf\":{\"@id\":\"https:\/\/arponambiental.com.ar\/#website\"},\"primaryImageOfPage\":{\"@id\":\"https:\/\/arpon.com.ar\/ambiental\/productos\/insecticidas\/insecticidas-geles\/cebo-cucarachicida-finn-gel-binka-x-30-gramos\/#primaryimage\"},\"image\":{\"@id\":\"https:\/\/arpon.com.ar\/ambiental\/productos\/insecticidas\/insecticidas-geles\/cebo-cucarachicida-finn-gel-binka-x-30-gramos\/#primaryimage\"},\"thumbnailUrl\":\"https:\/\/arpon.com.ar\/ambiental\/wp-content\/uploads\/2022\/02\/finn-gel2021-2.jpeg\",\"datePublished\":\"2022-02-05T18:09:57+00:00\",\"dateModified\":\"2022-10-20T12:58:22+00:00\",\"breadcrumb\":{\"@id\":\"https:\/\/arpon.com.ar\/ambiental\/productos\/insecticidas\/insecticidas-geles\/cebo-cucarachicida-finn-gel-binka-x-30-gramos\/#breadcrumb\"},\"inLanguage\":\"es\",\"potentialAction\":[{\"@type\":\"ReadAction\",\"target\":[\"https:\/\/arpon.com.ar\/ambiental\/productos\/insecticidas\/insecticidas-geles\/cebo-cucarachicida-finn-gel-binka-x-30-gramos\/\"]}]},{\"@type\":\"ImageObject\",\"inLanguage\":\"es\",\"@id\":\"https:\/\/arpon.com.ar\/ambiental\/productos\/insecticidas\/insecticidas-geles\/cebo-cucarachicida-finn-gel-binka-x-30-gramos\/#primaryimage\",\"url\":\"https:\/\/arpon.com.ar\/ambiental\/wp-content\/uploads\/2022\/02\/finn-gel2021-2.jpeg\",\"contentUrl\":\"https:\/\/arpon.com.ar\/ambiental\/wp-content\/uploads\/2022\/02\/finn-gel2021-2.jpeg\",\"width\":749,\"height\":529},{\"@type\":\"BreadcrumbList\",\"@id\":\"https:\/\/arpon.com.ar\/ambiental\/productos\/insecticidas\/insecticidas-geles\/cebo-cucarachicida-finn-gel-binka-x-30-gramos\/#breadcrumb\",\"itemListElement\":[{\"@type\":\"ListItem\",\"position\":1,\"name\":\"Portada\",\"item\":\"https:\/\/arpon.com.ar\/ambiental\/\"},{\"@type\":\"ListItem\",\"position\":2,\"name\":\"Productos\",\"item\":\"https:\/\/arpon.com.ar\/ambiental\/productos\/\"},{\"@type\":\"ListItem\",\"position\":3,\"name\":\"FINN GEL CEBO CUCARACHICIDA X 30 GS.\"}]},{\"@type\":\"WebSite\",\"@id\":\"https:\/\/arponambiental.com.ar\/#website\",\"url\":\"https:\/\/arponambiental.com.ar\/\",\"name\":\"Arpon Divisi\u00f3n Ambiental\",\"description\":\"\",\"publisher\":{\"@id\":\"https:\/\/arponambiental.com.ar\/#organization\"},\"potentialAction\":[{\"@type\":\"SearchAction\",\"target\":{\"@type\":\"EntryPoint\",\"urlTemplate\":\"https:\/\/arponambiental.com.ar\/?s={search_term_string}\"},\"query-input\":{\"@type\":\"PropertyValueSpecification\",\"valueRequired\":true,\"valueName\":\"search_term_string\"}}],\"inLanguage\":\"es\"},{\"@type\":\"Organization\",\"@id\":\"https:\/\/arponambiental.com.ar\/#organization\",\"name\":\"Arpon Divisi\u00f3n Ambiental\",\"url\":\"https:\/\/arponambiental.com.ar\/\",\"logo\":{\"@type\":\"ImageObject\",\"inLanguage\":\"es\",\"@id\":\"https:\/\/arponambiental.com.ar\/#\/schema\/logo\/image\/\",\"url\":\"https:\/\/arponambiental.com.ar\/wp-content\/uploads\/2019\/08\/arpon-ambiental3.png\",\"contentUrl\":\"https:\/\/arponambiental.com.ar\/wp-content\/uploads\/2019\/08\/arpon-ambiental3.png\",\"width\":798,\"height\":332,\"caption\":\"Arpon Divisi\u00f3n Ambiental\"},\"image\":{\"@id\":\"https:\/\/arponambiental.com.ar\/#\/schema\/logo\/image\/\"}}]}<\/script>\n<!-- \/ Yoast SEO plugin. -->","yoast_head_json":{"title":"FINN GEL CEBO CUCARACHICIDA X 30 GS. - Arpon Divisi\u00f3n Ambiental","robots":{"index":"index","follow":"follow","max-snippet":"max-snippet:-1","max-image-preview":"max-image-preview:large","max-video-preview":"max-video-preview:-1"},"canonical":"https:\/\/arpon.com.ar\/ambiental\/productos\/insecticidas\/insecticidas-geles\/cebo-cucarachicida-finn-gel-binka-x-30-gramos\/","og_locale":"es_ES","og_type":"article","og_title":"FINN GEL CEBO CUCARACHICIDA X 30 GS. - Arpon Divisi\u00f3n Ambiental","og_description":"Finn Gel cucarachicida\u00a0es un cebo espec\u00edfico para el\u00a0control de cucarachas formulado en base a Hidrametilnona. Este ingrediente mata lentamente a los insectos de toda la colonia utilizando los h\u00e1bitos alimenticios para el contagio del producto.      FINN GEL\u00ae Cucarachicida en gel con poderoso atractante detectable a metros de distancia.           FORMULACI\u00d3N Cada 100 grs contiene Hidramethilnona, 2,15 g.","og_url":"https:\/\/arpon.com.ar\/ambiental\/productos\/insecticidas\/insecticidas-geles\/cebo-cucarachicida-finn-gel-binka-x-30-gramos\/","og_site_name":"Arpon Divisi\u00f3n Ambiental","article_modified_time":"2022-10-20T12:58:22+00:00","og_image":[{"width":749,"height":529,"url":"https:\/\/arpon.com.ar\/ambiental\/wp-content\/uploads\/2022\/02\/finn-gel2021-2.jpeg","type":"image\/jpeg"}],"twitter_card":"summary_large_image","twitter_misc":{"Tiempo de lectura":"1 minuto"},"schema":{"@context":"https:\/\/schema.org","@graph":[{"@type":"WebPage","@id":"https:\/\/arpon.com.ar\/ambiental\/productos\/insecticidas\/insecticidas-geles\/cebo-cucarachicida-finn-gel-binka-x-30-gramos\/","url":"https:\/\/arpon.com.ar\/ambiental\/productos\/insecticidas\/insecticidas-geles\/cebo-cucarachicida-finn-gel-binka-x-30-gramos\/","name":"FINN GEL CEBO CUCARACHICIDA X 30 GS. - Arpon Divisi\u00f3n Ambiental","isPartOf":{"@id":"https:\/\/arponambiental.com.ar\/#website"},"primaryImageOfPage":{"@id":"https:\/\/arpon.com.ar\/ambiental\/productos\/insecticidas\/insecticidas-geles\/cebo-cucarachicida-finn-gel-binka-x-30-gramos\/#primaryimage"},"image":{"@id":"https:\/\/arpon.com.ar\/ambiental\/productos\/insecticidas\/insecticidas-geles\/cebo-cucarachicida-finn-gel-binka-x-30-gramos\/#primaryimage"},"thumbnailUrl":"https:\/\/arpon.com.ar\/ambiental\/wp-content\/uploads\/2022\/02\/finn-gel2021-2.jpeg","datePublished":"2022-02-05T18:09:57+00:00","dateModified":"2022-10-20T12:58:22+00:00","breadcrumb":{"@id":"https:\/\/arpon.com.ar\/ambiental\/productos\/insecticidas\/insecticidas-geles\/cebo-cucarachicida-finn-gel-binka-x-30-gramos\/#breadcrumb"},"inLanguage":"es","potentialAction":[{"@type":"ReadAction","target":["https:\/\/arpon.com.ar\/ambiental\/productos\/insecticidas\/insecticidas-geles\/cebo-cucarachicida-finn-gel-binka-x-30-gramos\/"]}]},{"@type":"ImageObject","inLanguage":"es","@id":"https:\/\/arpon.com.ar\/ambiental\/productos\/insecticidas\/insecticidas-geles\/cebo-cucarachicida-finn-gel-binka-x-30-gramos\/#primaryimage","url":"https:\/\/arpon.com.ar\/ambiental\/wp-content\/uploads\/2022\/02\/finn-gel2021-2.jpeg","contentUrl":"https:\/\/arpon.com.ar\/ambiental\/wp-content\/uploads\/2022\/02\/finn-gel2021-2.jpeg","width":749,"height":529},{"@type":"BreadcrumbList","@id":"https:\/\/arpon.com.ar\/ambiental\/productos\/insecticidas\/insecticidas-geles\/cebo-cucarachicida-finn-gel-binka-x-30-gramos\/#breadcrumb","itemListElement":[{"@type":"ListItem","position":1,"name":"Portada","item":"https:\/\/arpon.com.ar\/ambiental\/"},{"@type":"ListItem","position":2,"name":"Productos","item":"https:\/\/arpon.com.ar\/ambiental\/productos\/"},{"@type":"ListItem","position":3,"name":"FINN GEL CEBO CUCARACHICIDA X 30 GS."}]},{"@type":"WebSite","@id":"https:\/\/arponambiental.com.ar\/#website","url":"https:\/\/arponambiental.com.ar\/","name":"Arpon Divisi\u00f3n Ambiental","description":"","publisher":{"@id":"https:\/\/arponambiental.com.ar\/#organization"},"potentialAction":[{"@type":"SearchAction","target":{"@type":"EntryPoint","urlTemplate":"https:\/\/arponambiental.com.ar\/?s={search_term_string}"},"query-input":{"@type":"PropertyValueSpecification","valueRequired":true,"valueName":"search_term_string"}}],"inLanguage":"es"},{"@type":"Organization","@id":"https:\/\/arponambiental.com.ar\/#organization","name":"Arpon Divisi\u00f3n Ambiental","url":"https:\/\/arponambiental.com.ar\/","logo":{"@type":"ImageObject","inLanguage":"es","@id":"https:\/\/arponambiental.com.ar\/#\/schema\/logo\/image\/","url":"https:\/\/arponambiental.com.ar\/wp-content\/uploads\/2019\/08\/arpon-ambiental3.png","contentUrl":"https:\/\/arponambiental.com.ar\/wp-content\/uploads\/2019\/08\/arpon-ambiental3.png","width":798,"height":332,"caption":"Arpon Divisi\u00f3n Ambiental"},"image":{"@id":"https:\/\/arponambiental.com.ar\/#\/schema\/logo\/image\/"}}]}},"_links":{"self":[{"href":"https:\/\/arpon.com.ar\/ambiental\/wp-json\/wp\/v2\/product\/802","targetHints":{"allow":["GET"]}}],"collection":[{"href":"https:\/\/arpon.com.ar\/ambiental\/wp-json\/wp\/v2\/product"}],"about":[{"href":"https:\/\/arpon.com.ar\/ambiental\/wp-json\/wp\/v2\/types\/product"}],"wp:featuredmedia":[{"embeddable":true,"href":"https:\/\/arpon.com.ar\/ambiental\/wp-json\/wp\/v2\/media\/806"}],"wp:attachment":[{"href":"https:\/\/arpon.com.ar\/ambiental\/wp-json\/wp\/v2\/media?parent=802"}],"wp:term":[{"taxonomy":"product_brand","embeddable":true,"href":"https:\/\/arpon.com.ar\/ambiental\/wp-json\/wp\/v2\/product_brand?post=802"},{"taxonomy":"product_cat","embeddable":true,"href":"https:\/\/arpon.com.ar\/ambiental\/wp-json\/wp\/v2\/product_cat?post=802"},{"taxonomy":"product_tag","embeddable":true,"href":"https:\/\/arpon.com.ar\/ambiental\/wp-json\/wp\/v2\/product_tag?post=802"},{"taxonomy":"rubro","embeddable":true,"href":"https:\/\/arpon.com.ar\/ambiental\/wp-json\/wp\/v2\/rubro?post=802"},{"taxonomy":"problematica","embeddable":true,"href":"https:\/\/arpon.com.ar\/ambiental\/wp-json\/wp\/v2\/problematica?post=802"}],"curies":[{"name":"wp","href":"https:\/\/api.w.org\/{rel}","templated":true}]}}