{"id":873,"date":"2022-02-09T13:51:54","date_gmt":"2022-02-09T13:51:54","guid":{"rendered":"http:\/\/arpon.com.ar\/ambiental\/?post_type=product&#038;p=873"},"modified":"2025-10-15T20:23:19","modified_gmt":"2025-10-15T20:23:19","slug":"pulverizador-manual-giber-h-9","status":"publish","type":"product","link":"https:\/\/arpon.com.ar\/ambiental\/productos\/maquinas-y-equipos\/pulverizador-manual-giber-h-9\/","title":{"rendered":"PULVERIZADOR MANUAL GIBER H 9"},"content":{"rendered":"<p data-start=\"708\" data-end=\"954\">El <strong data-start=\"711\" data-end=\"737\">Pulverizador Giber H-9<\/strong> es un equipo manual de presi\u00f3n previa, resistente y de f\u00e1cil uso. Dise\u00f1ado para trabajos profesionales y dom\u00e9sticos de pulverizaci\u00f3n.<br data-start=\"871\" data-end=\"874\" \/>Fabricado en pl\u00e1stico de alta densidad, combina ligereza con gran durabilidad.<\/p>\n<p data-start=\"956\" data-end=\"990\"><strong data-start=\"956\" data-end=\"988\">Caracter\u00edsticas principales:<\/strong><\/p>\n<ul data-start=\"991\" data-end=\"1314\">\n<li data-start=\"991\" data-end=\"1018\">\n<p data-start=\"993\" data-end=\"1018\">Capacidad: <strong data-start=\"1004\" data-end=\"1016\">9 litros<\/strong><\/p>\n<\/li>\n<li data-start=\"1019\" data-end=\"1057\">\n<p data-start=\"1021\" data-end=\"1057\">Sistema: <strong data-start=\"1030\" data-end=\"1055\">Presi\u00f3n previa manual<\/strong><\/p>\n<\/li>\n<li data-start=\"1058\" data-end=\"1108\">\n<p data-start=\"1060\" data-end=\"1108\">Material: Pl\u00e1stico resistente de alta densidad<\/p>\n<\/li>\n<li data-start=\"1109\" data-end=\"1150\">\n<p data-start=\"1111\" data-end=\"1150\">Boquilla: Regulable (chorro o niebla)<\/p>\n<\/li>\n<li data-start=\"1151\" data-end=\"1185\">\n<p data-start=\"1153\" data-end=\"1185\">Correa de transporte ajustable<\/p>\n<\/li>\n<li data-start=\"1186\" data-end=\"1220\">\n<p data-start=\"1188\" data-end=\"1220\">V\u00e1lvula de seguridad integrada<\/p>\n<\/li>\n<li data-start=\"1221\" data-end=\"1314\">\n<p data-start=\"1223\" data-end=\"1314\">Ideal para aplicaciones de productos fitosanitarios, desinfecci\u00f3n, limpieza y jardiner\u00eda.<\/p>\n<\/li>\n<\/ul>\n<p data-start=\"1316\" data-end=\"1486\"><strong data-start=\"1316\" data-end=\"1338\">Usos recomendados:<\/strong><br data-start=\"1338\" data-end=\"1341\" \/>\u2714 Control de plagas<br data-start=\"1360\" data-end=\"1363\" \/>\u2714 Aplicaci\u00f3n de insecticidas y herbicidas<br data-start=\"1404\" data-end=\"1407\" \/>\u2714 Desinfecci\u00f3n en industrias y hogares<br data-start=\"1445\" data-end=\"1448\" \/>\u2714 Limpieza exterior o de superficies<\/p>\n<h3 data-start=\"1542\" data-end=\"1561\"><strong data-start=\"1549\" data-end=\"1561\">Ventajas<\/strong><\/h3>\n<p data-start=\"1562\" data-end=\"1732\">\u2705 Dise\u00f1o compacto y liviano.<br data-start=\"1590\" data-end=\"1593\" \/>\u2705 Materiales resistentes a productos qu\u00edmicos.<br data-start=\"1639\" data-end=\"1642\" \/>\u2705 F\u00e1cil mantenimiento y recambio de piezas.<br data-start=\"1685\" data-end=\"1688\" \/>\u2705 Ideal para uso prolongado en exteriores.<\/p>\n","protected":false},"excerpt":{"rendered":"<p><strong>Alta presi\u00f3n para control ambiental y jardiner\u00eda<\/strong><\/p>\n<p>Pulverizador manual\u00a0<strong data-start=\"800\" data-end=\"813\">Giber H-9<\/strong>\u00a0con\u00a0<strong data-start=\"818\" data-end=\"843\">capacidad de 9 litros<\/strong>, dise\u00f1ado para la aplicaci\u00f3n de\u00a0<strong data-start=\"876\" data-end=\"953\">l\u00edquidos insecticidas, herbicidas, desinfectantes y productos de limpieza<\/strong>.<br data-start=\"954\" data-end=\"957\" \/>Posee\u00a0<strong data-start=\"963\" data-end=\"995\">bomba manual de alta presi\u00f3n<\/strong>, lanza de aspersi\u00f3n con traba de gatillo y\u00a0<strong data-start=\"1039\" data-end=\"1065\">correa para transporte<\/strong>, ideal para tareas profesionales o dom\u00e9sticas.<\/p>\n<p>&nbsp;<\/p>\n","protected":false},"featured_media":1466,"template":"","meta":{"_joinchat":[]},"product_brand":[],"product_cat":[34],"product_tag":[],"rubro":[],"problematica":[],"class_list":{"0":"post-873","1":"product","2":"type-product","3":"status-publish","4":"has-post-thumbnail","6":"product_cat-maquinas-y-equipos","8":"first","9":"instock","10":"shipping-taxable","11":"product-type-simple"},"yoast_head":"<!-- This site is optimized with the Yoast SEO plugin v26.3 - https:\/\/yoast.com\/wordpress\/plugins\/seo\/ -->\n<title>PULVERIZADOR MANUAL GIBER H 9 - Arpon Divisi\u00f3n Ambiental<\/title>\n<meta name=\"robots\" content=\"index, follow, max-snippet:-1, max-image-preview:large, max-video-preview:-1\" \/>\n<link rel=\"canonical\" href=\"https:\/\/arpon.com.ar\/ambiental\/productos\/maquinas-y-equipos\/pulverizador-manual-giber-h-9\/\" \/>\n<meta property=\"og:locale\" content=\"es_ES\" \/>\n<meta property=\"og:type\" content=\"article\" \/>\n<meta property=\"og:title\" content=\"PULVERIZADOR MANUAL GIBER H 9 - Arpon Divisi\u00f3n Ambiental\" \/>\n<meta property=\"og:description\" content=\"Alta presi\u00f3n para control ambiental y jardiner\u00eda  Pulverizador manual\u00a0Giber H-9\u00a0con\u00a0capacidad de 9 litros, dise\u00f1ado para la aplicaci\u00f3n de\u00a0l\u00edquidos insecticidas, herbicidas, desinfectantes y productos de limpieza.Posee\u00a0bomba manual de alta presi\u00f3n, lanza de aspersi\u00f3n con traba de gatillo y\u00a0correa para transporte, ideal para tareas profesionales o dom\u00e9sticas.  &nbsp;\" \/>\n<meta property=\"og:url\" content=\"https:\/\/arpon.com.ar\/ambiental\/productos\/maquinas-y-equipos\/pulverizador-manual-giber-h-9\/\" \/>\n<meta property=\"og:site_name\" content=\"Arpon Divisi\u00f3n Ambiental\" \/>\n<meta property=\"article:modified_time\" content=\"2025-10-15T20:23:19+00:00\" \/>\n<meta property=\"og:image\" content=\"https:\/\/arpon.com.ar\/ambiental\/wp-content\/uploads\/2022\/02\/WhatsApp-Image-2025-10-06-at-16.06.21.jpeg\" \/>\n\t<meta property=\"og:image:width\" content=\"681\" \/>\n\t<meta property=\"og:image:height\" content=\"1183\" \/>\n\t<meta property=\"og:image:type\" content=\"image\/jpeg\" \/>\n<meta name=\"twitter:card\" content=\"summary_large_image\" \/>\n<meta name=\"twitter:label1\" content=\"Tiempo de lectura\" \/>\n\t<meta name=\"twitter:data1\" content=\"1 minuto\" \/>\n<script type=\"application\/ld+json\" class=\"yoast-schema-graph\">{\"@context\":\"https:\/\/schema.org\",\"@graph\":[{\"@type\":\"WebPage\",\"@id\":\"https:\/\/arpon.com.ar\/ambiental\/productos\/maquinas-y-equipos\/pulverizador-manual-giber-h-9\/\",\"url\":\"https:\/\/arpon.com.ar\/ambiental\/productos\/maquinas-y-equipos\/pulverizador-manual-giber-h-9\/\",\"name\":\"PULVERIZADOR MANUAL GIBER H 9 - Arpon Divisi\u00f3n Ambiental\",\"isPartOf\":{\"@id\":\"https:\/\/arponambiental.com.ar\/#website\"},\"primaryImageOfPage\":{\"@id\":\"https:\/\/arpon.com.ar\/ambiental\/productos\/maquinas-y-equipos\/pulverizador-manual-giber-h-9\/#primaryimage\"},\"image\":{\"@id\":\"https:\/\/arpon.com.ar\/ambiental\/productos\/maquinas-y-equipos\/pulverizador-manual-giber-h-9\/#primaryimage\"},\"thumbnailUrl\":\"https:\/\/arpon.com.ar\/ambiental\/wp-content\/uploads\/2022\/02\/WhatsApp-Image-2025-10-06-at-16.06.21.jpeg\",\"datePublished\":\"2022-02-09T13:51:54+00:00\",\"dateModified\":\"2025-10-15T20:23:19+00:00\",\"breadcrumb\":{\"@id\":\"https:\/\/arpon.com.ar\/ambiental\/productos\/maquinas-y-equipos\/pulverizador-manual-giber-h-9\/#breadcrumb\"},\"inLanguage\":\"es\",\"potentialAction\":[{\"@type\":\"ReadAction\",\"target\":[\"https:\/\/arpon.com.ar\/ambiental\/productos\/maquinas-y-equipos\/pulverizador-manual-giber-h-9\/\"]}]},{\"@type\":\"ImageObject\",\"inLanguage\":\"es\",\"@id\":\"https:\/\/arpon.com.ar\/ambiental\/productos\/maquinas-y-equipos\/pulverizador-manual-giber-h-9\/#primaryimage\",\"url\":\"https:\/\/arpon.com.ar\/ambiental\/wp-content\/uploads\/2022\/02\/WhatsApp-Image-2025-10-06-at-16.06.21.jpeg\",\"contentUrl\":\"https:\/\/arpon.com.ar\/ambiental\/wp-content\/uploads\/2022\/02\/WhatsApp-Image-2025-10-06-at-16.06.21.jpeg\",\"width\":681,\"height\":1183},{\"@type\":\"BreadcrumbList\",\"@id\":\"https:\/\/arpon.com.ar\/ambiental\/productos\/maquinas-y-equipos\/pulverizador-manual-giber-h-9\/#breadcrumb\",\"itemListElement\":[{\"@type\":\"ListItem\",\"position\":1,\"name\":\"Portada\",\"item\":\"https:\/\/arpon.com.ar\/ambiental\/\"},{\"@type\":\"ListItem\",\"position\":2,\"name\":\"Productos\",\"item\":\"https:\/\/arpon.com.ar\/ambiental\/productos\/\"},{\"@type\":\"ListItem\",\"position\":3,\"name\":\"PULVERIZADOR MANUAL GIBER H 9\"}]},{\"@type\":\"WebSite\",\"@id\":\"https:\/\/arponambiental.com.ar\/#website\",\"url\":\"https:\/\/arponambiental.com.ar\/\",\"name\":\"Arpon Divisi\u00f3n Ambiental\",\"description\":\"\",\"publisher\":{\"@id\":\"https:\/\/arponambiental.com.ar\/#organization\"},\"potentialAction\":[{\"@type\":\"SearchAction\",\"target\":{\"@type\":\"EntryPoint\",\"urlTemplate\":\"https:\/\/arponambiental.com.ar\/?s={search_term_string}\"},\"query-input\":{\"@type\":\"PropertyValueSpecification\",\"valueRequired\":true,\"valueName\":\"search_term_string\"}}],\"inLanguage\":\"es\"},{\"@type\":\"Organization\",\"@id\":\"https:\/\/arponambiental.com.ar\/#organization\",\"name\":\"Arpon Divisi\u00f3n Ambiental\",\"url\":\"https:\/\/arponambiental.com.ar\/\",\"logo\":{\"@type\":\"ImageObject\",\"inLanguage\":\"es\",\"@id\":\"https:\/\/arponambiental.com.ar\/#\/schema\/logo\/image\/\",\"url\":\"https:\/\/arponambiental.com.ar\/wp-content\/uploads\/2019\/08\/arpon-ambiental3.png\",\"contentUrl\":\"https:\/\/arponambiental.com.ar\/wp-content\/uploads\/2019\/08\/arpon-ambiental3.png\",\"width\":798,\"height\":332,\"caption\":\"Arpon Divisi\u00f3n Ambiental\"},\"image\":{\"@id\":\"https:\/\/arponambiental.com.ar\/#\/schema\/logo\/image\/\"}}]}<\/script>\n<!-- \/ Yoast SEO plugin. -->","yoast_head_json":{"title":"PULVERIZADOR MANUAL GIBER H 9 - Arpon Divisi\u00f3n Ambiental","robots":{"index":"index","follow":"follow","max-snippet":"max-snippet:-1","max-image-preview":"max-image-preview:large","max-video-preview":"max-video-preview:-1"},"canonical":"https:\/\/arpon.com.ar\/ambiental\/productos\/maquinas-y-equipos\/pulverizador-manual-giber-h-9\/","og_locale":"es_ES","og_type":"article","og_title":"PULVERIZADOR MANUAL GIBER H 9 - Arpon Divisi\u00f3n Ambiental","og_description":"Alta presi\u00f3n para control ambiental y jardiner\u00eda  Pulverizador manual\u00a0Giber H-9\u00a0con\u00a0capacidad de 9 litros, dise\u00f1ado para la aplicaci\u00f3n de\u00a0l\u00edquidos insecticidas, herbicidas, desinfectantes y productos de limpieza.Posee\u00a0bomba manual de alta presi\u00f3n, lanza de aspersi\u00f3n con traba de gatillo y\u00a0correa para transporte, ideal para tareas profesionales o dom\u00e9sticas.  &nbsp;","og_url":"https:\/\/arpon.com.ar\/ambiental\/productos\/maquinas-y-equipos\/pulverizador-manual-giber-h-9\/","og_site_name":"Arpon Divisi\u00f3n Ambiental","article_modified_time":"2025-10-15T20:23:19+00:00","og_image":[{"width":681,"height":1183,"url":"https:\/\/arpon.com.ar\/ambiental\/wp-content\/uploads\/2022\/02\/WhatsApp-Image-2025-10-06-at-16.06.21.jpeg","type":"image\/jpeg"}],"twitter_card":"summary_large_image","twitter_misc":{"Tiempo de lectura":"1 minuto"},"schema":{"@context":"https:\/\/schema.org","@graph":[{"@type":"WebPage","@id":"https:\/\/arpon.com.ar\/ambiental\/productos\/maquinas-y-equipos\/pulverizador-manual-giber-h-9\/","url":"https:\/\/arpon.com.ar\/ambiental\/productos\/maquinas-y-equipos\/pulverizador-manual-giber-h-9\/","name":"PULVERIZADOR MANUAL GIBER H 9 - Arpon Divisi\u00f3n Ambiental","isPartOf":{"@id":"https:\/\/arponambiental.com.ar\/#website"},"primaryImageOfPage":{"@id":"https:\/\/arpon.com.ar\/ambiental\/productos\/maquinas-y-equipos\/pulverizador-manual-giber-h-9\/#primaryimage"},"image":{"@id":"https:\/\/arpon.com.ar\/ambiental\/productos\/maquinas-y-equipos\/pulverizador-manual-giber-h-9\/#primaryimage"},"thumbnailUrl":"https:\/\/arpon.com.ar\/ambiental\/wp-content\/uploads\/2022\/02\/WhatsApp-Image-2025-10-06-at-16.06.21.jpeg","datePublished":"2022-02-09T13:51:54+00:00","dateModified":"2025-10-15T20:23:19+00:00","breadcrumb":{"@id":"https:\/\/arpon.com.ar\/ambiental\/productos\/maquinas-y-equipos\/pulverizador-manual-giber-h-9\/#breadcrumb"},"inLanguage":"es","potentialAction":[{"@type":"ReadAction","target":["https:\/\/arpon.com.ar\/ambiental\/productos\/maquinas-y-equipos\/pulverizador-manual-giber-h-9\/"]}]},{"@type":"ImageObject","inLanguage":"es","@id":"https:\/\/arpon.com.ar\/ambiental\/productos\/maquinas-y-equipos\/pulverizador-manual-giber-h-9\/#primaryimage","url":"https:\/\/arpon.com.ar\/ambiental\/wp-content\/uploads\/2022\/02\/WhatsApp-Image-2025-10-06-at-16.06.21.jpeg","contentUrl":"https:\/\/arpon.com.ar\/ambiental\/wp-content\/uploads\/2022\/02\/WhatsApp-Image-2025-10-06-at-16.06.21.jpeg","width":681,"height":1183},{"@type":"BreadcrumbList","@id":"https:\/\/arpon.com.ar\/ambiental\/productos\/maquinas-y-equipos\/pulverizador-manual-giber-h-9\/#breadcrumb","itemListElement":[{"@type":"ListItem","position":1,"name":"Portada","item":"https:\/\/arpon.com.ar\/ambiental\/"},{"@type":"ListItem","position":2,"name":"Productos","item":"https:\/\/arpon.com.ar\/ambiental\/productos\/"},{"@type":"ListItem","position":3,"name":"PULVERIZADOR MANUAL GIBER H 9"}]},{"@type":"WebSite","@id":"https:\/\/arponambiental.com.ar\/#website","url":"https:\/\/arponambiental.com.ar\/","name":"Arpon Divisi\u00f3n Ambiental","description":"","publisher":{"@id":"https:\/\/arponambiental.com.ar\/#organization"},"potentialAction":[{"@type":"SearchAction","target":{"@type":"EntryPoint","urlTemplate":"https:\/\/arponambiental.com.ar\/?s={search_term_string}"},"query-input":{"@type":"PropertyValueSpecification","valueRequired":true,"valueName":"search_term_string"}}],"inLanguage":"es"},{"@type":"Organization","@id":"https:\/\/arponambiental.com.ar\/#organization","name":"Arpon Divisi\u00f3n Ambiental","url":"https:\/\/arponambiental.com.ar\/","logo":{"@type":"ImageObject","inLanguage":"es","@id":"https:\/\/arponambiental.com.ar\/#\/schema\/logo\/image\/","url":"https:\/\/arponambiental.com.ar\/wp-content\/uploads\/2019\/08\/arpon-ambiental3.png","contentUrl":"https:\/\/arponambiental.com.ar\/wp-content\/uploads\/2019\/08\/arpon-ambiental3.png","width":798,"height":332,"caption":"Arpon Divisi\u00f3n Ambiental"},"image":{"@id":"https:\/\/arponambiental.com.ar\/#\/schema\/logo\/image\/"}}]}},"_links":{"self":[{"href":"https:\/\/arpon.com.ar\/ambiental\/wp-json\/wp\/v2\/product\/873","targetHints":{"allow":["GET"]}}],"collection":[{"href":"https:\/\/arpon.com.ar\/ambiental\/wp-json\/wp\/v2\/product"}],"about":[{"href":"https:\/\/arpon.com.ar\/ambiental\/wp-json\/wp\/v2\/types\/product"}],"wp:featuredmedia":[{"embeddable":true,"href":"https:\/\/arpon.com.ar\/ambiental\/wp-json\/wp\/v2\/media\/1466"}],"wp:attachment":[{"href":"https:\/\/arpon.com.ar\/ambiental\/wp-json\/wp\/v2\/media?parent=873"}],"wp:term":[{"taxonomy":"product_brand","embeddable":true,"href":"https:\/\/arpon.com.ar\/ambiental\/wp-json\/wp\/v2\/product_brand?post=873"},{"taxonomy":"product_cat","embeddable":true,"href":"https:\/\/arpon.com.ar\/ambiental\/wp-json\/wp\/v2\/product_cat?post=873"},{"taxonomy":"product_tag","embeddable":true,"href":"https:\/\/arpon.com.ar\/ambiental\/wp-json\/wp\/v2\/product_tag?post=873"},{"taxonomy":"rubro","embeddable":true,"href":"https:\/\/arpon.com.ar\/ambiental\/wp-json\/wp\/v2\/rubro?post=873"},{"taxonomy":"problematica","embeddable":true,"href":"https:\/\/arpon.com.ar\/ambiental\/wp-json\/wp\/v2\/problematica?post=873"}],"curies":[{"name":"wp","href":"https:\/\/api.w.org\/{rel}","templated":true}]}}