{"id":874,"date":"2022-02-09T13:53:26","date_gmt":"2022-02-09T13:53:26","guid":{"rendered":"http:\/\/arpon.com.ar\/ambiental\/?post_type=product&#038;p=874"},"modified":"2025-10-15T20:28:57","modified_gmt":"2025-10-15T20:28:57","slug":"pulverizador-mochila-giber-sh-12-12-litros-manual","status":"publish","type":"product","link":"https:\/\/arpon.com.ar\/ambiental\/productos\/maquinas-y-equipos\/pulverizador-mochila-giber-sh-12-12-litros-manual\/","title":{"rendered":"PULVERIZADOR MOCHILA GIBER SH-12 | 12 Litros | MANUAL"},"content":{"rendered":"<p data-start=\"751\" data-end=\"1032\">El <strong data-start=\"754\" data-end=\"782\">Pulverizador Giber SH-12<\/strong> es una mochila de presi\u00f3n manual de alta capacidad, dise\u00f1ada para aplicaciones profesionales en control de plagas, agricultura y jardiner\u00eda.<br data-start=\"923\" data-end=\"926\" \/>Su dise\u00f1o ergon\u00f3mico permite una pulverizaci\u00f3n c\u00f3moda y eficiente, incluso durante jornadas prolongadas.<\/p>\n<p data-start=\"1034\" data-end=\"1068\"><strong data-start=\"1034\" data-end=\"1066\">Caracter\u00edsticas principales:<\/strong><\/p>\n<ul data-start=\"1069\" data-end=\"1508\">\n<li data-start=\"1069\" data-end=\"1097\">\n<p data-start=\"1071\" data-end=\"1097\">Capacidad: <strong data-start=\"1082\" data-end=\"1095\">12 litros<\/strong><\/p>\n<\/li>\n<li data-start=\"1098\" data-end=\"1154\">\n<p data-start=\"1100\" data-end=\"1154\">Sistema: <strong data-start=\"1109\" data-end=\"1152\">Presi\u00f3n previa manual con bomba lateral<\/strong><\/p>\n<\/li>\n<li data-start=\"1155\" data-end=\"1211\">\n<p data-start=\"1157\" data-end=\"1211\">Material: Pl\u00e1stico de alta resistencia y durabilidad<\/p>\n<\/li>\n<li data-start=\"1212\" data-end=\"1251\">\n<p data-start=\"1214\" data-end=\"1251\">Boquilla regulable: niebla \/ chorro<\/p>\n<\/li>\n<li data-start=\"1252\" data-end=\"1294\">\n<p data-start=\"1254\" data-end=\"1294\">Lanza con traba y gatillo de precisi\u00f3n<\/p>\n<\/li>\n<li data-start=\"1295\" data-end=\"1351\">\n<p data-start=\"1297\" data-end=\"1351\">Correas ajustables tipo mochila para mayor comodidad<\/p>\n<\/li>\n<li data-start=\"1352\" data-end=\"1394\">\n<p data-start=\"1354\" data-end=\"1394\">Tapa ancha para f\u00e1cil carga y limpieza<\/p>\n<\/li>\n<li data-start=\"1395\" data-end=\"1429\">\n<p data-start=\"1397\" data-end=\"1429\">V\u00e1lvula de seguridad integrada<\/p>\n<\/li>\n<li data-start=\"1430\" data-end=\"1508\">\n<p data-start=\"1432\" data-end=\"1508\">Compatible con productos qu\u00edmicos, fertilizantes l\u00edquidos y desinfectantes<\/p>\n<\/li>\n<\/ul>\n<p data-start=\"1510\" data-end=\"1721\"><strong data-start=\"1510\" data-end=\"1532\">Usos recomendados:<\/strong><br data-start=\"1532\" data-end=\"1535\" \/>\u2714 Control de plagas en interiores y exteriores<br data-start=\"1581\" data-end=\"1584\" \/>\u2714 Aplicaci\u00f3n de herbicidas y fertilizantes<br data-start=\"1626\" data-end=\"1629\" \/>\u2714 Desinfecci\u00f3n de superficies e industrias<br data-start=\"1671\" data-end=\"1674\" \/>\u2714 Mantenimiento de jardines y espacios verdes<\/p>\n<p>Pulverizador \/fumigador de botella para colgar del hombro o empu\u00f1ar de la maneta de la camara de presion-<br \/>\nconstruido totalmente en plastico de alta resistencia a la accion de los quimicos y a golpes.<br \/>\nEstos aparatos son idoneos para trabajos en exterior desde jardines medios a gran tama\u00f1o, huertas y cultivos que por su t\u00e9cnica de aplicaci\u00f3n o dificultad del terreno exijan tener mano libre y\/o no permitan grandes pesos en la espalda.<\/p>\n<p>Se ponen en presi\u00f3n al activar varias veces la maneta de accionamiento.<br \/>\nLa capacidad util es aproximadamente 3\/4 de su capacidad total<\/p>\n","protected":false},"excerpt":{"rendered":"<p>Pulverizador tipo mochila\u00a0<strong data-start=\"855\" data-end=\"870\">Giber SH-12<\/strong>\u00a0con\u00a0<strong data-start=\"875\" data-end=\"901\">capacidad de 12 litros<\/strong>, ideal para\u00a0<strong data-start=\"914\" data-end=\"987\">control de plagas, desinfecci\u00f3n, jardiner\u00eda y mantenimiento ambiental<\/strong>.<br data-start=\"988\" data-end=\"991\" \/>Cuenta con\u00a0<strong data-start=\"1002\" data-end=\"1034\">bomba manual de alta presi\u00f3n<\/strong>, lanza ajustable, manguera flexible y\u00a0<strong data-start=\"1073\" data-end=\"1093\">arn\u00e9s ergon\u00f3mico<\/strong>\u00a0para un uso prolongado sin esfuerzo.<\/p>\n","protected":false},"featured_media":1467,"template":"","meta":{"_joinchat":[]},"product_brand":[],"product_cat":[34],"product_tag":[],"rubro":[],"problematica":[],"class_list":{"0":"post-874","1":"product","2":"type-product","3":"status-publish","4":"has-post-thumbnail","6":"product_cat-maquinas-y-equipos","8":"first","9":"instock","10":"shipping-taxable","11":"product-type-simple"},"yoast_head":"<!-- This site is optimized with the Yoast SEO plugin v26.3 - https:\/\/yoast.com\/wordpress\/plugins\/seo\/ -->\n<title>PULVERIZADOR MOCHILA GIBER SH-12 | 12 Litros | MANUAL - Arpon Divisi\u00f3n Ambiental<\/title>\n<meta name=\"robots\" content=\"index, follow, max-snippet:-1, max-image-preview:large, max-video-preview:-1\" \/>\n<link rel=\"canonical\" href=\"https:\/\/arpon.com.ar\/ambiental\/productos\/maquinas-y-equipos\/pulverizador-mochila-giber-sh-12-12-litros-manual\/\" \/>\n<meta property=\"og:locale\" content=\"es_ES\" \/>\n<meta property=\"og:type\" content=\"article\" \/>\n<meta property=\"og:title\" content=\"PULVERIZADOR MOCHILA GIBER SH-12 | 12 Litros | MANUAL - Arpon Divisi\u00f3n Ambiental\" \/>\n<meta property=\"og:description\" content=\"Pulverizador tipo mochila\u00a0Giber SH-12\u00a0con\u00a0capacidad de 12 litros, ideal para\u00a0control de plagas, desinfecci\u00f3n, jardiner\u00eda y mantenimiento ambiental.Cuenta con\u00a0bomba manual de alta presi\u00f3n, lanza ajustable, manguera flexible y\u00a0arn\u00e9s ergon\u00f3mico\u00a0para un uso prolongado sin esfuerzo.\" \/>\n<meta property=\"og:url\" content=\"https:\/\/arpon.com.ar\/ambiental\/productos\/maquinas-y-equipos\/pulverizador-mochila-giber-sh-12-12-litros-manual\/\" \/>\n<meta property=\"og:site_name\" content=\"Arpon Divisi\u00f3n Ambiental\" \/>\n<meta property=\"article:modified_time\" content=\"2025-10-15T20:28:57+00:00\" \/>\n<meta property=\"og:image\" content=\"https:\/\/arpon.com.ar\/ambiental\/wp-content\/uploads\/2022\/02\/WhatsApp-Image-2025-10-06-at-16.07.12.jpeg\" \/>\n\t<meta property=\"og:image:width\" content=\"799\" \/>\n\t<meta property=\"og:image:height\" content=\"1182\" \/>\n\t<meta property=\"og:image:type\" content=\"image\/jpeg\" \/>\n<meta name=\"twitter:card\" content=\"summary_large_image\" \/>\n<meta name=\"twitter:label1\" content=\"Tiempo de lectura\" \/>\n\t<meta name=\"twitter:data1\" content=\"2 minutos\" \/>\n<script type=\"application\/ld+json\" class=\"yoast-schema-graph\">{\"@context\":\"https:\/\/schema.org\",\"@graph\":[{\"@type\":\"WebPage\",\"@id\":\"https:\/\/arpon.com.ar\/ambiental\/productos\/maquinas-y-equipos\/pulverizador-mochila-giber-sh-12-12-litros-manual\/\",\"url\":\"https:\/\/arpon.com.ar\/ambiental\/productos\/maquinas-y-equipos\/pulverizador-mochila-giber-sh-12-12-litros-manual\/\",\"name\":\"PULVERIZADOR MOCHILA GIBER SH-12 | 12 Litros | MANUAL - Arpon Divisi\u00f3n Ambiental\",\"isPartOf\":{\"@id\":\"https:\/\/arponambiental.com.ar\/#website\"},\"primaryImageOfPage\":{\"@id\":\"https:\/\/arpon.com.ar\/ambiental\/productos\/maquinas-y-equipos\/pulverizador-mochila-giber-sh-12-12-litros-manual\/#primaryimage\"},\"image\":{\"@id\":\"https:\/\/arpon.com.ar\/ambiental\/productos\/maquinas-y-equipos\/pulverizador-mochila-giber-sh-12-12-litros-manual\/#primaryimage\"},\"thumbnailUrl\":\"https:\/\/arpon.com.ar\/ambiental\/wp-content\/uploads\/2022\/02\/WhatsApp-Image-2025-10-06-at-16.07.12.jpeg\",\"datePublished\":\"2022-02-09T13:53:26+00:00\",\"dateModified\":\"2025-10-15T20:28:57+00:00\",\"breadcrumb\":{\"@id\":\"https:\/\/arpon.com.ar\/ambiental\/productos\/maquinas-y-equipos\/pulverizador-mochila-giber-sh-12-12-litros-manual\/#breadcrumb\"},\"inLanguage\":\"es\",\"potentialAction\":[{\"@type\":\"ReadAction\",\"target\":[\"https:\/\/arpon.com.ar\/ambiental\/productos\/maquinas-y-equipos\/pulverizador-mochila-giber-sh-12-12-litros-manual\/\"]}]},{\"@type\":\"ImageObject\",\"inLanguage\":\"es\",\"@id\":\"https:\/\/arpon.com.ar\/ambiental\/productos\/maquinas-y-equipos\/pulverizador-mochila-giber-sh-12-12-litros-manual\/#primaryimage\",\"url\":\"https:\/\/arpon.com.ar\/ambiental\/wp-content\/uploads\/2022\/02\/WhatsApp-Image-2025-10-06-at-16.07.12.jpeg\",\"contentUrl\":\"https:\/\/arpon.com.ar\/ambiental\/wp-content\/uploads\/2022\/02\/WhatsApp-Image-2025-10-06-at-16.07.12.jpeg\",\"width\":799,\"height\":1182},{\"@type\":\"BreadcrumbList\",\"@id\":\"https:\/\/arpon.com.ar\/ambiental\/productos\/maquinas-y-equipos\/pulverizador-mochila-giber-sh-12-12-litros-manual\/#breadcrumb\",\"itemListElement\":[{\"@type\":\"ListItem\",\"position\":1,\"name\":\"Portada\",\"item\":\"https:\/\/arpon.com.ar\/ambiental\/\"},{\"@type\":\"ListItem\",\"position\":2,\"name\":\"Productos\",\"item\":\"https:\/\/arpon.com.ar\/ambiental\/productos\/\"},{\"@type\":\"ListItem\",\"position\":3,\"name\":\"PULVERIZADOR MOCHILA GIBER SH-12 | 12 Litros | MANUAL\"}]},{\"@type\":\"WebSite\",\"@id\":\"https:\/\/arponambiental.com.ar\/#website\",\"url\":\"https:\/\/arponambiental.com.ar\/\",\"name\":\"Arpon Divisi\u00f3n Ambiental\",\"description\":\"\",\"publisher\":{\"@id\":\"https:\/\/arponambiental.com.ar\/#organization\"},\"potentialAction\":[{\"@type\":\"SearchAction\",\"target\":{\"@type\":\"EntryPoint\",\"urlTemplate\":\"https:\/\/arponambiental.com.ar\/?s={search_term_string}\"},\"query-input\":{\"@type\":\"PropertyValueSpecification\",\"valueRequired\":true,\"valueName\":\"search_term_string\"}}],\"inLanguage\":\"es\"},{\"@type\":\"Organization\",\"@id\":\"https:\/\/arponambiental.com.ar\/#organization\",\"name\":\"Arpon Divisi\u00f3n Ambiental\",\"url\":\"https:\/\/arponambiental.com.ar\/\",\"logo\":{\"@type\":\"ImageObject\",\"inLanguage\":\"es\",\"@id\":\"https:\/\/arponambiental.com.ar\/#\/schema\/logo\/image\/\",\"url\":\"https:\/\/arponambiental.com.ar\/wp-content\/uploads\/2019\/08\/arpon-ambiental3.png\",\"contentUrl\":\"https:\/\/arponambiental.com.ar\/wp-content\/uploads\/2019\/08\/arpon-ambiental3.png\",\"width\":798,\"height\":332,\"caption\":\"Arpon Divisi\u00f3n Ambiental\"},\"image\":{\"@id\":\"https:\/\/arponambiental.com.ar\/#\/schema\/logo\/image\/\"}}]}<\/script>\n<!-- \/ Yoast SEO plugin. -->","yoast_head_json":{"title":"PULVERIZADOR MOCHILA GIBER SH-12 | 12 Litros | MANUAL - Arpon Divisi\u00f3n Ambiental","robots":{"index":"index","follow":"follow","max-snippet":"max-snippet:-1","max-image-preview":"max-image-preview:large","max-video-preview":"max-video-preview:-1"},"canonical":"https:\/\/arpon.com.ar\/ambiental\/productos\/maquinas-y-equipos\/pulverizador-mochila-giber-sh-12-12-litros-manual\/","og_locale":"es_ES","og_type":"article","og_title":"PULVERIZADOR MOCHILA GIBER SH-12 | 12 Litros | MANUAL - Arpon Divisi\u00f3n Ambiental","og_description":"Pulverizador tipo mochila\u00a0Giber SH-12\u00a0con\u00a0capacidad de 12 litros, ideal para\u00a0control de plagas, desinfecci\u00f3n, jardiner\u00eda y mantenimiento ambiental.Cuenta con\u00a0bomba manual de alta presi\u00f3n, lanza ajustable, manguera flexible y\u00a0arn\u00e9s ergon\u00f3mico\u00a0para un uso prolongado sin esfuerzo.","og_url":"https:\/\/arpon.com.ar\/ambiental\/productos\/maquinas-y-equipos\/pulverizador-mochila-giber-sh-12-12-litros-manual\/","og_site_name":"Arpon Divisi\u00f3n Ambiental","article_modified_time":"2025-10-15T20:28:57+00:00","og_image":[{"width":799,"height":1182,"url":"https:\/\/arpon.com.ar\/ambiental\/wp-content\/uploads\/2022\/02\/WhatsApp-Image-2025-10-06-at-16.07.12.jpeg","type":"image\/jpeg"}],"twitter_card":"summary_large_image","twitter_misc":{"Tiempo de lectura":"2 minutos"},"schema":{"@context":"https:\/\/schema.org","@graph":[{"@type":"WebPage","@id":"https:\/\/arpon.com.ar\/ambiental\/productos\/maquinas-y-equipos\/pulverizador-mochila-giber-sh-12-12-litros-manual\/","url":"https:\/\/arpon.com.ar\/ambiental\/productos\/maquinas-y-equipos\/pulverizador-mochila-giber-sh-12-12-litros-manual\/","name":"PULVERIZADOR MOCHILA GIBER SH-12 | 12 Litros | MANUAL - Arpon Divisi\u00f3n Ambiental","isPartOf":{"@id":"https:\/\/arponambiental.com.ar\/#website"},"primaryImageOfPage":{"@id":"https:\/\/arpon.com.ar\/ambiental\/productos\/maquinas-y-equipos\/pulverizador-mochila-giber-sh-12-12-litros-manual\/#primaryimage"},"image":{"@id":"https:\/\/arpon.com.ar\/ambiental\/productos\/maquinas-y-equipos\/pulverizador-mochila-giber-sh-12-12-litros-manual\/#primaryimage"},"thumbnailUrl":"https:\/\/arpon.com.ar\/ambiental\/wp-content\/uploads\/2022\/02\/WhatsApp-Image-2025-10-06-at-16.07.12.jpeg","datePublished":"2022-02-09T13:53:26+00:00","dateModified":"2025-10-15T20:28:57+00:00","breadcrumb":{"@id":"https:\/\/arpon.com.ar\/ambiental\/productos\/maquinas-y-equipos\/pulverizador-mochila-giber-sh-12-12-litros-manual\/#breadcrumb"},"inLanguage":"es","potentialAction":[{"@type":"ReadAction","target":["https:\/\/arpon.com.ar\/ambiental\/productos\/maquinas-y-equipos\/pulverizador-mochila-giber-sh-12-12-litros-manual\/"]}]},{"@type":"ImageObject","inLanguage":"es","@id":"https:\/\/arpon.com.ar\/ambiental\/productos\/maquinas-y-equipos\/pulverizador-mochila-giber-sh-12-12-litros-manual\/#primaryimage","url":"https:\/\/arpon.com.ar\/ambiental\/wp-content\/uploads\/2022\/02\/WhatsApp-Image-2025-10-06-at-16.07.12.jpeg","contentUrl":"https:\/\/arpon.com.ar\/ambiental\/wp-content\/uploads\/2022\/02\/WhatsApp-Image-2025-10-06-at-16.07.12.jpeg","width":799,"height":1182},{"@type":"BreadcrumbList","@id":"https:\/\/arpon.com.ar\/ambiental\/productos\/maquinas-y-equipos\/pulverizador-mochila-giber-sh-12-12-litros-manual\/#breadcrumb","itemListElement":[{"@type":"ListItem","position":1,"name":"Portada","item":"https:\/\/arpon.com.ar\/ambiental\/"},{"@type":"ListItem","position":2,"name":"Productos","item":"https:\/\/arpon.com.ar\/ambiental\/productos\/"},{"@type":"ListItem","position":3,"name":"PULVERIZADOR MOCHILA GIBER SH-12 | 12 Litros | MANUAL"}]},{"@type":"WebSite","@id":"https:\/\/arponambiental.com.ar\/#website","url":"https:\/\/arponambiental.com.ar\/","name":"Arpon Divisi\u00f3n Ambiental","description":"","publisher":{"@id":"https:\/\/arponambiental.com.ar\/#organization"},"potentialAction":[{"@type":"SearchAction","target":{"@type":"EntryPoint","urlTemplate":"https:\/\/arponambiental.com.ar\/?s={search_term_string}"},"query-input":{"@type":"PropertyValueSpecification","valueRequired":true,"valueName":"search_term_string"}}],"inLanguage":"es"},{"@type":"Organization","@id":"https:\/\/arponambiental.com.ar\/#organization","name":"Arpon Divisi\u00f3n Ambiental","url":"https:\/\/arponambiental.com.ar\/","logo":{"@type":"ImageObject","inLanguage":"es","@id":"https:\/\/arponambiental.com.ar\/#\/schema\/logo\/image\/","url":"https:\/\/arponambiental.com.ar\/wp-content\/uploads\/2019\/08\/arpon-ambiental3.png","contentUrl":"https:\/\/arponambiental.com.ar\/wp-content\/uploads\/2019\/08\/arpon-ambiental3.png","width":798,"height":332,"caption":"Arpon Divisi\u00f3n Ambiental"},"image":{"@id":"https:\/\/arponambiental.com.ar\/#\/schema\/logo\/image\/"}}]}},"_links":{"self":[{"href":"https:\/\/arpon.com.ar\/ambiental\/wp-json\/wp\/v2\/product\/874","targetHints":{"allow":["GET"]}}],"collection":[{"href":"https:\/\/arpon.com.ar\/ambiental\/wp-json\/wp\/v2\/product"}],"about":[{"href":"https:\/\/arpon.com.ar\/ambiental\/wp-json\/wp\/v2\/types\/product"}],"wp:featuredmedia":[{"embeddable":true,"href":"https:\/\/arpon.com.ar\/ambiental\/wp-json\/wp\/v2\/media\/1467"}],"wp:attachment":[{"href":"https:\/\/arpon.com.ar\/ambiental\/wp-json\/wp\/v2\/media?parent=874"}],"wp:term":[{"taxonomy":"product_brand","embeddable":true,"href":"https:\/\/arpon.com.ar\/ambiental\/wp-json\/wp\/v2\/product_brand?post=874"},{"taxonomy":"product_cat","embeddable":true,"href":"https:\/\/arpon.com.ar\/ambiental\/wp-json\/wp\/v2\/product_cat?post=874"},{"taxonomy":"product_tag","embeddable":true,"href":"https:\/\/arpon.com.ar\/ambiental\/wp-json\/wp\/v2\/product_tag?post=874"},{"taxonomy":"rubro","embeddable":true,"href":"https:\/\/arpon.com.ar\/ambiental\/wp-json\/wp\/v2\/rubro?post=874"},{"taxonomy":"problematica","embeddable":true,"href":"https:\/\/arpon.com.ar\/ambiental\/wp-json\/wp\/v2\/problematica?post=874"}],"curies":[{"name":"wp","href":"https:\/\/api.w.org\/{rel}","templated":true}]}}