{"id":876,"date":"2022-02-09T13:57:18","date_gmt":"2022-02-09T13:57:18","guid":{"rendered":"http:\/\/arpon.com.ar\/ambiental\/?post_type=product&#038;p=876"},"modified":"2025-10-06T18:21:43","modified_gmt":"2025-10-06T18:21:43","slug":"pulverizador-mochila-giber-sh-20-20-litros-manual","status":"publish","type":"product","link":"https:\/\/arpon.com.ar\/ambiental\/productos\/maquinas-y-equipos\/pulverizador-mochila-giber-sh-20-20-litros-manual\/","title":{"rendered":"PULVERIZADOR MOCHILA GIBER SH-20 | 20 Litros | MANUAL"},"content":{"rendered":"<p data-start=\"1214\" data-end=\"1590\">El <strong data-start=\"1217\" data-end=\"1232\">Giber SH-20<\/strong> es un <strong data-start=\"1239\" data-end=\"1284\">pulverizador de mochila de alta capacidad<\/strong> fabricado en pl\u00e1stico resistente y duradero, dise\u00f1ado para aplicaciones profesionales en <strong data-start=\"1374\" data-end=\"1434\">control ambiental, fumigaci\u00f3n, desinfecci\u00f3n y jardiner\u00eda<\/strong>.<br data-start=\"1435\" data-end=\"1438\" \/>Su sistema de <strong data-start=\"1452\" data-end=\"1477\">bombeo manual lateral<\/strong> permite generar presi\u00f3n constante, asegurando una <strong data-start=\"1528\" data-end=\"1564\">pulverizaci\u00f3n pareja y eficiente<\/strong> en grandes superficies.<\/p>\n<h4 data-start=\"1592\" data-end=\"1624\">\u2699\ufe0f Caracter\u00edsticas t\u00e9cnicas<\/h4>\n<ul data-start=\"1625\" data-end=\"2053\">\n<li data-start=\"1625\" data-end=\"1659\">\n<p data-start=\"1627\" data-end=\"1659\"><strong data-start=\"1627\" data-end=\"1647\">Capacidad total:<\/strong> 20 litros<\/p>\n<\/li>\n<li data-start=\"1660\" data-end=\"1713\">\n<p data-start=\"1662\" data-end=\"1713\"><strong data-start=\"1662\" data-end=\"1685\">Sistema de presi\u00f3n:<\/strong> manual por bombeo lateral<\/p>\n<\/li>\n<li data-start=\"1714\" data-end=\"1749\">\n<p data-start=\"1716\" data-end=\"1749\"><strong data-start=\"1716\" data-end=\"1735\">Presi\u00f3n m\u00e1xima:<\/strong> hasta 3 bar<\/p>\n<\/li>\n<li data-start=\"1750\" data-end=\"1809\">\n<p data-start=\"1752\" data-end=\"1809\"><strong data-start=\"1752\" data-end=\"1775\">Boquilla regulable:<\/strong> de chorro directo a niebla fina<\/p>\n<\/li>\n<li data-start=\"1810\" data-end=\"1855\">\n<p data-start=\"1812\" data-end=\"1855\"><strong data-start=\"1812\" data-end=\"1853\">Manguera flexible de alta resistencia<\/strong><\/p>\n<\/li>\n<li data-start=\"1856\" data-end=\"1903\">\n<p data-start=\"1858\" data-end=\"1903\"><strong data-start=\"1858\" data-end=\"1901\">Lanza de aspersi\u00f3n con traba de gatillo<\/strong><\/p>\n<\/li>\n<li data-start=\"1904\" data-end=\"1951\">\n<p data-start=\"1906\" data-end=\"1951\"><strong data-start=\"1906\" data-end=\"1949\">Arn\u00e9s ergon\u00f3mico con correas ajustables<\/strong><\/p>\n<\/li>\n<li data-start=\"1952\" data-end=\"2013\">\n<p data-start=\"1954\" data-end=\"2013\"><strong data-start=\"1954\" data-end=\"1978\">Material del tanque:<\/strong> pl\u00e1stico de alta densidad (HDPE)<\/p>\n<\/li>\n<li data-start=\"2014\" data-end=\"2053\">\n<p data-start=\"2016\" data-end=\"2053\"><strong data-start=\"2016\" data-end=\"2036\">Peso aproximado:<\/strong> 3.2 kg (vac\u00edo)<\/p>\n<\/li>\n<\/ul>\n<h4 data-start=\"2055\" data-end=\"2088\"> Aplicaciones recomendadas<\/h4>\n<ul data-start=\"2089\" data-end=\"2310\">\n<li data-start=\"2089\" data-end=\"2147\">\n<p data-start=\"2091\" data-end=\"2147\"><strong data-start=\"2091\" data-end=\"2145\">Control de plagas urbanas, rurales e industriales.<\/strong><\/p>\n<\/li>\n<li data-start=\"2148\" data-end=\"2212\">\n<p data-start=\"2150\" data-end=\"2212\">Aplicaci\u00f3n de <strong data-start=\"2164\" data-end=\"2210\">insecticidas, herbicidas y desinfectantes.<\/strong><\/p>\n<\/li>\n<li data-start=\"2213\" data-end=\"2268\">\n<p data-start=\"2215\" data-end=\"2268\">Limpieza y desinfecci\u00f3n de ambientes y superficies.<\/p>\n<\/li>\n<li data-start=\"2269\" data-end=\"2310\">\n<p data-start=\"2271\" data-end=\"2310\">Riego de jardines, viveros o huertas.<\/p>\n<\/li>\n<\/ul>\n<h4 data-start=\"2312\" data-end=\"2330\"> Beneficios<\/h4>\n<ul data-start=\"2331\" data-end=\"2619\">\n<li data-start=\"2331\" data-end=\"2403\">\n<p data-start=\"2333\" data-end=\"2403\"><strong data-start=\"2333\" data-end=\"2351\">Gran autonom\u00eda<\/strong>: permite cubrir amplias \u00e1reas con una sola carga.<\/p>\n<\/li>\n<li data-start=\"2404\" data-end=\"2462\">\n<p data-start=\"2406\" data-end=\"2462\"><strong data-start=\"2406\" data-end=\"2428\">C\u00f3modo y pr\u00e1ctico:<\/strong> dise\u00f1o ergon\u00f3mico tipo mochila.<\/p>\n<\/li>\n<li data-start=\"2463\" data-end=\"2540\">\n<p data-start=\"2465\" data-end=\"2540\"><strong data-start=\"2465\" data-end=\"2493\">Durabilidad garantizada:<\/strong> materiales resistentes a productos qu\u00edmicos.<\/p>\n<\/li>\n<li data-start=\"2541\" data-end=\"2619\">\n<p data-start=\"2543\" data-end=\"2619\"><strong data-start=\"2543\" data-end=\"2562\">Alta precisi\u00f3n:<\/strong> boquilla regulable para distintos tipos de aplicaci\u00f3n.<\/p>\n<\/li>\n<\/ul>\n<p>Pulverizador \/fumigador de botella para colgar del hombro o empu\u00f1ar de la maneta de la camara de presion-<br \/>\nconstruido totalmente en plastico de alta resistencia a la accion de los quimicos y a golpes.<br \/>\nEstos aparatos son idoneos para trabajos en exterior desde jardines medios a gran tama\u00f1o, huertas y cultivos que por su t\u00e9cnica de aplicaci\u00f3n o dificultad del terreno exijan tener mano libre y\/o no permitan grandes pesos en la espalda.<\/p>\n<p>Se ponen en presi\u00f3n al activar varias veces la maneta de accionamiento.<br \/>\nLa capacidad util es aproximadamente 3\/4 de su capacidad total<\/p>\n","protected":false},"excerpt":{"rendered":"<p>Pulverizador tipo mochila <strong data-start=\"855\" data-end=\"870\">Giber SH-20<\/strong> con <strong data-start=\"875\" data-end=\"901\">capacidad de 20 litros<\/strong>, ideal para <strong data-start=\"914\" data-end=\"987\">control de plagas, desinfecci\u00f3n, jardiner\u00eda y mantenimiento ambiental<\/strong>.<br data-start=\"988\" data-end=\"991\" \/>Cuenta con <strong data-start=\"1002\" data-end=\"1034\">bomba manual de alta presi\u00f3n<\/strong>, lanza ajustable, manguera flexible y <strong data-start=\"1073\" data-end=\"1093\">arn\u00e9s ergon\u00f3mico<\/strong> para un uso prolongado sin esfuerzo.<\/p>\n","protected":false},"featured_media":1462,"template":"","meta":{"_joinchat":[]},"product_brand":[],"product_cat":[34],"product_tag":[],"rubro":[],"problematica":[],"class_list":{"0":"post-876","1":"product","2":"type-product","3":"status-publish","4":"has-post-thumbnail","6":"product_cat-maquinas-y-equipos","8":"first","9":"instock","10":"shipping-taxable","11":"product-type-simple"},"yoast_head":"<!-- This site is optimized with the Yoast SEO plugin v26.3 - https:\/\/yoast.com\/wordpress\/plugins\/seo\/ -->\n<title>PULVERIZADOR MOCHILA GIBER SH-20 | 20 Litros | MANUAL - Arpon Divisi\u00f3n Ambiental<\/title>\n<meta name=\"robots\" content=\"index, follow, max-snippet:-1, max-image-preview:large, max-video-preview:-1\" \/>\n<link rel=\"canonical\" href=\"https:\/\/arpon.com.ar\/ambiental\/productos\/maquinas-y-equipos\/pulverizador-mochila-giber-sh-20-20-litros-manual\/\" \/>\n<meta property=\"og:locale\" content=\"es_ES\" \/>\n<meta property=\"og:type\" content=\"article\" \/>\n<meta property=\"og:title\" content=\"PULVERIZADOR MOCHILA GIBER SH-20 | 20 Litros | MANUAL - Arpon Divisi\u00f3n Ambiental\" \/>\n<meta property=\"og:description\" content=\"Pulverizador tipo mochila Giber SH-20 con capacidad de 20 litros, ideal para control de plagas, desinfecci\u00f3n, jardiner\u00eda y mantenimiento ambiental.Cuenta con bomba manual de alta presi\u00f3n, lanza ajustable, manguera flexible y arn\u00e9s ergon\u00f3mico para un uso prolongado sin esfuerzo.\" \/>\n<meta property=\"og:url\" content=\"https:\/\/arpon.com.ar\/ambiental\/productos\/maquinas-y-equipos\/pulverizador-mochila-giber-sh-20-20-litros-manual\/\" \/>\n<meta property=\"og:site_name\" content=\"Arpon Divisi\u00f3n Ambiental\" \/>\n<meta property=\"article:modified_time\" content=\"2025-10-06T18:21:43+00:00\" \/>\n<meta property=\"og:image\" content=\"https:\/\/arpon.com.ar\/ambiental\/wp-content\/uploads\/2022\/02\/WhatsApp-Image-2025-10-06-at-11.24.03.jpeg\" \/>\n\t<meta property=\"og:image:width\" content=\"782\" \/>\n\t<meta property=\"og:image:height\" content=\"1239\" \/>\n\t<meta property=\"og:image:type\" content=\"image\/jpeg\" \/>\n<meta name=\"twitter:card\" content=\"summary_large_image\" \/>\n<meta name=\"twitter:label1\" content=\"Tiempo de lectura\" \/>\n\t<meta name=\"twitter:data1\" content=\"2 minutos\" \/>\n<script type=\"application\/ld+json\" class=\"yoast-schema-graph\">{\"@context\":\"https:\/\/schema.org\",\"@graph\":[{\"@type\":\"WebPage\",\"@id\":\"https:\/\/arpon.com.ar\/ambiental\/productos\/maquinas-y-equipos\/pulverizador-mochila-giber-sh-20-20-litros-manual\/\",\"url\":\"https:\/\/arpon.com.ar\/ambiental\/productos\/maquinas-y-equipos\/pulverizador-mochila-giber-sh-20-20-litros-manual\/\",\"name\":\"PULVERIZADOR MOCHILA GIBER SH-20 | 20 Litros | MANUAL - Arpon Divisi\u00f3n Ambiental\",\"isPartOf\":{\"@id\":\"https:\/\/arponambiental.com.ar\/#website\"},\"primaryImageOfPage\":{\"@id\":\"https:\/\/arpon.com.ar\/ambiental\/productos\/maquinas-y-equipos\/pulverizador-mochila-giber-sh-20-20-litros-manual\/#primaryimage\"},\"image\":{\"@id\":\"https:\/\/arpon.com.ar\/ambiental\/productos\/maquinas-y-equipos\/pulverizador-mochila-giber-sh-20-20-litros-manual\/#primaryimage\"},\"thumbnailUrl\":\"https:\/\/arpon.com.ar\/ambiental\/wp-content\/uploads\/2022\/02\/WhatsApp-Image-2025-10-06-at-11.24.03.jpeg\",\"datePublished\":\"2022-02-09T13:57:18+00:00\",\"dateModified\":\"2025-10-06T18:21:43+00:00\",\"breadcrumb\":{\"@id\":\"https:\/\/arpon.com.ar\/ambiental\/productos\/maquinas-y-equipos\/pulverizador-mochila-giber-sh-20-20-litros-manual\/#breadcrumb\"},\"inLanguage\":\"es\",\"potentialAction\":[{\"@type\":\"ReadAction\",\"target\":[\"https:\/\/arpon.com.ar\/ambiental\/productos\/maquinas-y-equipos\/pulverizador-mochila-giber-sh-20-20-litros-manual\/\"]}]},{\"@type\":\"ImageObject\",\"inLanguage\":\"es\",\"@id\":\"https:\/\/arpon.com.ar\/ambiental\/productos\/maquinas-y-equipos\/pulverizador-mochila-giber-sh-20-20-litros-manual\/#primaryimage\",\"url\":\"https:\/\/arpon.com.ar\/ambiental\/wp-content\/uploads\/2022\/02\/WhatsApp-Image-2025-10-06-at-11.24.03.jpeg\",\"contentUrl\":\"https:\/\/arpon.com.ar\/ambiental\/wp-content\/uploads\/2022\/02\/WhatsApp-Image-2025-10-06-at-11.24.03.jpeg\",\"width\":782,\"height\":1239},{\"@type\":\"BreadcrumbList\",\"@id\":\"https:\/\/arpon.com.ar\/ambiental\/productos\/maquinas-y-equipos\/pulverizador-mochila-giber-sh-20-20-litros-manual\/#breadcrumb\",\"itemListElement\":[{\"@type\":\"ListItem\",\"position\":1,\"name\":\"Portada\",\"item\":\"https:\/\/arpon.com.ar\/ambiental\/\"},{\"@type\":\"ListItem\",\"position\":2,\"name\":\"Productos\",\"item\":\"https:\/\/arpon.com.ar\/ambiental\/productos\/\"},{\"@type\":\"ListItem\",\"position\":3,\"name\":\"PULVERIZADOR MOCHILA GIBER SH-20 | 20 Litros | MANUAL\"}]},{\"@type\":\"WebSite\",\"@id\":\"https:\/\/arponambiental.com.ar\/#website\",\"url\":\"https:\/\/arponambiental.com.ar\/\",\"name\":\"Arpon Divisi\u00f3n Ambiental\",\"description\":\"\",\"publisher\":{\"@id\":\"https:\/\/arponambiental.com.ar\/#organization\"},\"potentialAction\":[{\"@type\":\"SearchAction\",\"target\":{\"@type\":\"EntryPoint\",\"urlTemplate\":\"https:\/\/arponambiental.com.ar\/?s={search_term_string}\"},\"query-input\":{\"@type\":\"PropertyValueSpecification\",\"valueRequired\":true,\"valueName\":\"search_term_string\"}}],\"inLanguage\":\"es\"},{\"@type\":\"Organization\",\"@id\":\"https:\/\/arponambiental.com.ar\/#organization\",\"name\":\"Arpon Divisi\u00f3n Ambiental\",\"url\":\"https:\/\/arponambiental.com.ar\/\",\"logo\":{\"@type\":\"ImageObject\",\"inLanguage\":\"es\",\"@id\":\"https:\/\/arponambiental.com.ar\/#\/schema\/logo\/image\/\",\"url\":\"https:\/\/arponambiental.com.ar\/wp-content\/uploads\/2019\/08\/arpon-ambiental3.png\",\"contentUrl\":\"https:\/\/arponambiental.com.ar\/wp-content\/uploads\/2019\/08\/arpon-ambiental3.png\",\"width\":798,\"height\":332,\"caption\":\"Arpon Divisi\u00f3n Ambiental\"},\"image\":{\"@id\":\"https:\/\/arponambiental.com.ar\/#\/schema\/logo\/image\/\"}}]}<\/script>\n<!-- \/ Yoast SEO plugin. -->","yoast_head_json":{"title":"PULVERIZADOR MOCHILA GIBER SH-20 | 20 Litros | MANUAL - Arpon Divisi\u00f3n Ambiental","robots":{"index":"index","follow":"follow","max-snippet":"max-snippet:-1","max-image-preview":"max-image-preview:large","max-video-preview":"max-video-preview:-1"},"canonical":"https:\/\/arpon.com.ar\/ambiental\/productos\/maquinas-y-equipos\/pulverizador-mochila-giber-sh-20-20-litros-manual\/","og_locale":"es_ES","og_type":"article","og_title":"PULVERIZADOR MOCHILA GIBER SH-20 | 20 Litros | MANUAL - Arpon Divisi\u00f3n Ambiental","og_description":"Pulverizador tipo mochila Giber SH-20 con capacidad de 20 litros, ideal para control de plagas, desinfecci\u00f3n, jardiner\u00eda y mantenimiento ambiental.Cuenta con bomba manual de alta presi\u00f3n, lanza ajustable, manguera flexible y arn\u00e9s ergon\u00f3mico para un uso prolongado sin esfuerzo.","og_url":"https:\/\/arpon.com.ar\/ambiental\/productos\/maquinas-y-equipos\/pulverizador-mochila-giber-sh-20-20-litros-manual\/","og_site_name":"Arpon Divisi\u00f3n Ambiental","article_modified_time":"2025-10-06T18:21:43+00:00","og_image":[{"width":782,"height":1239,"url":"https:\/\/arpon.com.ar\/ambiental\/wp-content\/uploads\/2022\/02\/WhatsApp-Image-2025-10-06-at-11.24.03.jpeg","type":"image\/jpeg"}],"twitter_card":"summary_large_image","twitter_misc":{"Tiempo de lectura":"2 minutos"},"schema":{"@context":"https:\/\/schema.org","@graph":[{"@type":"WebPage","@id":"https:\/\/arpon.com.ar\/ambiental\/productos\/maquinas-y-equipos\/pulverizador-mochila-giber-sh-20-20-litros-manual\/","url":"https:\/\/arpon.com.ar\/ambiental\/productos\/maquinas-y-equipos\/pulverizador-mochila-giber-sh-20-20-litros-manual\/","name":"PULVERIZADOR MOCHILA GIBER SH-20 | 20 Litros | MANUAL - Arpon Divisi\u00f3n Ambiental","isPartOf":{"@id":"https:\/\/arponambiental.com.ar\/#website"},"primaryImageOfPage":{"@id":"https:\/\/arpon.com.ar\/ambiental\/productos\/maquinas-y-equipos\/pulverizador-mochila-giber-sh-20-20-litros-manual\/#primaryimage"},"image":{"@id":"https:\/\/arpon.com.ar\/ambiental\/productos\/maquinas-y-equipos\/pulverizador-mochila-giber-sh-20-20-litros-manual\/#primaryimage"},"thumbnailUrl":"https:\/\/arpon.com.ar\/ambiental\/wp-content\/uploads\/2022\/02\/WhatsApp-Image-2025-10-06-at-11.24.03.jpeg","datePublished":"2022-02-09T13:57:18+00:00","dateModified":"2025-10-06T18:21:43+00:00","breadcrumb":{"@id":"https:\/\/arpon.com.ar\/ambiental\/productos\/maquinas-y-equipos\/pulverizador-mochila-giber-sh-20-20-litros-manual\/#breadcrumb"},"inLanguage":"es","potentialAction":[{"@type":"ReadAction","target":["https:\/\/arpon.com.ar\/ambiental\/productos\/maquinas-y-equipos\/pulverizador-mochila-giber-sh-20-20-litros-manual\/"]}]},{"@type":"ImageObject","inLanguage":"es","@id":"https:\/\/arpon.com.ar\/ambiental\/productos\/maquinas-y-equipos\/pulverizador-mochila-giber-sh-20-20-litros-manual\/#primaryimage","url":"https:\/\/arpon.com.ar\/ambiental\/wp-content\/uploads\/2022\/02\/WhatsApp-Image-2025-10-06-at-11.24.03.jpeg","contentUrl":"https:\/\/arpon.com.ar\/ambiental\/wp-content\/uploads\/2022\/02\/WhatsApp-Image-2025-10-06-at-11.24.03.jpeg","width":782,"height":1239},{"@type":"BreadcrumbList","@id":"https:\/\/arpon.com.ar\/ambiental\/productos\/maquinas-y-equipos\/pulverizador-mochila-giber-sh-20-20-litros-manual\/#breadcrumb","itemListElement":[{"@type":"ListItem","position":1,"name":"Portada","item":"https:\/\/arpon.com.ar\/ambiental\/"},{"@type":"ListItem","position":2,"name":"Productos","item":"https:\/\/arpon.com.ar\/ambiental\/productos\/"},{"@type":"ListItem","position":3,"name":"PULVERIZADOR MOCHILA GIBER SH-20 | 20 Litros | MANUAL"}]},{"@type":"WebSite","@id":"https:\/\/arponambiental.com.ar\/#website","url":"https:\/\/arponambiental.com.ar\/","name":"Arpon Divisi\u00f3n Ambiental","description":"","publisher":{"@id":"https:\/\/arponambiental.com.ar\/#organization"},"potentialAction":[{"@type":"SearchAction","target":{"@type":"EntryPoint","urlTemplate":"https:\/\/arponambiental.com.ar\/?s={search_term_string}"},"query-input":{"@type":"PropertyValueSpecification","valueRequired":true,"valueName":"search_term_string"}}],"inLanguage":"es"},{"@type":"Organization","@id":"https:\/\/arponambiental.com.ar\/#organization","name":"Arpon Divisi\u00f3n Ambiental","url":"https:\/\/arponambiental.com.ar\/","logo":{"@type":"ImageObject","inLanguage":"es","@id":"https:\/\/arponambiental.com.ar\/#\/schema\/logo\/image\/","url":"https:\/\/arponambiental.com.ar\/wp-content\/uploads\/2019\/08\/arpon-ambiental3.png","contentUrl":"https:\/\/arponambiental.com.ar\/wp-content\/uploads\/2019\/08\/arpon-ambiental3.png","width":798,"height":332,"caption":"Arpon Divisi\u00f3n Ambiental"},"image":{"@id":"https:\/\/arponambiental.com.ar\/#\/schema\/logo\/image\/"}}]}},"_links":{"self":[{"href":"https:\/\/arpon.com.ar\/ambiental\/wp-json\/wp\/v2\/product\/876","targetHints":{"allow":["GET"]}}],"collection":[{"href":"https:\/\/arpon.com.ar\/ambiental\/wp-json\/wp\/v2\/product"}],"about":[{"href":"https:\/\/arpon.com.ar\/ambiental\/wp-json\/wp\/v2\/types\/product"}],"wp:featuredmedia":[{"embeddable":true,"href":"https:\/\/arpon.com.ar\/ambiental\/wp-json\/wp\/v2\/media\/1462"}],"wp:attachment":[{"href":"https:\/\/arpon.com.ar\/ambiental\/wp-json\/wp\/v2\/media?parent=876"}],"wp:term":[{"taxonomy":"product_brand","embeddable":true,"href":"https:\/\/arpon.com.ar\/ambiental\/wp-json\/wp\/v2\/product_brand?post=876"},{"taxonomy":"product_cat","embeddable":true,"href":"https:\/\/arpon.com.ar\/ambiental\/wp-json\/wp\/v2\/product_cat?post=876"},{"taxonomy":"product_tag","embeddable":true,"href":"https:\/\/arpon.com.ar\/ambiental\/wp-json\/wp\/v2\/product_tag?post=876"},{"taxonomy":"rubro","embeddable":true,"href":"https:\/\/arpon.com.ar\/ambiental\/wp-json\/wp\/v2\/rubro?post=876"},{"taxonomy":"problematica","embeddable":true,"href":"https:\/\/arpon.com.ar\/ambiental\/wp-json\/wp\/v2\/problematica?post=876"}],"curies":[{"name":"wp","href":"https:\/\/api.w.org\/{rel}","templated":true}]}}