{"id":637,"date":"2022-02-10T09:34:10","date_gmt":"2022-02-10T12:34:10","guid":{"rendered":"http:\/\/arpon.com.ar\/grafica\/?post_type=product&#038;p=637"},"modified":"2022-10-24T14:55:27","modified_gmt":"2022-10-24T17:55:27","slug":"carrier-catalitico-suave-n-x-kg","status":"publish","type":"product","link":"https:\/\/arpon.com.ar\/grafica\/productos\/serigrafia\/tintas-bases-y-pigmentos-textil-serigrafia\/carrier-catalitico-suave-n-x-kg\/","title":{"rendered":"VORTEX CARRIER CATALITICO SUAVE \u00abN\u00bb X KG"},"content":{"rendered":"<p>Base cubritiva suave y el\u00e1stica para estampar telas oscuras.<br \/>\nEs el m\u00e1s suave de los carriers catal\u00edticos. No posee tack residual.<br \/>\nPosee buena elasticidad.<br \/>\nNo requiere del agregado de Ligantes y autorreticula sobre telas de algod\u00f3n 100% en 72 horas<br \/>\nSe obtienen estampados semi-brillantes. Posee buena solidez al lavado.<\/p>\n<p>Malla 30\/38 Hilos\/cm (para plenos), m\u00e1ximo 55 Hilos (Filtrar antes)<\/p>\n<p>\u00cddem al Carrier \u201cE\u201d y \u201cOPEL\u201d\u00a0 pero mucho m\u00e1s el\u00e1stico, suave y brillante (contratipo de goma Brasilera).<br \/>\nEn telas sint\u00e9ticas o mezclas, agregar 10 a 20 gr\/Kg. de Sintefix y polimerizar a 150\u00ba C 5 minutos.<\/p>\n","protected":false},"excerpt":{"rendered":"<p>Carrier\u00a0 N es el contratipo del Print Catalitico Suave pero para telas oscuras (realza los colores). pero mucho m\u00e1s el\u00e1stico, suave y <strong>BRILLANTE<\/strong>.<br \/>\nEn telas sint\u00e9ticas o mezclas, agregar 10 a 20 gr\/Kg. de Sintefix y polimerizar a 150\u00ba C 5 minutos.<\/p>\n","protected":false},"featured_media":830,"comment_status":"open","ping_status":"closed","template":"","meta":{"_joinchat":[]},"product_brand":[],"product_cat":[26,32],"product_tag":[],"class_list":{"0":"post-637","1":"product","2":"type-product","3":"status-publish","4":"has-post-thumbnail","6":"product_cat-serigrafia","7":"product_cat-tintas-bases-y-pigmentos-textil-serigrafia","9":"first","10":"instock","11":"shipping-taxable","12":"product-type-simple"},"yoast_head":"<!-- This site is optimized with the Yoast SEO plugin v26.6 - https:\/\/yoast.com\/wordpress\/plugins\/seo\/ -->\n<title>VORTEX CARRIER CATALITICO SUAVE &quot;N&quot; X KG - Arpon Divisi\u00f3n Gr\u00e1fica<\/title>\n<meta name=\"description\" content=\"VORTEX CARRIER CATALITICO SUAVE &quot;N&quot; X KG\" \/>\n<meta name=\"robots\" content=\"index, follow, max-snippet:-1, max-image-preview:large, max-video-preview:-1\" \/>\n<link rel=\"canonical\" href=\"https:\/\/arpon.com.ar\/grafica\/productos\/serigrafia\/tintas-bases-y-pigmentos-textil-serigrafia\/carrier-catalitico-suave-n-x-kg\/\" \/>\n<meta property=\"og:locale\" content=\"es_ES\" \/>\n<meta property=\"og:type\" content=\"article\" \/>\n<meta property=\"og:title\" content=\"VORTEX CARRIER CATALITICO SUAVE &quot;N&quot; X KG - Arpon Divisi\u00f3n Gr\u00e1fica\" \/>\n<meta property=\"og:description\" content=\"VORTEX CARRIER CATALITICO SUAVE &quot;N&quot; X KG\" \/>\n<meta property=\"og:url\" content=\"https:\/\/arpon.com.ar\/grafica\/productos\/serigrafia\/tintas-bases-y-pigmentos-textil-serigrafia\/carrier-catalitico-suave-n-x-kg\/\" \/>\n<meta property=\"og:site_name\" content=\"Arpon Divisi\u00f3n Gr\u00e1fica\" \/>\n<meta property=\"article:modified_time\" content=\"2022-10-24T17:55:27+00:00\" \/>\n<meta property=\"og:image\" content=\"https:\/\/arpon.com.ar\/grafica\/wp-content\/uploads\/2022\/02\/carrier-N.jpeg\" \/>\n\t<meta property=\"og:image:width\" content=\"1315\" \/>\n\t<meta property=\"og:image:height\" content=\"1600\" \/>\n\t<meta property=\"og:image:type\" content=\"image\/jpeg\" \/>\n<meta name=\"twitter:card\" content=\"summary_large_image\" \/>\n<script type=\"application\/ld+json\" class=\"yoast-schema-graph\">{\"@context\":\"https:\/\/schema.org\",\"@graph\":[{\"@type\":\"WebPage\",\"@id\":\"https:\/\/arpon.com.ar\/grafica\/productos\/serigrafia\/tintas-bases-y-pigmentos-textil-serigrafia\/carrier-catalitico-suave-n-x-kg\/\",\"url\":\"https:\/\/arpon.com.ar\/grafica\/productos\/serigrafia\/tintas-bases-y-pigmentos-textil-serigrafia\/carrier-catalitico-suave-n-x-kg\/\",\"name\":\"VORTEX CARRIER CATALITICO SUAVE \\\"N\\\" X KG - Arpon Divisi\u00f3n Gr\u00e1fica\",\"isPartOf\":{\"@id\":\"https:\/\/arpongrafica.com.ar\/#website\"},\"primaryImageOfPage\":{\"@id\":\"https:\/\/arpon.com.ar\/grafica\/productos\/serigrafia\/tintas-bases-y-pigmentos-textil-serigrafia\/carrier-catalitico-suave-n-x-kg\/#primaryimage\"},\"image\":{\"@id\":\"https:\/\/arpon.com.ar\/grafica\/productos\/serigrafia\/tintas-bases-y-pigmentos-textil-serigrafia\/carrier-catalitico-suave-n-x-kg\/#primaryimage\"},\"thumbnailUrl\":\"https:\/\/arpon.com.ar\/grafica\/wp-content\/uploads\/2022\/02\/carrier-N.jpeg\",\"datePublished\":\"2022-02-10T12:34:10+00:00\",\"dateModified\":\"2022-10-24T17:55:27+00:00\",\"description\":\"VORTEX CARRIER CATALITICO SUAVE \\\"N\\\" X KG\",\"breadcrumb\":{\"@id\":\"https:\/\/arpon.com.ar\/grafica\/productos\/serigrafia\/tintas-bases-y-pigmentos-textil-serigrafia\/carrier-catalitico-suave-n-x-kg\/#breadcrumb\"},\"inLanguage\":\"es\",\"potentialAction\":[{\"@type\":\"ReadAction\",\"target\":[\"https:\/\/arpon.com.ar\/grafica\/productos\/serigrafia\/tintas-bases-y-pigmentos-textil-serigrafia\/carrier-catalitico-suave-n-x-kg\/\"]}]},{\"@type\":\"ImageObject\",\"inLanguage\":\"es\",\"@id\":\"https:\/\/arpon.com.ar\/grafica\/productos\/serigrafia\/tintas-bases-y-pigmentos-textil-serigrafia\/carrier-catalitico-suave-n-x-kg\/#primaryimage\",\"url\":\"https:\/\/arpon.com.ar\/grafica\/wp-content\/uploads\/2022\/02\/carrier-N.jpeg\",\"contentUrl\":\"https:\/\/arpon.com.ar\/grafica\/wp-content\/uploads\/2022\/02\/carrier-N.jpeg\",\"width\":1315,\"height\":1600},{\"@type\":\"BreadcrumbList\",\"@id\":\"https:\/\/arpon.com.ar\/grafica\/productos\/serigrafia\/tintas-bases-y-pigmentos-textil-serigrafia\/carrier-catalitico-suave-n-x-kg\/#breadcrumb\",\"itemListElement\":[{\"@type\":\"ListItem\",\"position\":1,\"name\":\"Portada\",\"item\":\"https:\/\/arpon.com.ar\/grafica\/\"},{\"@type\":\"ListItem\",\"position\":2,\"name\":\"Productos\",\"item\":\"https:\/\/arpon.com.ar\/grafica\/productos\/\"},{\"@type\":\"ListItem\",\"position\":3,\"name\":\"VORTEX CARRIER CATALITICO SUAVE \u00abN\u00bb X KG\"}]},{\"@type\":\"WebSite\",\"@id\":\"https:\/\/arpongrafica.com.ar\/#website\",\"url\":\"https:\/\/arpongrafica.com.ar\/\",\"name\":\"Arpon Divisi\u00f3n Gr\u00e1fica\",\"description\":\"Insumos Gr\u00e1ficos y Serigr\u00e1ficos. Asesoramiento t\u00e9cnico, Calidad en servicio y Agilidad en la entrega\",\"publisher\":{\"@id\":\"https:\/\/arpongrafica.com.ar\/#organization\"},\"potentialAction\":[{\"@type\":\"SearchAction\",\"target\":{\"@type\":\"EntryPoint\",\"urlTemplate\":\"https:\/\/arpongrafica.com.ar\/?s={search_term_string}\"},\"query-input\":{\"@type\":\"PropertyValueSpecification\",\"valueRequired\":true,\"valueName\":\"search_term_string\"}}],\"inLanguage\":\"es\"},{\"@type\":\"Organization\",\"@id\":\"https:\/\/arpongrafica.com.ar\/#organization\",\"name\":\"Arp\u00f3n Grafica\",\"url\":\"https:\/\/arpongrafica.com.ar\/\",\"logo\":{\"@type\":\"ImageObject\",\"inLanguage\":\"es\",\"@id\":\"https:\/\/arpongrafica.com.ar\/#\/schema\/logo\/image\/\",\"url\":\"https:\/\/arpongrafica.com.ar\/wp-content\/uploads\/2019\/08\/arpon-grafica1.png\",\"contentUrl\":\"https:\/\/arpongrafica.com.ar\/wp-content\/uploads\/2019\/08\/arpon-grafica1.png\",\"width\":795,\"height\":347,\"caption\":\"Arp\u00f3n Grafica\"},\"image\":{\"@id\":\"https:\/\/arpongrafica.com.ar\/#\/schema\/logo\/image\/\"}}]}<\/script>\n<!-- \/ Yoast SEO plugin. -->","yoast_head_json":{"title":"VORTEX CARRIER CATALITICO SUAVE \"N\" X KG - Arpon Divisi\u00f3n Gr\u00e1fica","description":"VORTEX CARRIER CATALITICO SUAVE \"N\" X KG","robots":{"index":"index","follow":"follow","max-snippet":"max-snippet:-1","max-image-preview":"max-image-preview:large","max-video-preview":"max-video-preview:-1"},"canonical":"https:\/\/arpon.com.ar\/grafica\/productos\/serigrafia\/tintas-bases-y-pigmentos-textil-serigrafia\/carrier-catalitico-suave-n-x-kg\/","og_locale":"es_ES","og_type":"article","og_title":"VORTEX CARRIER CATALITICO SUAVE \"N\" X KG - Arpon Divisi\u00f3n Gr\u00e1fica","og_description":"VORTEX CARRIER CATALITICO SUAVE \"N\" X KG","og_url":"https:\/\/arpon.com.ar\/grafica\/productos\/serigrafia\/tintas-bases-y-pigmentos-textil-serigrafia\/carrier-catalitico-suave-n-x-kg\/","og_site_name":"Arpon Divisi\u00f3n Gr\u00e1fica","article_modified_time":"2022-10-24T17:55:27+00:00","og_image":[{"width":1315,"height":1600,"url":"https:\/\/arpon.com.ar\/grafica\/wp-content\/uploads\/2022\/02\/carrier-N.jpeg","type":"image\/jpeg"}],"twitter_card":"summary_large_image","schema":{"@context":"https:\/\/schema.org","@graph":[{"@type":"WebPage","@id":"https:\/\/arpon.com.ar\/grafica\/productos\/serigrafia\/tintas-bases-y-pigmentos-textil-serigrafia\/carrier-catalitico-suave-n-x-kg\/","url":"https:\/\/arpon.com.ar\/grafica\/productos\/serigrafia\/tintas-bases-y-pigmentos-textil-serigrafia\/carrier-catalitico-suave-n-x-kg\/","name":"VORTEX CARRIER CATALITICO SUAVE \"N\" X KG - Arpon Divisi\u00f3n Gr\u00e1fica","isPartOf":{"@id":"https:\/\/arpongrafica.com.ar\/#website"},"primaryImageOfPage":{"@id":"https:\/\/arpon.com.ar\/grafica\/productos\/serigrafia\/tintas-bases-y-pigmentos-textil-serigrafia\/carrier-catalitico-suave-n-x-kg\/#primaryimage"},"image":{"@id":"https:\/\/arpon.com.ar\/grafica\/productos\/serigrafia\/tintas-bases-y-pigmentos-textil-serigrafia\/carrier-catalitico-suave-n-x-kg\/#primaryimage"},"thumbnailUrl":"https:\/\/arpon.com.ar\/grafica\/wp-content\/uploads\/2022\/02\/carrier-N.jpeg","datePublished":"2022-02-10T12:34:10+00:00","dateModified":"2022-10-24T17:55:27+00:00","description":"VORTEX CARRIER CATALITICO SUAVE \"N\" X KG","breadcrumb":{"@id":"https:\/\/arpon.com.ar\/grafica\/productos\/serigrafia\/tintas-bases-y-pigmentos-textil-serigrafia\/carrier-catalitico-suave-n-x-kg\/#breadcrumb"},"inLanguage":"es","potentialAction":[{"@type":"ReadAction","target":["https:\/\/arpon.com.ar\/grafica\/productos\/serigrafia\/tintas-bases-y-pigmentos-textil-serigrafia\/carrier-catalitico-suave-n-x-kg\/"]}]},{"@type":"ImageObject","inLanguage":"es","@id":"https:\/\/arpon.com.ar\/grafica\/productos\/serigrafia\/tintas-bases-y-pigmentos-textil-serigrafia\/carrier-catalitico-suave-n-x-kg\/#primaryimage","url":"https:\/\/arpon.com.ar\/grafica\/wp-content\/uploads\/2022\/02\/carrier-N.jpeg","contentUrl":"https:\/\/arpon.com.ar\/grafica\/wp-content\/uploads\/2022\/02\/carrier-N.jpeg","width":1315,"height":1600},{"@type":"BreadcrumbList","@id":"https:\/\/arpon.com.ar\/grafica\/productos\/serigrafia\/tintas-bases-y-pigmentos-textil-serigrafia\/carrier-catalitico-suave-n-x-kg\/#breadcrumb","itemListElement":[{"@type":"ListItem","position":1,"name":"Portada","item":"https:\/\/arpon.com.ar\/grafica\/"},{"@type":"ListItem","position":2,"name":"Productos","item":"https:\/\/arpon.com.ar\/grafica\/productos\/"},{"@type":"ListItem","position":3,"name":"VORTEX CARRIER CATALITICO SUAVE \u00abN\u00bb X KG"}]},{"@type":"WebSite","@id":"https:\/\/arpongrafica.com.ar\/#website","url":"https:\/\/arpongrafica.com.ar\/","name":"Arpon Divisi\u00f3n Gr\u00e1fica","description":"Insumos Gr\u00e1ficos y Serigr\u00e1ficos. Asesoramiento t\u00e9cnico, Calidad en servicio y Agilidad en la entrega","publisher":{"@id":"https:\/\/arpongrafica.com.ar\/#organization"},"potentialAction":[{"@type":"SearchAction","target":{"@type":"EntryPoint","urlTemplate":"https:\/\/arpongrafica.com.ar\/?s={search_term_string}"},"query-input":{"@type":"PropertyValueSpecification","valueRequired":true,"valueName":"search_term_string"}}],"inLanguage":"es"},{"@type":"Organization","@id":"https:\/\/arpongrafica.com.ar\/#organization","name":"Arp\u00f3n Grafica","url":"https:\/\/arpongrafica.com.ar\/","logo":{"@type":"ImageObject","inLanguage":"es","@id":"https:\/\/arpongrafica.com.ar\/#\/schema\/logo\/image\/","url":"https:\/\/arpongrafica.com.ar\/wp-content\/uploads\/2019\/08\/arpon-grafica1.png","contentUrl":"https:\/\/arpongrafica.com.ar\/wp-content\/uploads\/2019\/08\/arpon-grafica1.png","width":795,"height":347,"caption":"Arp\u00f3n Grafica"},"image":{"@id":"https:\/\/arpongrafica.com.ar\/#\/schema\/logo\/image\/"}}]}},"_links":{"self":[{"href":"https:\/\/arpon.com.ar\/grafica\/wp-json\/wp\/v2\/product\/637","targetHints":{"allow":["GET"]}}],"collection":[{"href":"https:\/\/arpon.com.ar\/grafica\/wp-json\/wp\/v2\/product"}],"about":[{"href":"https:\/\/arpon.com.ar\/grafica\/wp-json\/wp\/v2\/types\/product"}],"replies":[{"embeddable":true,"href":"https:\/\/arpon.com.ar\/grafica\/wp-json\/wp\/v2\/comments?post=637"}],"wp:featuredmedia":[{"embeddable":true,"href":"https:\/\/arpon.com.ar\/grafica\/wp-json\/wp\/v2\/media\/830"}],"wp:attachment":[{"href":"https:\/\/arpon.com.ar\/grafica\/wp-json\/wp\/v2\/media?parent=637"}],"wp:term":[{"taxonomy":"product_brand","embeddable":true,"href":"https:\/\/arpon.com.ar\/grafica\/wp-json\/wp\/v2\/product_brand?post=637"},{"taxonomy":"product_cat","embeddable":true,"href":"https:\/\/arpon.com.ar\/grafica\/wp-json\/wp\/v2\/product_cat?post=637"},{"taxonomy":"product_tag","embeddable":true,"href":"https:\/\/arpon.com.ar\/grafica\/wp-json\/wp\/v2\/product_tag?post=637"}],"curies":[{"name":"wp","href":"https:\/\/api.w.org\/{rel}","templated":true}]}}