{"id":674,"date":"2022-05-27T17:05:07","date_gmt":"2022-05-27T20:05:07","guid":{"rendered":"http:\/\/arpon.com.ar\/grafica\/?post_type=product&#038;p=674"},"modified":"2022-10-24T15:00:33","modified_gmt":"2022-10-24T18:00:33","slug":"dorado-preparado-x-kg","status":"publish","type":"product","link":"https:\/\/arpon.com.ar\/grafica\/productos\/serigrafia\/tintas-bases-y-pigmentos-textil-serigrafia\/dorado-preparado-x-kg\/","title":{"rendered":"VORTEX DORADO PREPARADO X KG"},"content":{"rendered":"","protected":false},"excerpt":{"rendered":"<p>Emulsiones con ligantes y pigmentos met\u00e1licos incorporados listas para usar.<\/p>\n<p>El Dorado Preparado tambi\u00e9n viene listo para usar. Posee un tono dorado Oro Rico, brillo y gran poder cubritivo.<\/p>\n<p>Estampar en malla de 30 a 38 hilos\/cm. y polimerizar en horno a 150\u00baC durante 4 a 5 min<\/p>\n","protected":false},"featured_media":817,"comment_status":"open","ping_status":"closed","template":"","meta":{"_joinchat":[]},"product_brand":[],"product_cat":[32],"product_tag":[],"class_list":{"0":"post-674","1":"product","2":"type-product","3":"status-publish","4":"has-post-thumbnail","6":"product_cat-tintas-bases-y-pigmentos-textil-serigrafia","8":"first","9":"instock","10":"shipping-taxable","11":"product-type-simple"},"yoast_head":"<!-- This site is optimized with the Yoast SEO plugin v26.6 - https:\/\/yoast.com\/wordpress\/plugins\/seo\/ -->\n<title>VORTEX DORADO PREPARADO X KG - Arpon Divisi\u00f3n Gr\u00e1fica<\/title>\n<meta name=\"description\" content=\"VORTEX DORADO PREPARADO X KG\" \/>\n<meta name=\"robots\" content=\"index, follow, max-snippet:-1, max-image-preview:large, max-video-preview:-1\" \/>\n<link rel=\"canonical\" href=\"https:\/\/arpon.com.ar\/grafica\/productos\/serigrafia\/tintas-bases-y-pigmentos-textil-serigrafia\/dorado-preparado-x-kg\/\" \/>\n<meta property=\"og:locale\" content=\"es_ES\" \/>\n<meta property=\"og:type\" content=\"article\" \/>\n<meta property=\"og:title\" content=\"VORTEX DORADO PREPARADO X KG - Arpon Divisi\u00f3n Gr\u00e1fica\" \/>\n<meta property=\"og:description\" content=\"VORTEX DORADO PREPARADO X KG\" \/>\n<meta property=\"og:url\" content=\"https:\/\/arpon.com.ar\/grafica\/productos\/serigrafia\/tintas-bases-y-pigmentos-textil-serigrafia\/dorado-preparado-x-kg\/\" \/>\n<meta property=\"og:site_name\" content=\"Arpon Divisi\u00f3n Gr\u00e1fica\" \/>\n<meta property=\"article:modified_time\" content=\"2022-10-24T18:00:33+00:00\" \/>\n<meta property=\"og:image\" content=\"https:\/\/arpon.com.ar\/grafica\/wp-content\/uploads\/2022\/02\/WhatsApp-Image-2022-02-24-at-11.38.39-2.jpeg\" \/>\n\t<meta property=\"og:image:width\" content=\"1583\" \/>\n\t<meta property=\"og:image:height\" content=\"1273\" \/>\n\t<meta property=\"og:image:type\" content=\"image\/jpeg\" \/>\n<meta name=\"twitter:card\" content=\"summary_large_image\" \/>\n<script type=\"application\/ld+json\" class=\"yoast-schema-graph\">{\"@context\":\"https:\/\/schema.org\",\"@graph\":[{\"@type\":\"WebPage\",\"@id\":\"https:\/\/arpon.com.ar\/grafica\/productos\/serigrafia\/tintas-bases-y-pigmentos-textil-serigrafia\/dorado-preparado-x-kg\/\",\"url\":\"https:\/\/arpon.com.ar\/grafica\/productos\/serigrafia\/tintas-bases-y-pigmentos-textil-serigrafia\/dorado-preparado-x-kg\/\",\"name\":\"VORTEX DORADO PREPARADO X KG - Arpon Divisi\u00f3n Gr\u00e1fica\",\"isPartOf\":{\"@id\":\"https:\/\/arpongrafica.com.ar\/#website\"},\"primaryImageOfPage\":{\"@id\":\"https:\/\/arpon.com.ar\/grafica\/productos\/serigrafia\/tintas-bases-y-pigmentos-textil-serigrafia\/dorado-preparado-x-kg\/#primaryimage\"},\"image\":{\"@id\":\"https:\/\/arpon.com.ar\/grafica\/productos\/serigrafia\/tintas-bases-y-pigmentos-textil-serigrafia\/dorado-preparado-x-kg\/#primaryimage\"},\"thumbnailUrl\":\"https:\/\/arpon.com.ar\/grafica\/wp-content\/uploads\/2022\/02\/WhatsApp-Image-2022-02-24-at-11.38.39-2.jpeg\",\"datePublished\":\"2022-05-27T20:05:07+00:00\",\"dateModified\":\"2022-10-24T18:00:33+00:00\",\"description\":\"VORTEX DORADO PREPARADO X KG\",\"breadcrumb\":{\"@id\":\"https:\/\/arpon.com.ar\/grafica\/productos\/serigrafia\/tintas-bases-y-pigmentos-textil-serigrafia\/dorado-preparado-x-kg\/#breadcrumb\"},\"inLanguage\":\"es\",\"potentialAction\":[{\"@type\":\"ReadAction\",\"target\":[\"https:\/\/arpon.com.ar\/grafica\/productos\/serigrafia\/tintas-bases-y-pigmentos-textil-serigrafia\/dorado-preparado-x-kg\/\"]}]},{\"@type\":\"ImageObject\",\"inLanguage\":\"es\",\"@id\":\"https:\/\/arpon.com.ar\/grafica\/productos\/serigrafia\/tintas-bases-y-pigmentos-textil-serigrafia\/dorado-preparado-x-kg\/#primaryimage\",\"url\":\"https:\/\/arpon.com.ar\/grafica\/wp-content\/uploads\/2022\/02\/WhatsApp-Image-2022-02-24-at-11.38.39-2.jpeg\",\"contentUrl\":\"https:\/\/arpon.com.ar\/grafica\/wp-content\/uploads\/2022\/02\/WhatsApp-Image-2022-02-24-at-11.38.39-2.jpeg\",\"width\":1583,\"height\":1273},{\"@type\":\"BreadcrumbList\",\"@id\":\"https:\/\/arpon.com.ar\/grafica\/productos\/serigrafia\/tintas-bases-y-pigmentos-textil-serigrafia\/dorado-preparado-x-kg\/#breadcrumb\",\"itemListElement\":[{\"@type\":\"ListItem\",\"position\":1,\"name\":\"Portada\",\"item\":\"https:\/\/arpon.com.ar\/grafica\/\"},{\"@type\":\"ListItem\",\"position\":2,\"name\":\"Productos\",\"item\":\"https:\/\/arpon.com.ar\/grafica\/productos\/\"},{\"@type\":\"ListItem\",\"position\":3,\"name\":\"VORTEX DORADO PREPARADO X KG\"}]},{\"@type\":\"WebSite\",\"@id\":\"https:\/\/arpongrafica.com.ar\/#website\",\"url\":\"https:\/\/arpongrafica.com.ar\/\",\"name\":\"Arpon Divisi\u00f3n Gr\u00e1fica\",\"description\":\"Insumos Gr\u00e1ficos y Serigr\u00e1ficos. Asesoramiento t\u00e9cnico, Calidad en servicio y Agilidad en la entrega\",\"publisher\":{\"@id\":\"https:\/\/arpongrafica.com.ar\/#organization\"},\"potentialAction\":[{\"@type\":\"SearchAction\",\"target\":{\"@type\":\"EntryPoint\",\"urlTemplate\":\"https:\/\/arpongrafica.com.ar\/?s={search_term_string}\"},\"query-input\":{\"@type\":\"PropertyValueSpecification\",\"valueRequired\":true,\"valueName\":\"search_term_string\"}}],\"inLanguage\":\"es\"},{\"@type\":\"Organization\",\"@id\":\"https:\/\/arpongrafica.com.ar\/#organization\",\"name\":\"Arp\u00f3n Grafica\",\"url\":\"https:\/\/arpongrafica.com.ar\/\",\"logo\":{\"@type\":\"ImageObject\",\"inLanguage\":\"es\",\"@id\":\"https:\/\/arpongrafica.com.ar\/#\/schema\/logo\/image\/\",\"url\":\"https:\/\/arpongrafica.com.ar\/wp-content\/uploads\/2019\/08\/arpon-grafica1.png\",\"contentUrl\":\"https:\/\/arpongrafica.com.ar\/wp-content\/uploads\/2019\/08\/arpon-grafica1.png\",\"width\":795,\"height\":347,\"caption\":\"Arp\u00f3n Grafica\"},\"image\":{\"@id\":\"https:\/\/arpongrafica.com.ar\/#\/schema\/logo\/image\/\"}}]}<\/script>\n<!-- \/ Yoast SEO plugin. -->","yoast_head_json":{"title":"VORTEX DORADO PREPARADO X KG - Arpon Divisi\u00f3n Gr\u00e1fica","description":"VORTEX DORADO PREPARADO X KG","robots":{"index":"index","follow":"follow","max-snippet":"max-snippet:-1","max-image-preview":"max-image-preview:large","max-video-preview":"max-video-preview:-1"},"canonical":"https:\/\/arpon.com.ar\/grafica\/productos\/serigrafia\/tintas-bases-y-pigmentos-textil-serigrafia\/dorado-preparado-x-kg\/","og_locale":"es_ES","og_type":"article","og_title":"VORTEX DORADO PREPARADO X KG - Arpon Divisi\u00f3n Gr\u00e1fica","og_description":"VORTEX DORADO PREPARADO X KG","og_url":"https:\/\/arpon.com.ar\/grafica\/productos\/serigrafia\/tintas-bases-y-pigmentos-textil-serigrafia\/dorado-preparado-x-kg\/","og_site_name":"Arpon Divisi\u00f3n Gr\u00e1fica","article_modified_time":"2022-10-24T18:00:33+00:00","og_image":[{"width":1583,"height":1273,"url":"https:\/\/arpon.com.ar\/grafica\/wp-content\/uploads\/2022\/02\/WhatsApp-Image-2022-02-24-at-11.38.39-2.jpeg","type":"image\/jpeg"}],"twitter_card":"summary_large_image","schema":{"@context":"https:\/\/schema.org","@graph":[{"@type":"WebPage","@id":"https:\/\/arpon.com.ar\/grafica\/productos\/serigrafia\/tintas-bases-y-pigmentos-textil-serigrafia\/dorado-preparado-x-kg\/","url":"https:\/\/arpon.com.ar\/grafica\/productos\/serigrafia\/tintas-bases-y-pigmentos-textil-serigrafia\/dorado-preparado-x-kg\/","name":"VORTEX DORADO PREPARADO X KG - Arpon Divisi\u00f3n Gr\u00e1fica","isPartOf":{"@id":"https:\/\/arpongrafica.com.ar\/#website"},"primaryImageOfPage":{"@id":"https:\/\/arpon.com.ar\/grafica\/productos\/serigrafia\/tintas-bases-y-pigmentos-textil-serigrafia\/dorado-preparado-x-kg\/#primaryimage"},"image":{"@id":"https:\/\/arpon.com.ar\/grafica\/productos\/serigrafia\/tintas-bases-y-pigmentos-textil-serigrafia\/dorado-preparado-x-kg\/#primaryimage"},"thumbnailUrl":"https:\/\/arpon.com.ar\/grafica\/wp-content\/uploads\/2022\/02\/WhatsApp-Image-2022-02-24-at-11.38.39-2.jpeg","datePublished":"2022-05-27T20:05:07+00:00","dateModified":"2022-10-24T18:00:33+00:00","description":"VORTEX DORADO PREPARADO X KG","breadcrumb":{"@id":"https:\/\/arpon.com.ar\/grafica\/productos\/serigrafia\/tintas-bases-y-pigmentos-textil-serigrafia\/dorado-preparado-x-kg\/#breadcrumb"},"inLanguage":"es","potentialAction":[{"@type":"ReadAction","target":["https:\/\/arpon.com.ar\/grafica\/productos\/serigrafia\/tintas-bases-y-pigmentos-textil-serigrafia\/dorado-preparado-x-kg\/"]}]},{"@type":"ImageObject","inLanguage":"es","@id":"https:\/\/arpon.com.ar\/grafica\/productos\/serigrafia\/tintas-bases-y-pigmentos-textil-serigrafia\/dorado-preparado-x-kg\/#primaryimage","url":"https:\/\/arpon.com.ar\/grafica\/wp-content\/uploads\/2022\/02\/WhatsApp-Image-2022-02-24-at-11.38.39-2.jpeg","contentUrl":"https:\/\/arpon.com.ar\/grafica\/wp-content\/uploads\/2022\/02\/WhatsApp-Image-2022-02-24-at-11.38.39-2.jpeg","width":1583,"height":1273},{"@type":"BreadcrumbList","@id":"https:\/\/arpon.com.ar\/grafica\/productos\/serigrafia\/tintas-bases-y-pigmentos-textil-serigrafia\/dorado-preparado-x-kg\/#breadcrumb","itemListElement":[{"@type":"ListItem","position":1,"name":"Portada","item":"https:\/\/arpon.com.ar\/grafica\/"},{"@type":"ListItem","position":2,"name":"Productos","item":"https:\/\/arpon.com.ar\/grafica\/productos\/"},{"@type":"ListItem","position":3,"name":"VORTEX DORADO PREPARADO X KG"}]},{"@type":"WebSite","@id":"https:\/\/arpongrafica.com.ar\/#website","url":"https:\/\/arpongrafica.com.ar\/","name":"Arpon Divisi\u00f3n Gr\u00e1fica","description":"Insumos Gr\u00e1ficos y Serigr\u00e1ficos. Asesoramiento t\u00e9cnico, Calidad en servicio y Agilidad en la entrega","publisher":{"@id":"https:\/\/arpongrafica.com.ar\/#organization"},"potentialAction":[{"@type":"SearchAction","target":{"@type":"EntryPoint","urlTemplate":"https:\/\/arpongrafica.com.ar\/?s={search_term_string}"},"query-input":{"@type":"PropertyValueSpecification","valueRequired":true,"valueName":"search_term_string"}}],"inLanguage":"es"},{"@type":"Organization","@id":"https:\/\/arpongrafica.com.ar\/#organization","name":"Arp\u00f3n Grafica","url":"https:\/\/arpongrafica.com.ar\/","logo":{"@type":"ImageObject","inLanguage":"es","@id":"https:\/\/arpongrafica.com.ar\/#\/schema\/logo\/image\/","url":"https:\/\/arpongrafica.com.ar\/wp-content\/uploads\/2019\/08\/arpon-grafica1.png","contentUrl":"https:\/\/arpongrafica.com.ar\/wp-content\/uploads\/2019\/08\/arpon-grafica1.png","width":795,"height":347,"caption":"Arp\u00f3n Grafica"},"image":{"@id":"https:\/\/arpongrafica.com.ar\/#\/schema\/logo\/image\/"}}]}},"_links":{"self":[{"href":"https:\/\/arpon.com.ar\/grafica\/wp-json\/wp\/v2\/product\/674","targetHints":{"allow":["GET"]}}],"collection":[{"href":"https:\/\/arpon.com.ar\/grafica\/wp-json\/wp\/v2\/product"}],"about":[{"href":"https:\/\/arpon.com.ar\/grafica\/wp-json\/wp\/v2\/types\/product"}],"replies":[{"embeddable":true,"href":"https:\/\/arpon.com.ar\/grafica\/wp-json\/wp\/v2\/comments?post=674"}],"wp:featuredmedia":[{"embeddable":true,"href":"https:\/\/arpon.com.ar\/grafica\/wp-json\/wp\/v2\/media\/817"}],"wp:attachment":[{"href":"https:\/\/arpon.com.ar\/grafica\/wp-json\/wp\/v2\/media?parent=674"}],"wp:term":[{"taxonomy":"product_brand","embeddable":true,"href":"https:\/\/arpon.com.ar\/grafica\/wp-json\/wp\/v2\/product_brand?post=674"},{"taxonomy":"product_cat","embeddable":true,"href":"https:\/\/arpon.com.ar\/grafica\/wp-json\/wp\/v2\/product_cat?post=674"},{"taxonomy":"product_tag","embeddable":true,"href":"https:\/\/arpon.com.ar\/grafica\/wp-json\/wp\/v2\/product_tag?post=674"}],"curies":[{"name":"wp","href":"https:\/\/api.w.org\/{rel}","templated":true}]}}