{"id":678,"date":"2022-05-27T17:08:08","date_gmt":"2022-05-27T20:08:08","guid":{"rendered":"http:\/\/arpon.com.ar\/grafica\/?post_type=product&#038;p=678"},"modified":"2022-10-24T15:01:03","modified_gmt":"2022-10-24T18:01:03","slug":"emulsion-metalica-x-kg","status":"publish","type":"product","link":"https:\/\/arpon.com.ar\/grafica\/productos\/serigrafia\/tintas-bases-y-pigmentos-textil-serigrafia\/emulsion-metalica-x-kg\/","title":{"rendered":"VORTEX EMULSION METALICA X KG"},"content":{"rendered":"<p>Una vez preparada con los polvos met\u00e1licos (hasta 200 gr\/kg), debe estamparse con\u00a0 malla entre 30 y 38 hilos\/cm<\/p>\n<p>Polimerizar a 150\u00ba C\u00a0 5 minutos.<\/p>\n<p>Puede usarse tanto para estampado manual en mesas, como en m\u00e1quinas autom\u00e1ticas planas o rotativas por metro.<\/p>\n<p>Es conveniente no dejar la mezcla (polvo-emulsi\u00f3n) preparada por m\u00e1s de 3 horas para evitar la reacci\u00f3n de ambos productos (oxidaci\u00f3n del polvo con cambio de tono y polimerizaci\u00f3n del ligante de la emulsi\u00f3n) agrumando la pasta, en especial con polvos de aluminio.<\/p>\n<p>Para estampar mezcla de telas adicionar de 10 a 20 g\/Kg de Sintefix y polimerizar a 150 \u00baC, 5 minutos. Puede usarse tambi\u00e9n Poxipor (20 g\/Kg) como fijador en fr\u00edo.<\/p>\n<p>&nbsp;<\/p>\n<p>Los polvos glitters se adicionan normalmente hasta 100 gr\/Kg.<\/p>\n<p>Tiene excelente solidez tanto al frote h\u00famedo como seco.<\/p>\n<p>Debe usarse malla de 12 a 14 hilos\/cm para permitir el pasaje del polvo, existe tambi\u00e9n un glitter com\u00fan plateado met\u00e1lico de part\u00edcula m\u00e1s fina para el cual puede usarse malla de 20 a 25 hilos\/cm.<\/p>\n<p>Polimerizar a 150\u00ba C\u00a0 5 minutos.<\/p>\n<p>Para estampar mezcla de telas adicionar de 10 a 20 g\/Kg de Sintefix y polimerizar a 150 \u00baC, 5 minutos. Puede usarse tambi\u00e9n Poxipor (20 g\/Kg) como fijador.<\/p>\n","protected":false},"excerpt":{"rendered":"<table width=\"652\">\n<tbody>\n<tr>\n<td width=\"1\"><\/td>\n<td colspan=\"2\" width=\"482\">Emulsi\u00f3n base acuosa con ligantes incorporados para preparar polvos met\u00e1licos brillantes (purpurinas) o agregar Polvos Glitters.<\/td>\n<\/tr>\n<tr>\n<td colspan=\"2\" width=\"482\">\u00b7\u00a0\u00a0\u00a0\u00a0\u00a0\u00a0\u00a0\u00a0 Es de mano (tacto) intermedio.<\/p>\n<p>\u00b7\u00a0\u00a0\u00a0\u00a0\u00a0\u00a0\u00a0\u00a0 Puede usarse para estampar fondos claros u oscuros.<\/p>\n<p>\u00b7\u00a0\u00a0\u00a0\u00a0\u00a0\u00a0\u00a0\u00a0 Buena solidez al lavado.<\/td>\n<td width=\"0\"><\/td>\n<\/tr>\n<\/tbody>\n<\/table>\n","protected":false},"featured_media":812,"comment_status":"open","ping_status":"closed","template":"","meta":{"_joinchat":[]},"product_brand":[],"product_cat":[32],"product_tag":[],"class_list":{"0":"post-678","1":"product","2":"type-product","3":"status-publish","4":"has-post-thumbnail","6":"product_cat-tintas-bases-y-pigmentos-textil-serigrafia","8":"first","9":"instock","10":"shipping-taxable","11":"product-type-simple"},"yoast_head":"<!-- This site is optimized with the Yoast SEO plugin v26.6 - https:\/\/yoast.com\/wordpress\/plugins\/seo\/ -->\n<title>VORTEX EMULSION METALICA X KG - Arpon Divisi\u00f3n Gr\u00e1fica<\/title>\n<meta name=\"description\" content=\"VORTEX EMULSION METALICA X KG\" \/>\n<meta name=\"robots\" content=\"index, follow, max-snippet:-1, max-image-preview:large, max-video-preview:-1\" \/>\n<link rel=\"canonical\" href=\"https:\/\/arpon.com.ar\/grafica\/productos\/serigrafia\/tintas-bases-y-pigmentos-textil-serigrafia\/emulsion-metalica-x-kg\/\" \/>\n<meta property=\"og:locale\" content=\"es_ES\" \/>\n<meta property=\"og:type\" content=\"article\" \/>\n<meta property=\"og:title\" content=\"VORTEX EMULSION METALICA X KG - Arpon Divisi\u00f3n Gr\u00e1fica\" \/>\n<meta property=\"og:description\" content=\"VORTEX EMULSION METALICA X KG\" \/>\n<meta property=\"og:url\" content=\"https:\/\/arpon.com.ar\/grafica\/productos\/serigrafia\/tintas-bases-y-pigmentos-textil-serigrafia\/emulsion-metalica-x-kg\/\" \/>\n<meta property=\"og:site_name\" content=\"Arpon Divisi\u00f3n Gr\u00e1fica\" \/>\n<meta property=\"article:modified_time\" content=\"2022-10-24T18:01:03+00:00\" \/>\n<meta property=\"og:image\" content=\"https:\/\/arpon.com.ar\/grafica\/wp-content\/uploads\/2022\/02\/WhatsApp-Image-2022-02-24-at-09.57.56-1.jpeg\" \/>\n\t<meta property=\"og:image:width\" content=\"1189\" \/>\n\t<meta property=\"og:image:height\" content=\"1600\" \/>\n\t<meta property=\"og:image:type\" content=\"image\/jpeg\" \/>\n<meta name=\"twitter:card\" content=\"summary_large_image\" \/>\n<meta name=\"twitter:label1\" content=\"Tiempo de lectura\" \/>\n\t<meta name=\"twitter:data1\" content=\"1 minuto\" \/>\n<script type=\"application\/ld+json\" class=\"yoast-schema-graph\">{\"@context\":\"https:\/\/schema.org\",\"@graph\":[{\"@type\":\"WebPage\",\"@id\":\"https:\/\/arpon.com.ar\/grafica\/productos\/serigrafia\/tintas-bases-y-pigmentos-textil-serigrafia\/emulsion-metalica-x-kg\/\",\"url\":\"https:\/\/arpon.com.ar\/grafica\/productos\/serigrafia\/tintas-bases-y-pigmentos-textil-serigrafia\/emulsion-metalica-x-kg\/\",\"name\":\"VORTEX EMULSION METALICA X KG - Arpon Divisi\u00f3n Gr\u00e1fica\",\"isPartOf\":{\"@id\":\"https:\/\/arpongrafica.com.ar\/#website\"},\"primaryImageOfPage\":{\"@id\":\"https:\/\/arpon.com.ar\/grafica\/productos\/serigrafia\/tintas-bases-y-pigmentos-textil-serigrafia\/emulsion-metalica-x-kg\/#primaryimage\"},\"image\":{\"@id\":\"https:\/\/arpon.com.ar\/grafica\/productos\/serigrafia\/tintas-bases-y-pigmentos-textil-serigrafia\/emulsion-metalica-x-kg\/#primaryimage\"},\"thumbnailUrl\":\"https:\/\/arpon.com.ar\/grafica\/wp-content\/uploads\/2022\/02\/WhatsApp-Image-2022-02-24-at-09.57.56-1.jpeg\",\"datePublished\":\"2022-05-27T20:08:08+00:00\",\"dateModified\":\"2022-10-24T18:01:03+00:00\",\"description\":\"VORTEX EMULSION METALICA X KG\",\"breadcrumb\":{\"@id\":\"https:\/\/arpon.com.ar\/grafica\/productos\/serigrafia\/tintas-bases-y-pigmentos-textil-serigrafia\/emulsion-metalica-x-kg\/#breadcrumb\"},\"inLanguage\":\"es\",\"potentialAction\":[{\"@type\":\"ReadAction\",\"target\":[\"https:\/\/arpon.com.ar\/grafica\/productos\/serigrafia\/tintas-bases-y-pigmentos-textil-serigrafia\/emulsion-metalica-x-kg\/\"]}]},{\"@type\":\"ImageObject\",\"inLanguage\":\"es\",\"@id\":\"https:\/\/arpon.com.ar\/grafica\/productos\/serigrafia\/tintas-bases-y-pigmentos-textil-serigrafia\/emulsion-metalica-x-kg\/#primaryimage\",\"url\":\"https:\/\/arpon.com.ar\/grafica\/wp-content\/uploads\/2022\/02\/WhatsApp-Image-2022-02-24-at-09.57.56-1.jpeg\",\"contentUrl\":\"https:\/\/arpon.com.ar\/grafica\/wp-content\/uploads\/2022\/02\/WhatsApp-Image-2022-02-24-at-09.57.56-1.jpeg\",\"width\":1189,\"height\":1600},{\"@type\":\"BreadcrumbList\",\"@id\":\"https:\/\/arpon.com.ar\/grafica\/productos\/serigrafia\/tintas-bases-y-pigmentos-textil-serigrafia\/emulsion-metalica-x-kg\/#breadcrumb\",\"itemListElement\":[{\"@type\":\"ListItem\",\"position\":1,\"name\":\"Portada\",\"item\":\"https:\/\/arpon.com.ar\/grafica\/\"},{\"@type\":\"ListItem\",\"position\":2,\"name\":\"Productos\",\"item\":\"https:\/\/arpon.com.ar\/grafica\/productos\/\"},{\"@type\":\"ListItem\",\"position\":3,\"name\":\"VORTEX EMULSION METALICA X KG\"}]},{\"@type\":\"WebSite\",\"@id\":\"https:\/\/arpongrafica.com.ar\/#website\",\"url\":\"https:\/\/arpongrafica.com.ar\/\",\"name\":\"Arpon Divisi\u00f3n Gr\u00e1fica\",\"description\":\"Insumos Gr\u00e1ficos y Serigr\u00e1ficos. Asesoramiento t\u00e9cnico, Calidad en servicio y Agilidad en la entrega\",\"publisher\":{\"@id\":\"https:\/\/arpongrafica.com.ar\/#organization\"},\"potentialAction\":[{\"@type\":\"SearchAction\",\"target\":{\"@type\":\"EntryPoint\",\"urlTemplate\":\"https:\/\/arpongrafica.com.ar\/?s={search_term_string}\"},\"query-input\":{\"@type\":\"PropertyValueSpecification\",\"valueRequired\":true,\"valueName\":\"search_term_string\"}}],\"inLanguage\":\"es\"},{\"@type\":\"Organization\",\"@id\":\"https:\/\/arpongrafica.com.ar\/#organization\",\"name\":\"Arp\u00f3n Grafica\",\"url\":\"https:\/\/arpongrafica.com.ar\/\",\"logo\":{\"@type\":\"ImageObject\",\"inLanguage\":\"es\",\"@id\":\"https:\/\/arpongrafica.com.ar\/#\/schema\/logo\/image\/\",\"url\":\"https:\/\/arpongrafica.com.ar\/wp-content\/uploads\/2019\/08\/arpon-grafica1.png\",\"contentUrl\":\"https:\/\/arpongrafica.com.ar\/wp-content\/uploads\/2019\/08\/arpon-grafica1.png\",\"width\":795,\"height\":347,\"caption\":\"Arp\u00f3n Grafica\"},\"image\":{\"@id\":\"https:\/\/arpongrafica.com.ar\/#\/schema\/logo\/image\/\"}}]}<\/script>\n<!-- \/ Yoast SEO plugin. -->","yoast_head_json":{"title":"VORTEX EMULSION METALICA X KG - Arpon Divisi\u00f3n Gr\u00e1fica","description":"VORTEX EMULSION METALICA X KG","robots":{"index":"index","follow":"follow","max-snippet":"max-snippet:-1","max-image-preview":"max-image-preview:large","max-video-preview":"max-video-preview:-1"},"canonical":"https:\/\/arpon.com.ar\/grafica\/productos\/serigrafia\/tintas-bases-y-pigmentos-textil-serigrafia\/emulsion-metalica-x-kg\/","og_locale":"es_ES","og_type":"article","og_title":"VORTEX EMULSION METALICA X KG - Arpon Divisi\u00f3n Gr\u00e1fica","og_description":"VORTEX EMULSION METALICA X KG","og_url":"https:\/\/arpon.com.ar\/grafica\/productos\/serigrafia\/tintas-bases-y-pigmentos-textil-serigrafia\/emulsion-metalica-x-kg\/","og_site_name":"Arpon Divisi\u00f3n Gr\u00e1fica","article_modified_time":"2022-10-24T18:01:03+00:00","og_image":[{"width":1189,"height":1600,"url":"https:\/\/arpon.com.ar\/grafica\/wp-content\/uploads\/2022\/02\/WhatsApp-Image-2022-02-24-at-09.57.56-1.jpeg","type":"image\/jpeg"}],"twitter_card":"summary_large_image","twitter_misc":{"Tiempo de lectura":"1 minuto"},"schema":{"@context":"https:\/\/schema.org","@graph":[{"@type":"WebPage","@id":"https:\/\/arpon.com.ar\/grafica\/productos\/serigrafia\/tintas-bases-y-pigmentos-textil-serigrafia\/emulsion-metalica-x-kg\/","url":"https:\/\/arpon.com.ar\/grafica\/productos\/serigrafia\/tintas-bases-y-pigmentos-textil-serigrafia\/emulsion-metalica-x-kg\/","name":"VORTEX EMULSION METALICA X KG - Arpon Divisi\u00f3n Gr\u00e1fica","isPartOf":{"@id":"https:\/\/arpongrafica.com.ar\/#website"},"primaryImageOfPage":{"@id":"https:\/\/arpon.com.ar\/grafica\/productos\/serigrafia\/tintas-bases-y-pigmentos-textil-serigrafia\/emulsion-metalica-x-kg\/#primaryimage"},"image":{"@id":"https:\/\/arpon.com.ar\/grafica\/productos\/serigrafia\/tintas-bases-y-pigmentos-textil-serigrafia\/emulsion-metalica-x-kg\/#primaryimage"},"thumbnailUrl":"https:\/\/arpon.com.ar\/grafica\/wp-content\/uploads\/2022\/02\/WhatsApp-Image-2022-02-24-at-09.57.56-1.jpeg","datePublished":"2022-05-27T20:08:08+00:00","dateModified":"2022-10-24T18:01:03+00:00","description":"VORTEX EMULSION METALICA X KG","breadcrumb":{"@id":"https:\/\/arpon.com.ar\/grafica\/productos\/serigrafia\/tintas-bases-y-pigmentos-textil-serigrafia\/emulsion-metalica-x-kg\/#breadcrumb"},"inLanguage":"es","potentialAction":[{"@type":"ReadAction","target":["https:\/\/arpon.com.ar\/grafica\/productos\/serigrafia\/tintas-bases-y-pigmentos-textil-serigrafia\/emulsion-metalica-x-kg\/"]}]},{"@type":"ImageObject","inLanguage":"es","@id":"https:\/\/arpon.com.ar\/grafica\/productos\/serigrafia\/tintas-bases-y-pigmentos-textil-serigrafia\/emulsion-metalica-x-kg\/#primaryimage","url":"https:\/\/arpon.com.ar\/grafica\/wp-content\/uploads\/2022\/02\/WhatsApp-Image-2022-02-24-at-09.57.56-1.jpeg","contentUrl":"https:\/\/arpon.com.ar\/grafica\/wp-content\/uploads\/2022\/02\/WhatsApp-Image-2022-02-24-at-09.57.56-1.jpeg","width":1189,"height":1600},{"@type":"BreadcrumbList","@id":"https:\/\/arpon.com.ar\/grafica\/productos\/serigrafia\/tintas-bases-y-pigmentos-textil-serigrafia\/emulsion-metalica-x-kg\/#breadcrumb","itemListElement":[{"@type":"ListItem","position":1,"name":"Portada","item":"https:\/\/arpon.com.ar\/grafica\/"},{"@type":"ListItem","position":2,"name":"Productos","item":"https:\/\/arpon.com.ar\/grafica\/productos\/"},{"@type":"ListItem","position":3,"name":"VORTEX EMULSION METALICA X KG"}]},{"@type":"WebSite","@id":"https:\/\/arpongrafica.com.ar\/#website","url":"https:\/\/arpongrafica.com.ar\/","name":"Arpon Divisi\u00f3n Gr\u00e1fica","description":"Insumos Gr\u00e1ficos y Serigr\u00e1ficos. Asesoramiento t\u00e9cnico, Calidad en servicio y Agilidad en la entrega","publisher":{"@id":"https:\/\/arpongrafica.com.ar\/#organization"},"potentialAction":[{"@type":"SearchAction","target":{"@type":"EntryPoint","urlTemplate":"https:\/\/arpongrafica.com.ar\/?s={search_term_string}"},"query-input":{"@type":"PropertyValueSpecification","valueRequired":true,"valueName":"search_term_string"}}],"inLanguage":"es"},{"@type":"Organization","@id":"https:\/\/arpongrafica.com.ar\/#organization","name":"Arp\u00f3n Grafica","url":"https:\/\/arpongrafica.com.ar\/","logo":{"@type":"ImageObject","inLanguage":"es","@id":"https:\/\/arpongrafica.com.ar\/#\/schema\/logo\/image\/","url":"https:\/\/arpongrafica.com.ar\/wp-content\/uploads\/2019\/08\/arpon-grafica1.png","contentUrl":"https:\/\/arpongrafica.com.ar\/wp-content\/uploads\/2019\/08\/arpon-grafica1.png","width":795,"height":347,"caption":"Arp\u00f3n Grafica"},"image":{"@id":"https:\/\/arpongrafica.com.ar\/#\/schema\/logo\/image\/"}}]}},"_links":{"self":[{"href":"https:\/\/arpon.com.ar\/grafica\/wp-json\/wp\/v2\/product\/678","targetHints":{"allow":["GET"]}}],"collection":[{"href":"https:\/\/arpon.com.ar\/grafica\/wp-json\/wp\/v2\/product"}],"about":[{"href":"https:\/\/arpon.com.ar\/grafica\/wp-json\/wp\/v2\/types\/product"}],"replies":[{"embeddable":true,"href":"https:\/\/arpon.com.ar\/grafica\/wp-json\/wp\/v2\/comments?post=678"}],"wp:featuredmedia":[{"embeddable":true,"href":"https:\/\/arpon.com.ar\/grafica\/wp-json\/wp\/v2\/media\/812"}],"wp:attachment":[{"href":"https:\/\/arpon.com.ar\/grafica\/wp-json\/wp\/v2\/media?parent=678"}],"wp:term":[{"taxonomy":"product_brand","embeddable":true,"href":"https:\/\/arpon.com.ar\/grafica\/wp-json\/wp\/v2\/product_brand?post=678"},{"taxonomy":"product_cat","embeddable":true,"href":"https:\/\/arpon.com.ar\/grafica\/wp-json\/wp\/v2\/product_cat?post=678"},{"taxonomy":"product_tag","embeddable":true,"href":"https:\/\/arpon.com.ar\/grafica\/wp-json\/wp\/v2\/product_tag?post=678"}],"curies":[{"name":"wp","href":"https:\/\/api.w.org\/{rel}","templated":true}]}}