{"id":740,"date":"2022-02-14T10:34:45","date_gmt":"2022-02-14T13:34:45","guid":{"rendered":"http:\/\/arpon.com.ar\/grafica\/?post_type=product&#038;p=740"},"modified":"2022-10-24T14:40:02","modified_gmt":"2022-10-24T17:40:02","slug":"seripox-tinta-pintesint","status":"publish","type":"product","link":"https:\/\/arpon.com.ar\/grafica\/productos\/serigrafia\/tintas-bases-y-pigmentos-textil-serigrafia\/seripox-tinta-pintesint\/","title":{"rendered":"PINTESINT TINTA SERIPOX"},"content":{"rendered":"<p>Es una tinta dos componentes, muy brillante, buena resistencia fisico-quimica y adherencia sobre vidrio, metales y polietileno y PP tratados.<\/p>\n<p><strong>Aplicaciones<\/strong><\/p>\n<p>La tinta SERIPOX es utilizada en las aplicaciones que necesitan buena dureza y resistencia. Se utiliza en la impresi\u00f3n de envases de polipropileno y polietileno tratados (flameados), as\u00ed como otros pl\u00e1sticos: ABS, poliestireno, acr\u00edlico, poli\u00e9ster, etc. Es recomendada para metales en general: chapa de hierro tratada, acero inoxidable, aluminio y vidrio, resistiendo en este \u00faltimo material, el proceso de espejado.<\/p>\n<p><strong>-Proporciones de uso recomendadas:<\/strong><\/p>\n<p><strong>9041 Catalizador 274:<\/strong> por cada 100 partes en peso de tinta agregar 25 partes en peso de catalizador. Esta relaci\u00f3n se puede llevar hasta 100\/50 para mejorar el brillo y la adherencia, pero disminuye el poder cubritivo, se alarga el tiempo de secado y aumenta el amarilleo.<\/p>\n<p><strong> 9042 Catalizador 276:<\/strong> por cada 100 partes en peso de tinta agregar 12 partes de catalizador. Este producto no act\u00faa por debajo de los 15 \u00baC. Si la temperatura ambiente no supera los 15 \u00baC, el catalizador no seguir\u00e1 actuando, por lo que se debe asegurar un curado completo en el horno. Para lograrlo el ciclo de horneado recomendado es de 30 min. a 80 \u00baC.<\/p>\n<p><strong>9043 Catalizador Horneable:<\/strong> por cada 100 partes en peso de tinta agregar 100 partes en peso de catalizador. El secado es en horno a una temperatura de 150-180 \u00baC durante 15 a 30 minutos dependiendo de los espesores de pel\u00edcula aplicados.<\/p>\n<p><strong>-Elecci\u00f3n del catalizador:<\/strong> El Catalizador 9041 es el m\u00e1s vers\u00e1til de los catalizadores y se aconseja para las impresiones de tipo manual. El Catalizador 9042 es ideal para secado con t\u00faneles. Los sistemas curados con este catalizador, poseen menos brillo y amarillean menos (en blancos) que los curados con el catalizador 9041. El Catalizador 9043 es exclusivamente para secar en horno logrando de esta manera mejor resistencia qu\u00edmica y mec\u00e1nica. Recomendado para chapas esmaltadas y acero inoxidable.<\/p>\n<p><strong>Disolventes:<\/strong><\/p>\n<p>Reductor vin\u00edlico (C\u00f3digo 9602) y Retardador vin\u00edlico (C\u00f3digo 9604): se usan para diluir y retrasar el secado de las tintas, respectivamente. Limpiador vin\u00edlico (C\u00f3digo 9600): se utiliza para el lavado de la malla, que debe ser inmediato, para evitar la inutilizaci\u00f3n de la misma.<\/p>\n<p>Para aplicar a soplete, consultar.<\/p>\n<p><strong>Recomendaciones para la impresi\u00f3n<\/strong>:<\/p>\n<p>Generalmente se puede imprimir sin diluir. Es indispensable imprimir fuera de contacto, con poca presi\u00f3n y con una manigueta bien afilada. Se aconseja hacerlo con las mallas previamente entintadas y limpiarlas inmediatamente despu\u00e9s de la impresi\u00f3n, al igual que todos los elementos utilizados, para evitar su deterioro. Para imprimir detalles finos recomendamos mallas de 120 hilos\/cm., mientras que, para plenos aconsejamos el uso de mallas de 77 hilos\/cm.<\/p>\n<p>El rendimiento de la tinta sin diluir y con malla de 100 hilos\/cm es de 40 m2\/Kg.<\/p>\n<p>&nbsp;<\/p>\n","protected":false},"excerpt":{"rendered":"<p>&nbsp;<\/p>\n<p>Es un esmalte epoxi de dos componentes, de alto brillo, para uso serigr\u00e1fico o soplete. Posee alta resistencia qu\u00edmica y es recomendable para exterior, debido a su buena resistencia a la luz y a la intemperie.<\/p>\n<p class=\"producto_subtitulo\"><strong>Modos de Uso<\/strong><\/p>\n<p>Por tratarse de una tinta de dos componentes (tinta y catalizador), estos deben mezclarse en la relaci\u00f3n recomendada, por lo menos media hora antes del uso y utilizarla dentro de las 6\/8 hs posteriores a la preparaci\u00f3n (estos tiempos disminuyen con el aumento de la temperatura ambiente). La mezcla una vez preparada tiene una vida \u00fatil limitada, ya que, comienza a curar aumentando su viscosidad. Por esta raz\u00f3n se recomienda preparar la cantidad de tinta que se va a utilizar, dentro del lapso mencionado.<\/p>\n<p>El secado de esta tinta al tacto se produce en el lapso de 2 a 4 horas seg\u00fan la temperatura ambiente.<\/p>\n<p>El curado final del sistema se produce a los 7 d\u00edas de aplicado, tiempo en el que se deben evaluar las propiedades finales del recubrimiento.<\/p>\n<p>El tiempo de secado al tacto o superficial depende de las condiciones ambientales.<\/p>\n<p><strong>Gama de colores<\/strong><\/p>\n<p>9010 Blanco 9020 Amarillo Lim\u00f3n 9023 Amarillo Cromo 9040 Barniz 9041 Catalizador 274 Lento 9042 Catalizador 276 R\u00e1pido 9043 Catalizador Cer\u00e1mico 9050 Naranja 9052 Rojo 9054 Magenta 9060 Verde 9070 Azul Real 9072 Azul Ultramar 9090 Negro<\/p>\n<p><strong>Estabilidad del producto<\/strong><\/p>\n<p>La tinta sin catalizar en envase cerrado y en ambiente fresco y seco, se conserva inalterable durante un lapso prolongado. El catalizador, guardado en las mismas condiciones que la tinta, tiene una vida \u00fatil de aproximadamente 6 meses. Se recomienda cerrar adecuadamente el envase despu\u00e9s de utilizarlo.<\/p>\n<p>&nbsp;<\/p>\n","protected":false},"featured_media":942,"comment_status":"open","ping_status":"closed","template":"","meta":{"_joinchat":[]},"product_brand":[],"product_cat":[26,32],"product_tag":[],"class_list":{"0":"post-740","1":"product","2":"type-product","3":"status-publish","4":"has-post-thumbnail","6":"product_cat-serigrafia","7":"product_cat-tintas-bases-y-pigmentos-textil-serigrafia","9":"first","10":"instock","11":"shipping-taxable","12":"product-type-simple"},"yoast_head":"<!-- This site is optimized with the Yoast SEO plugin v26.6 - https:\/\/yoast.com\/wordpress\/plugins\/seo\/ -->\n<title>PINTESINT TINTA SERIPOX - Arpon Divisi\u00f3n Gr\u00e1fica<\/title>\n<meta name=\"description\" content=\"PINTESINT TINTA SERIPOX\" \/>\n<meta name=\"robots\" content=\"index, follow, max-snippet:-1, max-image-preview:large, max-video-preview:-1\" \/>\n<link rel=\"canonical\" href=\"https:\/\/arpon.com.ar\/grafica\/productos\/serigrafia\/tintas-bases-y-pigmentos-textil-serigrafia\/seripox-tinta-pintesint\/\" \/>\n<meta property=\"og:locale\" content=\"es_ES\" \/>\n<meta property=\"og:type\" content=\"article\" \/>\n<meta property=\"og:title\" content=\"PINTESINT TINTA SERIPOX - Arpon Divisi\u00f3n Gr\u00e1fica\" \/>\n<meta property=\"og:description\" content=\"PINTESINT TINTA SERIPOX\" \/>\n<meta property=\"og:url\" content=\"https:\/\/arpon.com.ar\/grafica\/productos\/serigrafia\/tintas-bases-y-pigmentos-textil-serigrafia\/seripox-tinta-pintesint\/\" \/>\n<meta property=\"og:site_name\" content=\"Arpon Divisi\u00f3n Gr\u00e1fica\" \/>\n<meta property=\"article:modified_time\" content=\"2022-10-24T17:40:02+00:00\" \/>\n<meta property=\"og:image\" content=\"https:\/\/arpon.com.ar\/grafica\/wp-content\/uploads\/2022\/02\/serip.jpeg\" \/>\n\t<meta property=\"og:image:width\" content=\"1158\" \/>\n\t<meta property=\"og:image:height\" content=\"1280\" \/>\n\t<meta property=\"og:image:type\" content=\"image\/jpeg\" \/>\n<meta name=\"twitter:card\" content=\"summary_large_image\" \/>\n<meta name=\"twitter:label1\" content=\"Tiempo de lectura\" \/>\n\t<meta name=\"twitter:data1\" content=\"2 minutos\" \/>\n<script type=\"application\/ld+json\" class=\"yoast-schema-graph\">{\"@context\":\"https:\/\/schema.org\",\"@graph\":[{\"@type\":\"WebPage\",\"@id\":\"https:\/\/arpon.com.ar\/grafica\/productos\/serigrafia\/tintas-bases-y-pigmentos-textil-serigrafia\/seripox-tinta-pintesint\/\",\"url\":\"https:\/\/arpon.com.ar\/grafica\/productos\/serigrafia\/tintas-bases-y-pigmentos-textil-serigrafia\/seripox-tinta-pintesint\/\",\"name\":\"PINTESINT TINTA SERIPOX - Arpon Divisi\u00f3n Gr\u00e1fica\",\"isPartOf\":{\"@id\":\"https:\/\/arpongrafica.com.ar\/#website\"},\"primaryImageOfPage\":{\"@id\":\"https:\/\/arpon.com.ar\/grafica\/productos\/serigrafia\/tintas-bases-y-pigmentos-textil-serigrafia\/seripox-tinta-pintesint\/#primaryimage\"},\"image\":{\"@id\":\"https:\/\/arpon.com.ar\/grafica\/productos\/serigrafia\/tintas-bases-y-pigmentos-textil-serigrafia\/seripox-tinta-pintesint\/#primaryimage\"},\"thumbnailUrl\":\"https:\/\/arpon.com.ar\/grafica\/wp-content\/uploads\/2022\/02\/serip.jpeg\",\"datePublished\":\"2022-02-14T13:34:45+00:00\",\"dateModified\":\"2022-10-24T17:40:02+00:00\",\"description\":\"PINTESINT TINTA SERIPOX\",\"breadcrumb\":{\"@id\":\"https:\/\/arpon.com.ar\/grafica\/productos\/serigrafia\/tintas-bases-y-pigmentos-textil-serigrafia\/seripox-tinta-pintesint\/#breadcrumb\"},\"inLanguage\":\"es\",\"potentialAction\":[{\"@type\":\"ReadAction\",\"target\":[\"https:\/\/arpon.com.ar\/grafica\/productos\/serigrafia\/tintas-bases-y-pigmentos-textil-serigrafia\/seripox-tinta-pintesint\/\"]}]},{\"@type\":\"ImageObject\",\"inLanguage\":\"es\",\"@id\":\"https:\/\/arpon.com.ar\/grafica\/productos\/serigrafia\/tintas-bases-y-pigmentos-textil-serigrafia\/seripox-tinta-pintesint\/#primaryimage\",\"url\":\"https:\/\/arpon.com.ar\/grafica\/wp-content\/uploads\/2022\/02\/serip.jpeg\",\"contentUrl\":\"https:\/\/arpon.com.ar\/grafica\/wp-content\/uploads\/2022\/02\/serip.jpeg\",\"width\":1158,\"height\":1280},{\"@type\":\"BreadcrumbList\",\"@id\":\"https:\/\/arpon.com.ar\/grafica\/productos\/serigrafia\/tintas-bases-y-pigmentos-textil-serigrafia\/seripox-tinta-pintesint\/#breadcrumb\",\"itemListElement\":[{\"@type\":\"ListItem\",\"position\":1,\"name\":\"Portada\",\"item\":\"https:\/\/arpon.com.ar\/grafica\/\"},{\"@type\":\"ListItem\",\"position\":2,\"name\":\"Productos\",\"item\":\"https:\/\/arpon.com.ar\/grafica\/productos\/\"},{\"@type\":\"ListItem\",\"position\":3,\"name\":\"PINTESINT TINTA SERIPOX\"}]},{\"@type\":\"WebSite\",\"@id\":\"https:\/\/arpongrafica.com.ar\/#website\",\"url\":\"https:\/\/arpongrafica.com.ar\/\",\"name\":\"Arpon Divisi\u00f3n Gr\u00e1fica\",\"description\":\"Insumos Gr\u00e1ficos y Serigr\u00e1ficos. Asesoramiento t\u00e9cnico, Calidad en servicio y Agilidad en la entrega\",\"publisher\":{\"@id\":\"https:\/\/arpongrafica.com.ar\/#organization\"},\"potentialAction\":[{\"@type\":\"SearchAction\",\"target\":{\"@type\":\"EntryPoint\",\"urlTemplate\":\"https:\/\/arpongrafica.com.ar\/?s={search_term_string}\"},\"query-input\":{\"@type\":\"PropertyValueSpecification\",\"valueRequired\":true,\"valueName\":\"search_term_string\"}}],\"inLanguage\":\"es\"},{\"@type\":\"Organization\",\"@id\":\"https:\/\/arpongrafica.com.ar\/#organization\",\"name\":\"Arp\u00f3n Grafica\",\"url\":\"https:\/\/arpongrafica.com.ar\/\",\"logo\":{\"@type\":\"ImageObject\",\"inLanguage\":\"es\",\"@id\":\"https:\/\/arpongrafica.com.ar\/#\/schema\/logo\/image\/\",\"url\":\"https:\/\/arpongrafica.com.ar\/wp-content\/uploads\/2019\/08\/arpon-grafica1.png\",\"contentUrl\":\"https:\/\/arpongrafica.com.ar\/wp-content\/uploads\/2019\/08\/arpon-grafica1.png\",\"width\":795,\"height\":347,\"caption\":\"Arp\u00f3n Grafica\"},\"image\":{\"@id\":\"https:\/\/arpongrafica.com.ar\/#\/schema\/logo\/image\/\"}}]}<\/script>\n<!-- \/ Yoast SEO plugin. -->","yoast_head_json":{"title":"PINTESINT TINTA SERIPOX - Arpon Divisi\u00f3n Gr\u00e1fica","description":"PINTESINT TINTA SERIPOX","robots":{"index":"index","follow":"follow","max-snippet":"max-snippet:-1","max-image-preview":"max-image-preview:large","max-video-preview":"max-video-preview:-1"},"canonical":"https:\/\/arpon.com.ar\/grafica\/productos\/serigrafia\/tintas-bases-y-pigmentos-textil-serigrafia\/seripox-tinta-pintesint\/","og_locale":"es_ES","og_type":"article","og_title":"PINTESINT TINTA SERIPOX - Arpon Divisi\u00f3n Gr\u00e1fica","og_description":"PINTESINT TINTA SERIPOX","og_url":"https:\/\/arpon.com.ar\/grafica\/productos\/serigrafia\/tintas-bases-y-pigmentos-textil-serigrafia\/seripox-tinta-pintesint\/","og_site_name":"Arpon Divisi\u00f3n Gr\u00e1fica","article_modified_time":"2022-10-24T17:40:02+00:00","og_image":[{"width":1158,"height":1280,"url":"https:\/\/arpon.com.ar\/grafica\/wp-content\/uploads\/2022\/02\/serip.jpeg","type":"image\/jpeg"}],"twitter_card":"summary_large_image","twitter_misc":{"Tiempo de lectura":"2 minutos"},"schema":{"@context":"https:\/\/schema.org","@graph":[{"@type":"WebPage","@id":"https:\/\/arpon.com.ar\/grafica\/productos\/serigrafia\/tintas-bases-y-pigmentos-textil-serigrafia\/seripox-tinta-pintesint\/","url":"https:\/\/arpon.com.ar\/grafica\/productos\/serigrafia\/tintas-bases-y-pigmentos-textil-serigrafia\/seripox-tinta-pintesint\/","name":"PINTESINT TINTA SERIPOX - Arpon Divisi\u00f3n Gr\u00e1fica","isPartOf":{"@id":"https:\/\/arpongrafica.com.ar\/#website"},"primaryImageOfPage":{"@id":"https:\/\/arpon.com.ar\/grafica\/productos\/serigrafia\/tintas-bases-y-pigmentos-textil-serigrafia\/seripox-tinta-pintesint\/#primaryimage"},"image":{"@id":"https:\/\/arpon.com.ar\/grafica\/productos\/serigrafia\/tintas-bases-y-pigmentos-textil-serigrafia\/seripox-tinta-pintesint\/#primaryimage"},"thumbnailUrl":"https:\/\/arpon.com.ar\/grafica\/wp-content\/uploads\/2022\/02\/serip.jpeg","datePublished":"2022-02-14T13:34:45+00:00","dateModified":"2022-10-24T17:40:02+00:00","description":"PINTESINT TINTA SERIPOX","breadcrumb":{"@id":"https:\/\/arpon.com.ar\/grafica\/productos\/serigrafia\/tintas-bases-y-pigmentos-textil-serigrafia\/seripox-tinta-pintesint\/#breadcrumb"},"inLanguage":"es","potentialAction":[{"@type":"ReadAction","target":["https:\/\/arpon.com.ar\/grafica\/productos\/serigrafia\/tintas-bases-y-pigmentos-textil-serigrafia\/seripox-tinta-pintesint\/"]}]},{"@type":"ImageObject","inLanguage":"es","@id":"https:\/\/arpon.com.ar\/grafica\/productos\/serigrafia\/tintas-bases-y-pigmentos-textil-serigrafia\/seripox-tinta-pintesint\/#primaryimage","url":"https:\/\/arpon.com.ar\/grafica\/wp-content\/uploads\/2022\/02\/serip.jpeg","contentUrl":"https:\/\/arpon.com.ar\/grafica\/wp-content\/uploads\/2022\/02\/serip.jpeg","width":1158,"height":1280},{"@type":"BreadcrumbList","@id":"https:\/\/arpon.com.ar\/grafica\/productos\/serigrafia\/tintas-bases-y-pigmentos-textil-serigrafia\/seripox-tinta-pintesint\/#breadcrumb","itemListElement":[{"@type":"ListItem","position":1,"name":"Portada","item":"https:\/\/arpon.com.ar\/grafica\/"},{"@type":"ListItem","position":2,"name":"Productos","item":"https:\/\/arpon.com.ar\/grafica\/productos\/"},{"@type":"ListItem","position":3,"name":"PINTESINT TINTA SERIPOX"}]},{"@type":"WebSite","@id":"https:\/\/arpongrafica.com.ar\/#website","url":"https:\/\/arpongrafica.com.ar\/","name":"Arpon Divisi\u00f3n Gr\u00e1fica","description":"Insumos Gr\u00e1ficos y Serigr\u00e1ficos. Asesoramiento t\u00e9cnico, Calidad en servicio y Agilidad en la entrega","publisher":{"@id":"https:\/\/arpongrafica.com.ar\/#organization"},"potentialAction":[{"@type":"SearchAction","target":{"@type":"EntryPoint","urlTemplate":"https:\/\/arpongrafica.com.ar\/?s={search_term_string}"},"query-input":{"@type":"PropertyValueSpecification","valueRequired":true,"valueName":"search_term_string"}}],"inLanguage":"es"},{"@type":"Organization","@id":"https:\/\/arpongrafica.com.ar\/#organization","name":"Arp\u00f3n Grafica","url":"https:\/\/arpongrafica.com.ar\/","logo":{"@type":"ImageObject","inLanguage":"es","@id":"https:\/\/arpongrafica.com.ar\/#\/schema\/logo\/image\/","url":"https:\/\/arpongrafica.com.ar\/wp-content\/uploads\/2019\/08\/arpon-grafica1.png","contentUrl":"https:\/\/arpongrafica.com.ar\/wp-content\/uploads\/2019\/08\/arpon-grafica1.png","width":795,"height":347,"caption":"Arp\u00f3n Grafica"},"image":{"@id":"https:\/\/arpongrafica.com.ar\/#\/schema\/logo\/image\/"}}]}},"_links":{"self":[{"href":"https:\/\/arpon.com.ar\/grafica\/wp-json\/wp\/v2\/product\/740","targetHints":{"allow":["GET"]}}],"collection":[{"href":"https:\/\/arpon.com.ar\/grafica\/wp-json\/wp\/v2\/product"}],"about":[{"href":"https:\/\/arpon.com.ar\/grafica\/wp-json\/wp\/v2\/types\/product"}],"replies":[{"embeddable":true,"href":"https:\/\/arpon.com.ar\/grafica\/wp-json\/wp\/v2\/comments?post=740"}],"wp:featuredmedia":[{"embeddable":true,"href":"https:\/\/arpon.com.ar\/grafica\/wp-json\/wp\/v2\/media\/942"}],"wp:attachment":[{"href":"https:\/\/arpon.com.ar\/grafica\/wp-json\/wp\/v2\/media?parent=740"}],"wp:term":[{"taxonomy":"product_brand","embeddable":true,"href":"https:\/\/arpon.com.ar\/grafica\/wp-json\/wp\/v2\/product_brand?post=740"},{"taxonomy":"product_cat","embeddable":true,"href":"https:\/\/arpon.com.ar\/grafica\/wp-json\/wp\/v2\/product_cat?post=740"},{"taxonomy":"product_tag","embeddable":true,"href":"https:\/\/arpon.com.ar\/grafica\/wp-json\/wp\/v2\/product_tag?post=740"}],"curies":[{"name":"wp","href":"https:\/\/api.w.org\/{rel}","templated":true}]}}