{"id":904,"date":"2022-09-09T16:53:21","date_gmt":"2022-09-09T19:53:21","guid":{"rendered":"http:\/\/arpon.com.ar\/grafica\/?post_type=product&#038;p=904"},"modified":"2022-09-09T17:00:29","modified_gmt":"2022-09-09T20:00:29","slug":"seda-tela-malla-para-serigrafia-blanca-90-hilos","status":"publish","type":"product","link":"https:\/\/arpon.com.ar\/grafica\/productos\/serigrafia\/auxiliares-y-aditivos-textiles\/seda-tela-malla-para-serigrafia-blanca-90-hilos\/","title":{"rendered":"SEDA TELA MALLA PARA SERIGRAFIA AMARILLA O BLANCA 90 HILOS"},"content":{"rendered":"<p>Nuestros tejidos se caracterizan por poseer una alta resistencia a la tensi\u00f3n, excelente estabilidad dimensional y muy buena resistencia a los solventes y productos qu\u00edmicos<\/p>\n","protected":false},"excerpt":{"rendered":"<p>Tela \/Seda \/ Malla para marcos\/ shablones \/ pantallas de\u00a0<strong>POLIESTER MONOFILAMENTO<\/strong><\/p>\n<p>PW = 1:1<\/p>\n<p>de 90 hilos por cm2<\/p>\n<p>Diametro del hilo 48 micrones<\/p>\n<p>apertura de la malla 62 micrones<\/p>\n<p>superficie Libre en % 31<\/p>\n<p>espesor de la Tela 78 micrones<\/p>\n<p>Volumen Teorico de la TInta cm3\/m2 24<\/p>\n<p>Ancho de la tela 1.50 mts.<\/p>\n","protected":false},"featured_media":905,"comment_status":"open","ping_status":"closed","template":"","meta":{"_joinchat":[]},"product_brand":[],"product_cat":[34,26],"product_tag":[],"class_list":{"0":"post-904","1":"product","2":"type-product","3":"status-publish","4":"has-post-thumbnail","6":"product_cat-auxiliares-y-aditivos-textiles","7":"product_cat-serigrafia","9":"first","10":"instock","11":"shipping-taxable","12":"product-type-simple"},"yoast_head":"<!-- This site is optimized with the Yoast SEO plugin v26.6 - https:\/\/yoast.com\/wordpress\/plugins\/seo\/ -->\n<title>SEDA TELA MALLA PARA SERIGRAFIA AMARILLA O BLANCA 90 HILOS - Arpon Divisi\u00f3n Gr\u00e1fica<\/title>\n<meta name=\"description\" content=\"SEDA TELA MALLA PARA SERIGRAFIA AMARILLA O BLANCA 90 HILOS\" \/>\n<meta name=\"robots\" content=\"index, follow, max-snippet:-1, max-image-preview:large, max-video-preview:-1\" \/>\n<link rel=\"canonical\" href=\"https:\/\/arpon.com.ar\/grafica\/productos\/serigrafia\/auxiliares-y-aditivos-textiles\/seda-tela-malla-para-serigrafia-blanca-90-hilos\/\" \/>\n<meta property=\"og:locale\" content=\"es_ES\" \/>\n<meta property=\"og:type\" content=\"article\" \/>\n<meta property=\"og:title\" content=\"SEDA TELA MALLA PARA SERIGRAFIA AMARILLA O BLANCA 90 HILOS - Arpon Divisi\u00f3n Gr\u00e1fica\" \/>\n<meta property=\"og:description\" content=\"SEDA TELA MALLA PARA SERIGRAFIA AMARILLA O BLANCA 90 HILOS\" \/>\n<meta property=\"og:url\" content=\"https:\/\/arpon.com.ar\/grafica\/productos\/serigrafia\/auxiliares-y-aditivos-textiles\/seda-tela-malla-para-serigrafia-blanca-90-hilos\/\" \/>\n<meta property=\"og:site_name\" content=\"Arpon Divisi\u00f3n Gr\u00e1fica\" \/>\n<meta property=\"article:modified_time\" content=\"2022-09-09T20:00:29+00:00\" \/>\n<meta property=\"og:image\" content=\"https:\/\/arpon.com.ar\/grafica\/wp-content\/uploads\/2022\/09\/TELA-AMA-Y-BLANCA.jpg\" \/>\n\t<meta property=\"og:image:width\" content=\"236\" \/>\n\t<meta property=\"og:image:height\" content=\"214\" \/>\n\t<meta property=\"og:image:type\" content=\"image\/jpeg\" \/>\n<meta name=\"twitter:card\" content=\"summary_large_image\" \/>\n<script type=\"application\/ld+json\" class=\"yoast-schema-graph\">{\"@context\":\"https:\/\/schema.org\",\"@graph\":[{\"@type\":\"WebPage\",\"@id\":\"https:\/\/arpon.com.ar\/grafica\/productos\/serigrafia\/auxiliares-y-aditivos-textiles\/seda-tela-malla-para-serigrafia-blanca-90-hilos\/\",\"url\":\"https:\/\/arpon.com.ar\/grafica\/productos\/serigrafia\/auxiliares-y-aditivos-textiles\/seda-tela-malla-para-serigrafia-blanca-90-hilos\/\",\"name\":\"SEDA TELA MALLA PARA SERIGRAFIA AMARILLA O BLANCA 90 HILOS - Arpon Divisi\u00f3n Gr\u00e1fica\",\"isPartOf\":{\"@id\":\"https:\/\/arpongrafica.com.ar\/#website\"},\"primaryImageOfPage\":{\"@id\":\"https:\/\/arpon.com.ar\/grafica\/productos\/serigrafia\/auxiliares-y-aditivos-textiles\/seda-tela-malla-para-serigrafia-blanca-90-hilos\/#primaryimage\"},\"image\":{\"@id\":\"https:\/\/arpon.com.ar\/grafica\/productos\/serigrafia\/auxiliares-y-aditivos-textiles\/seda-tela-malla-para-serigrafia-blanca-90-hilos\/#primaryimage\"},\"thumbnailUrl\":\"https:\/\/arpon.com.ar\/grafica\/wp-content\/uploads\/2022\/09\/TELA-AMA-Y-BLANCA.jpg\",\"datePublished\":\"2022-09-09T19:53:21+00:00\",\"dateModified\":\"2022-09-09T20:00:29+00:00\",\"description\":\"SEDA TELA MALLA PARA SERIGRAFIA AMARILLA O BLANCA 90 HILOS\",\"breadcrumb\":{\"@id\":\"https:\/\/arpon.com.ar\/grafica\/productos\/serigrafia\/auxiliares-y-aditivos-textiles\/seda-tela-malla-para-serigrafia-blanca-90-hilos\/#breadcrumb\"},\"inLanguage\":\"es\",\"potentialAction\":[{\"@type\":\"ReadAction\",\"target\":[\"https:\/\/arpon.com.ar\/grafica\/productos\/serigrafia\/auxiliares-y-aditivos-textiles\/seda-tela-malla-para-serigrafia-blanca-90-hilos\/\"]}]},{\"@type\":\"ImageObject\",\"inLanguage\":\"es\",\"@id\":\"https:\/\/arpon.com.ar\/grafica\/productos\/serigrafia\/auxiliares-y-aditivos-textiles\/seda-tela-malla-para-serigrafia-blanca-90-hilos\/#primaryimage\",\"url\":\"https:\/\/arpon.com.ar\/grafica\/wp-content\/uploads\/2022\/09\/TELA-AMA-Y-BLANCA.jpg\",\"contentUrl\":\"https:\/\/arpon.com.ar\/grafica\/wp-content\/uploads\/2022\/09\/TELA-AMA-Y-BLANCA.jpg\",\"width\":236,\"height\":214},{\"@type\":\"BreadcrumbList\",\"@id\":\"https:\/\/arpon.com.ar\/grafica\/productos\/serigrafia\/auxiliares-y-aditivos-textiles\/seda-tela-malla-para-serigrafia-blanca-90-hilos\/#breadcrumb\",\"itemListElement\":[{\"@type\":\"ListItem\",\"position\":1,\"name\":\"Portada\",\"item\":\"https:\/\/arpon.com.ar\/grafica\/\"},{\"@type\":\"ListItem\",\"position\":2,\"name\":\"Productos\",\"item\":\"https:\/\/arpon.com.ar\/grafica\/productos\/\"},{\"@type\":\"ListItem\",\"position\":3,\"name\":\"SEDA TELA MALLA PARA SERIGRAFIA AMARILLA O BLANCA 90 HILOS\"}]},{\"@type\":\"WebSite\",\"@id\":\"https:\/\/arpongrafica.com.ar\/#website\",\"url\":\"https:\/\/arpongrafica.com.ar\/\",\"name\":\"Arpon Divisi\u00f3n Gr\u00e1fica\",\"description\":\"Insumos Gr\u00e1ficos y Serigr\u00e1ficos. Asesoramiento t\u00e9cnico, Calidad en servicio y Agilidad en la entrega\",\"publisher\":{\"@id\":\"https:\/\/arpongrafica.com.ar\/#organization\"},\"potentialAction\":[{\"@type\":\"SearchAction\",\"target\":{\"@type\":\"EntryPoint\",\"urlTemplate\":\"https:\/\/arpongrafica.com.ar\/?s={search_term_string}\"},\"query-input\":{\"@type\":\"PropertyValueSpecification\",\"valueRequired\":true,\"valueName\":\"search_term_string\"}}],\"inLanguage\":\"es\"},{\"@type\":\"Organization\",\"@id\":\"https:\/\/arpongrafica.com.ar\/#organization\",\"name\":\"Arp\u00f3n Grafica\",\"url\":\"https:\/\/arpongrafica.com.ar\/\",\"logo\":{\"@type\":\"ImageObject\",\"inLanguage\":\"es\",\"@id\":\"https:\/\/arpongrafica.com.ar\/#\/schema\/logo\/image\/\",\"url\":\"https:\/\/arpongrafica.com.ar\/wp-content\/uploads\/2019\/08\/arpon-grafica1.png\",\"contentUrl\":\"https:\/\/arpongrafica.com.ar\/wp-content\/uploads\/2019\/08\/arpon-grafica1.png\",\"width\":795,\"height\":347,\"caption\":\"Arp\u00f3n Grafica\"},\"image\":{\"@id\":\"https:\/\/arpongrafica.com.ar\/#\/schema\/logo\/image\/\"}}]}<\/script>\n<!-- \/ Yoast SEO plugin. -->","yoast_head_json":{"title":"SEDA TELA MALLA PARA SERIGRAFIA AMARILLA O BLANCA 90 HILOS - Arpon Divisi\u00f3n Gr\u00e1fica","description":"SEDA TELA MALLA PARA SERIGRAFIA AMARILLA O BLANCA 90 HILOS","robots":{"index":"index","follow":"follow","max-snippet":"max-snippet:-1","max-image-preview":"max-image-preview:large","max-video-preview":"max-video-preview:-1"},"canonical":"https:\/\/arpon.com.ar\/grafica\/productos\/serigrafia\/auxiliares-y-aditivos-textiles\/seda-tela-malla-para-serigrafia-blanca-90-hilos\/","og_locale":"es_ES","og_type":"article","og_title":"SEDA TELA MALLA PARA SERIGRAFIA AMARILLA O BLANCA 90 HILOS - Arpon Divisi\u00f3n Gr\u00e1fica","og_description":"SEDA TELA MALLA PARA SERIGRAFIA AMARILLA O BLANCA 90 HILOS","og_url":"https:\/\/arpon.com.ar\/grafica\/productos\/serigrafia\/auxiliares-y-aditivos-textiles\/seda-tela-malla-para-serigrafia-blanca-90-hilos\/","og_site_name":"Arpon Divisi\u00f3n Gr\u00e1fica","article_modified_time":"2022-09-09T20:00:29+00:00","og_image":[{"width":236,"height":214,"url":"https:\/\/arpon.com.ar\/grafica\/wp-content\/uploads\/2022\/09\/TELA-AMA-Y-BLANCA.jpg","type":"image\/jpeg"}],"twitter_card":"summary_large_image","schema":{"@context":"https:\/\/schema.org","@graph":[{"@type":"WebPage","@id":"https:\/\/arpon.com.ar\/grafica\/productos\/serigrafia\/auxiliares-y-aditivos-textiles\/seda-tela-malla-para-serigrafia-blanca-90-hilos\/","url":"https:\/\/arpon.com.ar\/grafica\/productos\/serigrafia\/auxiliares-y-aditivos-textiles\/seda-tela-malla-para-serigrafia-blanca-90-hilos\/","name":"SEDA TELA MALLA PARA SERIGRAFIA AMARILLA O BLANCA 90 HILOS - Arpon Divisi\u00f3n Gr\u00e1fica","isPartOf":{"@id":"https:\/\/arpongrafica.com.ar\/#website"},"primaryImageOfPage":{"@id":"https:\/\/arpon.com.ar\/grafica\/productos\/serigrafia\/auxiliares-y-aditivos-textiles\/seda-tela-malla-para-serigrafia-blanca-90-hilos\/#primaryimage"},"image":{"@id":"https:\/\/arpon.com.ar\/grafica\/productos\/serigrafia\/auxiliares-y-aditivos-textiles\/seda-tela-malla-para-serigrafia-blanca-90-hilos\/#primaryimage"},"thumbnailUrl":"https:\/\/arpon.com.ar\/grafica\/wp-content\/uploads\/2022\/09\/TELA-AMA-Y-BLANCA.jpg","datePublished":"2022-09-09T19:53:21+00:00","dateModified":"2022-09-09T20:00:29+00:00","description":"SEDA TELA MALLA PARA SERIGRAFIA AMARILLA O BLANCA 90 HILOS","breadcrumb":{"@id":"https:\/\/arpon.com.ar\/grafica\/productos\/serigrafia\/auxiliares-y-aditivos-textiles\/seda-tela-malla-para-serigrafia-blanca-90-hilos\/#breadcrumb"},"inLanguage":"es","potentialAction":[{"@type":"ReadAction","target":["https:\/\/arpon.com.ar\/grafica\/productos\/serigrafia\/auxiliares-y-aditivos-textiles\/seda-tela-malla-para-serigrafia-blanca-90-hilos\/"]}]},{"@type":"ImageObject","inLanguage":"es","@id":"https:\/\/arpon.com.ar\/grafica\/productos\/serigrafia\/auxiliares-y-aditivos-textiles\/seda-tela-malla-para-serigrafia-blanca-90-hilos\/#primaryimage","url":"https:\/\/arpon.com.ar\/grafica\/wp-content\/uploads\/2022\/09\/TELA-AMA-Y-BLANCA.jpg","contentUrl":"https:\/\/arpon.com.ar\/grafica\/wp-content\/uploads\/2022\/09\/TELA-AMA-Y-BLANCA.jpg","width":236,"height":214},{"@type":"BreadcrumbList","@id":"https:\/\/arpon.com.ar\/grafica\/productos\/serigrafia\/auxiliares-y-aditivos-textiles\/seda-tela-malla-para-serigrafia-blanca-90-hilos\/#breadcrumb","itemListElement":[{"@type":"ListItem","position":1,"name":"Portada","item":"https:\/\/arpon.com.ar\/grafica\/"},{"@type":"ListItem","position":2,"name":"Productos","item":"https:\/\/arpon.com.ar\/grafica\/productos\/"},{"@type":"ListItem","position":3,"name":"SEDA TELA MALLA PARA SERIGRAFIA AMARILLA O BLANCA 90 HILOS"}]},{"@type":"WebSite","@id":"https:\/\/arpongrafica.com.ar\/#website","url":"https:\/\/arpongrafica.com.ar\/","name":"Arpon Divisi\u00f3n Gr\u00e1fica","description":"Insumos Gr\u00e1ficos y Serigr\u00e1ficos. Asesoramiento t\u00e9cnico, Calidad en servicio y Agilidad en la entrega","publisher":{"@id":"https:\/\/arpongrafica.com.ar\/#organization"},"potentialAction":[{"@type":"SearchAction","target":{"@type":"EntryPoint","urlTemplate":"https:\/\/arpongrafica.com.ar\/?s={search_term_string}"},"query-input":{"@type":"PropertyValueSpecification","valueRequired":true,"valueName":"search_term_string"}}],"inLanguage":"es"},{"@type":"Organization","@id":"https:\/\/arpongrafica.com.ar\/#organization","name":"Arp\u00f3n Grafica","url":"https:\/\/arpongrafica.com.ar\/","logo":{"@type":"ImageObject","inLanguage":"es","@id":"https:\/\/arpongrafica.com.ar\/#\/schema\/logo\/image\/","url":"https:\/\/arpongrafica.com.ar\/wp-content\/uploads\/2019\/08\/arpon-grafica1.png","contentUrl":"https:\/\/arpongrafica.com.ar\/wp-content\/uploads\/2019\/08\/arpon-grafica1.png","width":795,"height":347,"caption":"Arp\u00f3n Grafica"},"image":{"@id":"https:\/\/arpongrafica.com.ar\/#\/schema\/logo\/image\/"}}]}},"_links":{"self":[{"href":"https:\/\/arpon.com.ar\/grafica\/wp-json\/wp\/v2\/product\/904","targetHints":{"allow":["GET"]}}],"collection":[{"href":"https:\/\/arpon.com.ar\/grafica\/wp-json\/wp\/v2\/product"}],"about":[{"href":"https:\/\/arpon.com.ar\/grafica\/wp-json\/wp\/v2\/types\/product"}],"replies":[{"embeddable":true,"href":"https:\/\/arpon.com.ar\/grafica\/wp-json\/wp\/v2\/comments?post=904"}],"wp:featuredmedia":[{"embeddable":true,"href":"https:\/\/arpon.com.ar\/grafica\/wp-json\/wp\/v2\/media\/905"}],"wp:attachment":[{"href":"https:\/\/arpon.com.ar\/grafica\/wp-json\/wp\/v2\/media?parent=904"}],"wp:term":[{"taxonomy":"product_brand","embeddable":true,"href":"https:\/\/arpon.com.ar\/grafica\/wp-json\/wp\/v2\/product_brand?post=904"},{"taxonomy":"product_cat","embeddable":true,"href":"https:\/\/arpon.com.ar\/grafica\/wp-json\/wp\/v2\/product_cat?post=904"},{"taxonomy":"product_tag","embeddable":true,"href":"https:\/\/arpon.com.ar\/grafica\/wp-json\/wp\/v2\/product_tag?post=904"}],"curies":[{"name":"wp","href":"https:\/\/api.w.org\/{rel}","templated":true}]}}