{"id":923,"date":"2022-10-19T22:48:23","date_gmt":"2022-10-20T01:48:23","guid":{"rendered":"http:\/\/arpon.com.ar\/grafica\/?post_type=product&#038;p=923"},"modified":"2022-10-24T14:15:39","modified_gmt":"2022-10-24T17:15:39","slug":"poliprint-tinta-pintesint-x-kg","status":"publish","type":"product","link":"https:\/\/arpon.com.ar\/grafica\/productos\/serigrafia\/tintas-bases-y-pigmentos-textil-serigrafia\/poliprint-tinta-pintesint-x-kg\/","title":{"rendered":"PINTESINT TINTA POLIPRINT X KG."},"content":{"rendered":"<p>Es una tinta al aguarr\u00e1s, de acabado brillante. Su secado por oxidaci\u00f3n es muy r\u00e1pido. Posee buena resistencia a los detergentes, hipocloritos, aceites, etc.<\/p>\n<p><strong>Impresi\u00f3n<\/strong><\/p>\n<p>Manual y semi-autom\u00e1tica malla de 110-140 hilos\\cm<\/p>\n<p><strong>Secado<\/strong><\/p>\n<p>Oxidaci\u00f3n a temperatura ambiente de 15 a 20 min seg\u00fan el espesor de pel\u00edcula.<\/p>\n<p>Dureza total: 4 a 6 horas<\/p>\n<p><strong>Rendimiento<\/strong> Variable seg\u00fan su uso, de acuerdo al substrato a imprimir<\/p>\n<p><strong>Diluci\u00f3n<\/strong> Aguarr\u00e1s<\/p>\n<p><strong>Aditivos<\/strong> auxiliares Retardante 140 (C\u00f3digo 9140)<\/p>\n<p><strong>Limpieza<\/strong> Aguarr\u00e1s<\/p>\n","protected":false},"excerpt":{"rendered":"<p>Es una tinta al aguarras de alto brillo para la impresion en papel, carton, madera, polietileno y polipropileno tratado.<\/p>\n<p><strong>Aplicaciones:<\/strong><\/p>\n<p>Entre sus virtudes principales se encuentra una amplia gama de sustratos sobre los que adhiere, a saber: el polietileno tratado (Alta y baja densidad), polipropileno tratado, y otros materiales absorbentes como cart\u00f3n corrugado, madera y papel.<\/p>\n<p><strong>Gama de colores<\/strong><\/p>\n<p>3110 Blanco 3120 Amarillo Lim\u00f3n 3122 Amarillo Mediano 3140 Incoloro 3150 Naranja 3152 Rojo 3154 Magenta 3160 Verde 3170 Azul Real 3172 Azul Ultramar 3173 Violeta 3190 Negro<\/p>\n","protected":false},"featured_media":939,"comment_status":"open","ping_status":"closed","template":"","meta":{"_joinchat":[]},"product_brand":[],"product_cat":[26,32],"product_tag":[],"class_list":{"0":"post-923","1":"product","2":"type-product","3":"status-publish","4":"has-post-thumbnail","6":"product_cat-serigrafia","7":"product_cat-tintas-bases-y-pigmentos-textil-serigrafia","9":"first","10":"instock","11":"shipping-taxable","12":"product-type-simple"},"yoast_head":"<!-- This site is optimized with the Yoast SEO plugin v26.6 - https:\/\/yoast.com\/wordpress\/plugins\/seo\/ -->\n<title>PINTESINT TINTA POLIPRINT X KG. - Arpon Divisi\u00f3n Gr\u00e1fica<\/title>\n<meta name=\"description\" content=\"PINTESINT TINTA POLIPRINT X KG.\" \/>\n<meta name=\"robots\" content=\"index, follow, max-snippet:-1, max-image-preview:large, max-video-preview:-1\" \/>\n<link rel=\"canonical\" href=\"https:\/\/arpon.com.ar\/grafica\/productos\/serigrafia\/tintas-bases-y-pigmentos-textil-serigrafia\/poliprint-tinta-pintesint-x-kg\/\" \/>\n<meta property=\"og:locale\" content=\"es_ES\" \/>\n<meta property=\"og:type\" content=\"article\" \/>\n<meta property=\"og:title\" content=\"PINTESINT TINTA POLIPRINT X KG. - Arpon Divisi\u00f3n Gr\u00e1fica\" \/>\n<meta property=\"og:description\" content=\"PINTESINT TINTA POLIPRINT X KG.\" \/>\n<meta property=\"og:url\" content=\"https:\/\/arpon.com.ar\/grafica\/productos\/serigrafia\/tintas-bases-y-pigmentos-textil-serigrafia\/poliprint-tinta-pintesint-x-kg\/\" \/>\n<meta property=\"og:site_name\" content=\"Arpon Divisi\u00f3n Gr\u00e1fica\" \/>\n<meta property=\"article:modified_time\" content=\"2022-10-24T17:15:39+00:00\" \/>\n<meta property=\"og:image\" content=\"https:\/\/arpon.com.ar\/grafica\/wp-content\/uploads\/2022\/10\/polip.jpeg\" \/>\n\t<meta property=\"og:image:width\" content=\"1161\" \/>\n\t<meta property=\"og:image:height\" content=\"1480\" \/>\n\t<meta property=\"og:image:type\" content=\"image\/jpeg\" \/>\n<meta name=\"twitter:card\" content=\"summary_large_image\" \/>\n<script type=\"application\/ld+json\" class=\"yoast-schema-graph\">{\"@context\":\"https:\/\/schema.org\",\"@graph\":[{\"@type\":\"WebPage\",\"@id\":\"https:\/\/arpon.com.ar\/grafica\/productos\/serigrafia\/tintas-bases-y-pigmentos-textil-serigrafia\/poliprint-tinta-pintesint-x-kg\/\",\"url\":\"https:\/\/arpon.com.ar\/grafica\/productos\/serigrafia\/tintas-bases-y-pigmentos-textil-serigrafia\/poliprint-tinta-pintesint-x-kg\/\",\"name\":\"PINTESINT TINTA POLIPRINT X KG. - Arpon Divisi\u00f3n Gr\u00e1fica\",\"isPartOf\":{\"@id\":\"https:\/\/arpongrafica.com.ar\/#website\"},\"primaryImageOfPage\":{\"@id\":\"https:\/\/arpon.com.ar\/grafica\/productos\/serigrafia\/tintas-bases-y-pigmentos-textil-serigrafia\/poliprint-tinta-pintesint-x-kg\/#primaryimage\"},\"image\":{\"@id\":\"https:\/\/arpon.com.ar\/grafica\/productos\/serigrafia\/tintas-bases-y-pigmentos-textil-serigrafia\/poliprint-tinta-pintesint-x-kg\/#primaryimage\"},\"thumbnailUrl\":\"https:\/\/arpon.com.ar\/grafica\/wp-content\/uploads\/2022\/10\/polip.jpeg\",\"datePublished\":\"2022-10-20T01:48:23+00:00\",\"dateModified\":\"2022-10-24T17:15:39+00:00\",\"description\":\"PINTESINT TINTA POLIPRINT X KG.\",\"breadcrumb\":{\"@id\":\"https:\/\/arpon.com.ar\/grafica\/productos\/serigrafia\/tintas-bases-y-pigmentos-textil-serigrafia\/poliprint-tinta-pintesint-x-kg\/#breadcrumb\"},\"inLanguage\":\"es\",\"potentialAction\":[{\"@type\":\"ReadAction\",\"target\":[\"https:\/\/arpon.com.ar\/grafica\/productos\/serigrafia\/tintas-bases-y-pigmentos-textil-serigrafia\/poliprint-tinta-pintesint-x-kg\/\"]}]},{\"@type\":\"ImageObject\",\"inLanguage\":\"es\",\"@id\":\"https:\/\/arpon.com.ar\/grafica\/productos\/serigrafia\/tintas-bases-y-pigmentos-textil-serigrafia\/poliprint-tinta-pintesint-x-kg\/#primaryimage\",\"url\":\"https:\/\/arpon.com.ar\/grafica\/wp-content\/uploads\/2022\/10\/polip.jpeg\",\"contentUrl\":\"https:\/\/arpon.com.ar\/grafica\/wp-content\/uploads\/2022\/10\/polip.jpeg\",\"width\":1161,\"height\":1480},{\"@type\":\"BreadcrumbList\",\"@id\":\"https:\/\/arpon.com.ar\/grafica\/productos\/serigrafia\/tintas-bases-y-pigmentos-textil-serigrafia\/poliprint-tinta-pintesint-x-kg\/#breadcrumb\",\"itemListElement\":[{\"@type\":\"ListItem\",\"position\":1,\"name\":\"Portada\",\"item\":\"https:\/\/arpon.com.ar\/grafica\/\"},{\"@type\":\"ListItem\",\"position\":2,\"name\":\"Productos\",\"item\":\"https:\/\/arpon.com.ar\/grafica\/productos\/\"},{\"@type\":\"ListItem\",\"position\":3,\"name\":\"PINTESINT TINTA POLIPRINT X KG.\"}]},{\"@type\":\"WebSite\",\"@id\":\"https:\/\/arpongrafica.com.ar\/#website\",\"url\":\"https:\/\/arpongrafica.com.ar\/\",\"name\":\"Arpon Divisi\u00f3n Gr\u00e1fica\",\"description\":\"Insumos Gr\u00e1ficos y Serigr\u00e1ficos. Asesoramiento t\u00e9cnico, Calidad en servicio y Agilidad en la entrega\",\"publisher\":{\"@id\":\"https:\/\/arpongrafica.com.ar\/#organization\"},\"potentialAction\":[{\"@type\":\"SearchAction\",\"target\":{\"@type\":\"EntryPoint\",\"urlTemplate\":\"https:\/\/arpongrafica.com.ar\/?s={search_term_string}\"},\"query-input\":{\"@type\":\"PropertyValueSpecification\",\"valueRequired\":true,\"valueName\":\"search_term_string\"}}],\"inLanguage\":\"es\"},{\"@type\":\"Organization\",\"@id\":\"https:\/\/arpongrafica.com.ar\/#organization\",\"name\":\"Arp\u00f3n Grafica\",\"url\":\"https:\/\/arpongrafica.com.ar\/\",\"logo\":{\"@type\":\"ImageObject\",\"inLanguage\":\"es\",\"@id\":\"https:\/\/arpongrafica.com.ar\/#\/schema\/logo\/image\/\",\"url\":\"https:\/\/arpongrafica.com.ar\/wp-content\/uploads\/2019\/08\/arpon-grafica1.png\",\"contentUrl\":\"https:\/\/arpongrafica.com.ar\/wp-content\/uploads\/2019\/08\/arpon-grafica1.png\",\"width\":795,\"height\":347,\"caption\":\"Arp\u00f3n Grafica\"},\"image\":{\"@id\":\"https:\/\/arpongrafica.com.ar\/#\/schema\/logo\/image\/\"}}]}<\/script>\n<!-- \/ Yoast SEO plugin. -->","yoast_head_json":{"title":"PINTESINT TINTA POLIPRINT X KG. - Arpon Divisi\u00f3n Gr\u00e1fica","description":"PINTESINT TINTA POLIPRINT X KG.","robots":{"index":"index","follow":"follow","max-snippet":"max-snippet:-1","max-image-preview":"max-image-preview:large","max-video-preview":"max-video-preview:-1"},"canonical":"https:\/\/arpon.com.ar\/grafica\/productos\/serigrafia\/tintas-bases-y-pigmentos-textil-serigrafia\/poliprint-tinta-pintesint-x-kg\/","og_locale":"es_ES","og_type":"article","og_title":"PINTESINT TINTA POLIPRINT X KG. - Arpon Divisi\u00f3n Gr\u00e1fica","og_description":"PINTESINT TINTA POLIPRINT X KG.","og_url":"https:\/\/arpon.com.ar\/grafica\/productos\/serigrafia\/tintas-bases-y-pigmentos-textil-serigrafia\/poliprint-tinta-pintesint-x-kg\/","og_site_name":"Arpon Divisi\u00f3n Gr\u00e1fica","article_modified_time":"2022-10-24T17:15:39+00:00","og_image":[{"width":1161,"height":1480,"url":"https:\/\/arpon.com.ar\/grafica\/wp-content\/uploads\/2022\/10\/polip.jpeg","type":"image\/jpeg"}],"twitter_card":"summary_large_image","schema":{"@context":"https:\/\/schema.org","@graph":[{"@type":"WebPage","@id":"https:\/\/arpon.com.ar\/grafica\/productos\/serigrafia\/tintas-bases-y-pigmentos-textil-serigrafia\/poliprint-tinta-pintesint-x-kg\/","url":"https:\/\/arpon.com.ar\/grafica\/productos\/serigrafia\/tintas-bases-y-pigmentos-textil-serigrafia\/poliprint-tinta-pintesint-x-kg\/","name":"PINTESINT TINTA POLIPRINT X KG. - Arpon Divisi\u00f3n Gr\u00e1fica","isPartOf":{"@id":"https:\/\/arpongrafica.com.ar\/#website"},"primaryImageOfPage":{"@id":"https:\/\/arpon.com.ar\/grafica\/productos\/serigrafia\/tintas-bases-y-pigmentos-textil-serigrafia\/poliprint-tinta-pintesint-x-kg\/#primaryimage"},"image":{"@id":"https:\/\/arpon.com.ar\/grafica\/productos\/serigrafia\/tintas-bases-y-pigmentos-textil-serigrafia\/poliprint-tinta-pintesint-x-kg\/#primaryimage"},"thumbnailUrl":"https:\/\/arpon.com.ar\/grafica\/wp-content\/uploads\/2022\/10\/polip.jpeg","datePublished":"2022-10-20T01:48:23+00:00","dateModified":"2022-10-24T17:15:39+00:00","description":"PINTESINT TINTA POLIPRINT X KG.","breadcrumb":{"@id":"https:\/\/arpon.com.ar\/grafica\/productos\/serigrafia\/tintas-bases-y-pigmentos-textil-serigrafia\/poliprint-tinta-pintesint-x-kg\/#breadcrumb"},"inLanguage":"es","potentialAction":[{"@type":"ReadAction","target":["https:\/\/arpon.com.ar\/grafica\/productos\/serigrafia\/tintas-bases-y-pigmentos-textil-serigrafia\/poliprint-tinta-pintesint-x-kg\/"]}]},{"@type":"ImageObject","inLanguage":"es","@id":"https:\/\/arpon.com.ar\/grafica\/productos\/serigrafia\/tintas-bases-y-pigmentos-textil-serigrafia\/poliprint-tinta-pintesint-x-kg\/#primaryimage","url":"https:\/\/arpon.com.ar\/grafica\/wp-content\/uploads\/2022\/10\/polip.jpeg","contentUrl":"https:\/\/arpon.com.ar\/grafica\/wp-content\/uploads\/2022\/10\/polip.jpeg","width":1161,"height":1480},{"@type":"BreadcrumbList","@id":"https:\/\/arpon.com.ar\/grafica\/productos\/serigrafia\/tintas-bases-y-pigmentos-textil-serigrafia\/poliprint-tinta-pintesint-x-kg\/#breadcrumb","itemListElement":[{"@type":"ListItem","position":1,"name":"Portada","item":"https:\/\/arpon.com.ar\/grafica\/"},{"@type":"ListItem","position":2,"name":"Productos","item":"https:\/\/arpon.com.ar\/grafica\/productos\/"},{"@type":"ListItem","position":3,"name":"PINTESINT TINTA POLIPRINT X KG."}]},{"@type":"WebSite","@id":"https:\/\/arpongrafica.com.ar\/#website","url":"https:\/\/arpongrafica.com.ar\/","name":"Arpon Divisi\u00f3n Gr\u00e1fica","description":"Insumos Gr\u00e1ficos y Serigr\u00e1ficos. Asesoramiento t\u00e9cnico, Calidad en servicio y Agilidad en la entrega","publisher":{"@id":"https:\/\/arpongrafica.com.ar\/#organization"},"potentialAction":[{"@type":"SearchAction","target":{"@type":"EntryPoint","urlTemplate":"https:\/\/arpongrafica.com.ar\/?s={search_term_string}"},"query-input":{"@type":"PropertyValueSpecification","valueRequired":true,"valueName":"search_term_string"}}],"inLanguage":"es"},{"@type":"Organization","@id":"https:\/\/arpongrafica.com.ar\/#organization","name":"Arp\u00f3n Grafica","url":"https:\/\/arpongrafica.com.ar\/","logo":{"@type":"ImageObject","inLanguage":"es","@id":"https:\/\/arpongrafica.com.ar\/#\/schema\/logo\/image\/","url":"https:\/\/arpongrafica.com.ar\/wp-content\/uploads\/2019\/08\/arpon-grafica1.png","contentUrl":"https:\/\/arpongrafica.com.ar\/wp-content\/uploads\/2019\/08\/arpon-grafica1.png","width":795,"height":347,"caption":"Arp\u00f3n Grafica"},"image":{"@id":"https:\/\/arpongrafica.com.ar\/#\/schema\/logo\/image\/"}}]}},"_links":{"self":[{"href":"https:\/\/arpon.com.ar\/grafica\/wp-json\/wp\/v2\/product\/923","targetHints":{"allow":["GET"]}}],"collection":[{"href":"https:\/\/arpon.com.ar\/grafica\/wp-json\/wp\/v2\/product"}],"about":[{"href":"https:\/\/arpon.com.ar\/grafica\/wp-json\/wp\/v2\/types\/product"}],"replies":[{"embeddable":true,"href":"https:\/\/arpon.com.ar\/grafica\/wp-json\/wp\/v2\/comments?post=923"}],"wp:featuredmedia":[{"embeddable":true,"href":"https:\/\/arpon.com.ar\/grafica\/wp-json\/wp\/v2\/media\/939"}],"wp:attachment":[{"href":"https:\/\/arpon.com.ar\/grafica\/wp-json\/wp\/v2\/media?parent=923"}],"wp:term":[{"taxonomy":"product_brand","embeddable":true,"href":"https:\/\/arpon.com.ar\/grafica\/wp-json\/wp\/v2\/product_brand?post=923"},{"taxonomy":"product_cat","embeddable":true,"href":"https:\/\/arpon.com.ar\/grafica\/wp-json\/wp\/v2\/product_cat?post=923"},{"taxonomy":"product_tag","embeddable":true,"href":"https:\/\/arpon.com.ar\/grafica\/wp-json\/wp\/v2\/product_tag?post=923"}],"curies":[{"name":"wp","href":"https:\/\/api.w.org\/{rel}","templated":true}]}}